{"id":1442,"date":"2026-01-20T12:08:23","date_gmt":"2026-01-20T12:08:23","guid":{"rendered":"https:\/\/bonuskongcasino.com\/app-2\/"},"modified":"2026-03-05T13:42:55","modified_gmt":"2026-03-05T13:42:55","slug":"app","status":"publish","type":"page","link":"https:\/\/thetesorcasino.com\/de\/app\/","title":{"rendered":"App"},"content":{"rendered":"<h1>Mobile Plattform von Tesorcasino<\/h1>\n<p>Die Tesorcasino App wird Ihre Meinung \u00fcber den Komfort der Mobilit\u00e4t \u00e4ndern. Die App ist bequem und leicht zug\u00e4nglich und erm\u00f6glicht es Spielern, eine vielf\u00e4ltige Auswahl an Spielerlebnissen aus unserem Katalog mit \u00fcber 6.000 Titeln zu genie\u00dfen. Tesor Casino bietet mobilen Spielern integrierte Boni, Aktionen und Turniere, sodass sie die M\u00f6glichkeiten ihres Spiels \u00fcberall optimieren k\u00f6nnen. Dank des benutzerfreundlichen Designs und der zuverl\u00e4ssigen Leistung k\u00f6nnen Sie die Online-Spiele von Tesorcasino m\u00fchelos \u00fcberall spielen.<\/p>\n<div class=\"banner-wrap\" aria-label=\"Banner\"><img src=\"https:\/\/thetesorcasino.com\/wp-content\/uploads\/2026\/03\/tesorcasino-bnr-pc-2.webp\" class=\"w-100 d-none d-lg-block img-pc main-banner-img\" alt=\"tesorcasino banner desktop\" fetchpriority=\"high\" decoding=\"async\"><img src=\"https:\/\/thetesorcasino.com\/wp-content\/uploads\/2026\/03\/tesorcasino-banner-mobile.webp\" class=\"w-100 d-none d-md-block d-lg-none main-banner-img\" alt=\"tesorcasino banner mobile\" fetchpriority=\"high\" decoding=\"async\"><img src=\"https:\/\/thetesorcasino.com\/wp-content\/uploads\/2026\/03\/tesorcasino-banner-mobile.webp\" class=\"w-100 d-md-none\" alt=\"tesorcasino banner mobile\" fetchpriority=\"high\" decoding=\"async\"><div class=\"banner-description\">\n<div class=\"banner-title\">Willkommensboni<\/div>\n<p class=\"banner-header-title\">\u20ac3,000<\/p>\n<div class=\"banner-header-AdditionalText\">+ 300 Freispiele<\/div>\n<button data-item=\"homepage_banner_link\" class=\"goto m-button m-gradient-border m-button--primary m-button--large banner-button btn-orange\">\n            <div class=\"m-button-content\">\n                <span>Jetzt anmelden<\/span>\n                <span><\/span>\n            <\/div>\n        <\/button>\n<\/div>\n<div class=\"WelcomePack\">\n<p><img loading=\"lazy\" decoding=\"async\" class=\"alignnone size-full wp-image-2022\" src=\"https:\/\/thetesorcasino.com\/wp-content\/uploads\/welcome-crown.png\" alt=\"welcome crown\" width=\"25\" height=\"26\" \/><\/p>\n<div class=\"WelcomePack-Info\">W\u00f6chentlicher Cashback von bis zu 25 %<\/div>\n<p><img loading=\"lazy\" decoding=\"async\" class=\"alignnone size-full wp-image-2022\" src=\"https:\/\/thetesorcasino.com\/wp-content\/uploads\/welcome-crown.png\" alt=\"welcome crown\" width=\"25\" height=\"26\" \/><\/p>\n<\/div>\n<\/div>\n<h2>Verwendung von Tesor Casino auf Mobilger\u00e4ten<\/h2>\n<p>Die Tesorcasino App ist so optimiert, dass sie ein effizientes mobiles Spielerlebnis bietet. Sie ist vielseitig und hilft Spielern, ihre bevorzugten Online-Slots, Tischspiele und Live-Dealer-Optionen bequem zu nutzen. Die mobile Plattform von Tesorcasino ist immer f\u00fcr Sie verf\u00fcgbar. Ist das nicht perfekt? Genau wie auf dem Desktop k\u00f6nnen Sie auf den gesamten Spielekatalog zugreifen, \u00fcberall klicken, den KYC Verifizierungsprozess durchlaufen, Geld einzahlen, abheben, an Turnieren teilnehmen, den Verlauf \u00fcberpr\u00fcfen und viele andere coole Aktivit\u00e4ten durchf\u00fchren, die wir bei Tesor Casino anbieten. Wir unterst\u00fctzen verschiedene Ger\u00e4te, die flexibel und bequem f\u00fcr alle Spieler sind. Und das Beste daran? Der Kundensupport ist ebenfalls jederzeit f\u00fcr Sie da.<\/p>\n<p><div class=\"scrollable-content-wrap my-5\"><div class=\"scrollable-content-inner\"><h2>Tesorcasino Android PWA<\/h2>\n<p>Die Progressive Web App (PWA) von Tesorcasino auf Android hat gegen\u00fcber herk\u00f6mmlichen Anwendungen und APK-Dateien erhebliche Vorteile. Die PWA ist leichtgewichtig und schnell. Es sind keine l\u00e4stigen Downloads von anderen Orten oder Stores erforderlich. Wir wissen, dass herk\u00f6mmliche APK-Dateien weniger Speicherplatz ben\u00f6tigen und schneller heruntergeladen werden k\u00f6nnen. Aber die PWA ist anders. Dank ihrer webbasierten Struktur erhalten Sie automatische Updates. Spieler verf\u00fcgen \u00fcber alle aktuellen Funktionen von Tesor Casino, ohne manuelle Eingriffe oder System-Updates. Die Technologie bietet ein effektives und sicheres Spielerlebnis, schnelles Laden der Inhalte und einfache Navigation.<\/p>\n<h2>Vorteile von PWAs gegen\u00fcber herk\u00f6mmlichen Apps und APKs<\/h2>\n<p>Warum ist PWA so viel besser? Das k\u00f6nnen wir Ihnen ganz einfach erkl\u00e4ren! PWA hat gegen\u00fcber herk\u00f6mmlichen Apps und APKs zahlreiche Vorteile. Zum Beispiel:<\/p>\n<ul>\n<li>Keine Downloads erforderlich: Im Vergleich zu APK-Dateien kann die PWA sogar in Browsern ge\u00f6ffnet werden \u2013 daher ist keine Installation erforderlich.<\/li>\n<li>Automatische Updates: Die PWA wird automatisch im Hintergrund aktualisiert, sodass Spieler gl\u00fccklicherweise immer die neueste Version genie\u00dfen k\u00f6nnen.<\/li>\n<li>Kompatibilit\u00e4t mit Ger\u00e4ten: Die App ist mit vielen Android-Ger\u00e4ten kompatibel und nicht auf bestimmte Ger\u00e4te beschr\u00e4nkt (es sei denn, Sie spielen auf dem Handy Ihrer Gro\u00dfmutter), sodass die meisten Smartphones unser mobiles Casino hervorragend ausf\u00fchren k\u00f6nnen.<\/li>\n<li>Speichereffizienz: Als webbasierte L\u00f6sung ben\u00f6tigt unsere Tesorcasino-PWA nur wenig Speicherplatz auf dem Ger\u00e4t.<\/li>\n<li>Erh\u00f6hte Sicherheit: PWAs basieren auf dem HTTPS-Protokoll, das ein hohes Ma\u00df an Sicherheit f\u00fcr alle Transaktionen und Spielvorg\u00e4nge bietet.<\/li>\n<\/ul>\n<p>Wie Sie sehen, ist es eine gute Idee, unsere Tesorcasino App auszuprobieren, um sich selbst von all den Vorteilen zu \u00fcberzeugen.<\/p>\n<p><img loading=\"lazy\" decoding=\"async\" class=\"alignnone size-full wp-image-1981\" src=\"https:\/\/thetesorcasino.com\/wp-content\/uploads\/2026\/03\/Tesorcasino-Android.webp\" alt=\"Tesorcasino Android\" width=\"1248\" height=\"536\" srcset=\"https:\/\/thetesorcasino.com\/wp-content\/uploads\/2026\/03\/Tesorcasino-Android.webp 1248w, https:\/\/thetesorcasino.com\/wp-content\/uploads\/2026\/03\/Tesorcasino-Android-300x129.webp 300w, https:\/\/thetesorcasino.com\/wp-content\/uploads\/2026\/03\/Tesorcasino-Android-1024x440.webp 1024w, https:\/\/thetesorcasino.com\/wp-content\/uploads\/2026\/03\/Tesorcasino-Android-768x330.webp 768w\" sizes=\"auto, (max-width: 1248px) 100vw, 1248px\" \/><\/p>\n<\/div><\/div><div style=\"clear: both\"><\/div><div class=\"d-flex justify-content-center\"><button data-item=\"decouvrez_link\" data-group=\"website_links\" class=\"goto fw-bold rounded-pill btn btn-orange\" aria-label=\"Laden Sie die Tesorcasino-App herunter\" >Laden Sie die Tesorcasino-App herunter<\/button><\/div><div class=\"scrollable-content-wrap my-5\"><div class=\"scrollable-content-inner\"><h2>Tesorcasino iOS Mobile App<\/h2>\n<p>Auch die Tesorcasino iPhone-Anwendung wird Sie angenehm \u00fcberraschen. Wir bieten ein verbessertes Erlebnis f\u00fcr Nutzer von Apple-Produkten. Alle Casino-Funktionen, wie Online-Slots, Live-Casino-Spiele, B\u00fccher und aktuelle Turniere, sind schnell verf\u00fcgbar. Die App ist au\u00dferdem benutzerfreundlich und die Schaltfl\u00e4chen sind nicht zu klein \u2013 alles ist angenehm f\u00fcr die Augen.<\/p>\n<p>Die Navigation ist einfach und die Spiele werden sehr schnell geladen. Sicherheit und Datenschutz sind erstklassig. Die App erf\u00fcllt die strengen Anforderungen von Apple, um eine sichere Spielumgebung zu gew\u00e4hrleisten.<\/p>\n<p><img loading=\"lazy\" decoding=\"async\" class=\"alignnone size-full wp-image-1997\" src=\"https:\/\/thetesorcasino.com\/wp-content\/uploads\/2026\/03\/Tesorcasino-iOS.webp\" alt=\"Tesorcasino iOS\" width=\"1248\" height=\"536\" srcset=\"https:\/\/thetesorcasino.com\/wp-content\/uploads\/2026\/03\/Tesorcasino-iOS.webp 1248w, https:\/\/thetesorcasino.com\/wp-content\/uploads\/2026\/03\/Tesorcasino-iOS-300x129.webp 300w, https:\/\/thetesorcasino.com\/wp-content\/uploads\/2026\/03\/Tesorcasino-iOS-1024x440.webp 1024w, https:\/\/thetesorcasino.com\/wp-content\/uploads\/2026\/03\/Tesorcasino-iOS-768x330.webp 768w\" sizes=\"auto, (max-width: 1248px) 100vw, 1248px\" \/><\/p>\n<\/div><\/div><div style=\"clear: both\"><\/div><div class=\"d-flex justify-content-center\"><button data-item=\"decouvrez_link\" data-group=\"website_links\" class=\"goto fw-bold rounded-pill btn btn-orange\" aria-label=\"Tesorcasino herunterladen\" >Tesorcasino herunterladen<\/button><\/div><div class=\"scrollable-content-wrap my-5\"><div class=\"scrollable-content-inner\"><h2>Windows- und macOS-Anwendungen<\/h2>\n<p>Und nat\u00fcrlich w\u00e4re nichts komplett ohne das Tesor Casino f\u00fcr Desktops \u2013 schlie\u00dflich m\u00f6chte jeder es in voller 3D-Qualit\u00e4t erleben, oder?<\/p>\n<p>Deshalb haben wir Desktop-Versionen f\u00fcr Windows und Mac entwickelt. Spieler, die Desktop-Spiele lieben, erwartet eine leistungsstarke und stabile Spielumgebung. Die Desktop-Versionen sind mit allen Casino-Funktionen kompatibel. Alles ist so, wie es sein sollte \u2013 unsere B\u00fcchersammlungen, unsere Pokerbattles, laute sich drehende R\u00e4der und eine Atmosph\u00e4re des Sieges! Windows- und macOS-Anwendungen unterst\u00fctzen gro\u00dfe Monitore und schnelle Internetverbindungen und sorgen so f\u00fcr ein sehr immersives Spielerlebnis.<\/p>\n<table>\n<tbody>\n<tr>\n<td>Funktion<\/td>\n<td>Windows-Anwendung<\/td>\n<td>macOS-Anwendung<\/td>\n<\/tr>\n<tr>\n<td>Kompatibilit\u00e4t<\/td>\n<td>Entwickelt f\u00fcr Windows-Betriebssysteme<\/td>\n<td>Speziell f\u00fcr macOS entwickelt<\/td>\n<\/tr>\n<tr>\n<td>Leistung<\/td>\n<td>Hohe Leistung, optimiert f\u00fcr Windows-Hardware und -Browser<\/td>\n<td>Stabile und fl\u00fcssige Leistung auf Mac- und Apple-Ger\u00e4ten<\/td>\n<\/tr>\n<tr>\n<td>Benutzererfahrung<\/td>\n<td>Voller Zugriff auf alle Casino-Funktionen, intuitive Benutzeroberfl\u00e4che<\/td>\n<td>Nahtlose Integration in die Mac-Benutzeroberfl\u00e4che, benutzerfreundlich<\/td>\n<\/tr>\n<tr>\n<td>Funktionen<\/td>\n<td>Alle Funktionen: Slots, Poker, Live-Dealer, Boni<\/td>\n<td>Umfassender Funktionsumfang, einschlie\u00dflich Live-Spielen und Werbeaktionen<\/td>\n<\/tr>\n<tr>\n<td>Anzeige &amp; Grafik<\/td>\n<td>Unterst\u00fctzt gro\u00dfe Monitore und hochaufl\u00f6sende Displays<\/td>\n<td>Optimiert f\u00fcr MAC-Eigenschaften<\/td>\n<\/tr>\n<tr>\n<td>Browser<\/td>\n<td>Google Chrome, Mozilla Firefox, Brave, Opera<\/td>\n<td>Safari, Google Chrome, Firefox, Microsoft Edge, Brave und Vivaldi<\/td>\n<\/tr>\n<tr>\n<td>Kompatibilit\u00e4t<\/td>\n<td>Kompatibel mit Desktops und High-End-Gaming-Setups<\/td>\n<td>Unterst\u00fctzt verschiedene Mac-Modelle, von MacBook bis iMac<\/td>\n<\/tr>\n<\/tbody>\n<\/table>\n<p><img loading=\"lazy\" decoding=\"async\" class=\"alignnone size-full wp-image-1989\" src=\"https:\/\/thetesorcasino.com\/wp-content\/uploads\/2026\/03\/Tesorcasino-Desktop.webp\" alt=\"Tesorcasino Desktop\" width=\"1248\" height=\"536\" srcset=\"https:\/\/thetesorcasino.com\/wp-content\/uploads\/2026\/03\/Tesorcasino-Desktop.webp 1248w, https:\/\/thetesorcasino.com\/wp-content\/uploads\/2026\/03\/Tesorcasino-Desktop-300x129.webp 300w, https:\/\/thetesorcasino.com\/wp-content\/uploads\/2026\/03\/Tesorcasino-Desktop-1024x440.webp 1024w, https:\/\/thetesorcasino.com\/wp-content\/uploads\/2026\/03\/Tesorcasino-Desktop-768x330.webp 768w\" sizes=\"auto, (max-width: 1248px) 100vw, 1248px\" \/><\/p>\n<\/div><\/div><div style=\"clear: both\"><\/div><div class=\"d-flex justify-content-center\"><button data-item=\"decouvrez_link\" data-group=\"website_links\" class=\"goto fw-bold rounded-pill btn btn-orange\" aria-label=\"Laden Sie die Tesorcasino-App herunter\" >Laden Sie die Tesorcasino-App herunter<\/button><\/div><div class=\"scrollable-content-wrap my-5\"><div class=\"scrollable-content-inner\"><h2>FAQ<\/h2>\n<h3>Ist f\u00fcr die Nutzung der Tesorcasino App die Erstellung eines Kontos erforderlich?<\/h3>\n<p>Wie bei jeder anderen Anwendung auch ist es unerl\u00e4sslich, ein Konto zu erstellen, um alle Funktionen der Tesorcasino App nutzen zu k\u00f6nnen. Die Registrierung ist einfach und gew\u00e4hrt sofortigen Zugang zu Boni, Turnieren und unserem weltweit besten Kundenservice. Aus Sicherheitsgr\u00fcnden und zur Einhaltung der Vorschriften k\u00f6nnen eine Verifizierung und zus\u00e4tzliche \u00dcberpr\u00fcfungen erforderlich sein, z. B. ein Anruf oder einige zus\u00e4tzliche Dokumente. Nach der Registrierung k\u00f6nnen Spieler auf allen Ger\u00e4ten uneingeschr\u00e4nkt spielen.<\/p>\n<h3>Bietet die Tesorcasino App Kundensupport?<\/h3>\n<p>Die Tesorcasino App verf\u00fcgt \u00fcber ein Kundenservice-Team, das rund um die Uhr f\u00fcr Sie da ist. Kontaktieren Sie uns einfach per Live-Chat oder E-Mail. Das Support-Team steht Ihnen rund um die Uhr zur Verf\u00fcgung, um Ihnen bei der Verwaltung Ihres Kontos oder bei finanziellen oder technischen Problemen zu helfen. Sie k\u00f6nnen auch Fragen zu Boni und Turnieren stellen. Die Live-Chat-Funktion sorgt f\u00fcr schnelle L\u00f6sungen, damit die Spieler weiter spielen k\u00f6nnen.<\/p>\n<h3>Wie kann ich die Tesor Casino App aktualisieren?<\/h3>\n<p>Die Tesorcasino App l\u00e4sst sich ganz einfach aktualisieren. Auf Mobilger\u00e4ten wird die App automatisch aktualisiert. Bei der Vollversion erhalten Sie h\u00f6chstwahrscheinlich eine Benachrichtigung in Ihrem Browser. Regelm\u00e4\u00dfige Updates der App stellen sicher, dass der Benutzer \u00fcber die neuesten Funktionen, Sicherheitspatches und Angebote auf dem Laufenden ist.<\/p>\n<h3>Sind Boni und Turniere auf Mobilger\u00e4ten verf\u00fcgbar?<\/h3>\n<p>Ja, Willkommensangebote, alle Boni, einschlie\u00dflich Reload-Boni und spezielle Turniere, sind auf der mobilen Plattform von Tesorcasino verf\u00fcgbar. Das mobile Casino ist auf dem gleichen Niveau wie die Desktop-Anwendung, sodass Spieler an Turnieren teilnehmen, Boni beanspruchen und Online-Slots und Live-Dealer-Spiele spielen k\u00f6nnen, ohne dass es w\u00e4hrend ihres Spiels im Tesorcasino Casino zu Unterbrechungen auf irgendeinem Ger\u00e4t kommt.<\/p>\n<\/div><\/div><\/p>\n","protected":false},"excerpt":{"rendered":"<p>Mobile Plattform von Tesorcasino Die Tesorcasino App wird Ihre Meinung \u00fcber den Komfort der Mobilit\u00e4t \u00e4ndern. Die App ist bequem und leicht zug\u00e4nglich und erm\u00f6glicht es Spielern, eine vielf\u00e4ltige Auswahl an Spielerlebnissen aus unserem Katalog mit \u00fcber 6.000 Titeln zu genie\u00dfen. Tesor Casino bietet mobilen Spielern integrierte Boni, Aktionen und Turniere, sodass sie die M\u00f6glichkeiten [&hellip;]<\/p>\n","protected":false},"author":1,"featured_media":0,"parent":0,"menu_order":0,"comment_status":"closed","ping_status":"closed","template":"template-builder.php","meta":{"_acf_changed":false,"inline_featured_image":false,"footnotes":""},"class_list":["post-1442","page","type-page","status-publish","hentry"],"acf":[],"yoast_head":"<!-- This site is optimized with the Yoast SEO plugin v27.3 - https:\/\/yoast.com\/product\/yoast-seo-wordpress\/ -->\n<title>Tesor Casino App \u2013 iOS, Android | Herunterladen<\/title>\n<meta name=\"description\" content=\"Tesor Casino App \u2013 lade die mobile App f\u00fcr iOS und Android herunter, um Slots, Roulette, Tischspiele und Live-Casino \u00fcberall zu spielen. Genie\u00dfe reibungslose Leistung und vollen Kontozugriff mit Tesorcasino.\" \/>\n<meta name=\"robots\" content=\"index, follow, max-snippet:-1, max-image-preview:large, max-video-preview:-1\" \/>\n<link rel=\"canonical\" href=\"https:\/\/thetesorcasino.com\/de\/app\/\" \/>\n<meta property=\"og:locale\" content=\"de_DE\" \/>\n<meta property=\"og:type\" content=\"article\" \/>\n<meta property=\"og:title\" content=\"Tesor Casino App \u2013 iOS, Android | Herunterladen\" \/>\n<meta property=\"og:description\" content=\"Tesor Casino App \u2013 lade die mobile App f\u00fcr iOS und Android herunter, um Slots, Roulette, Tischspiele und Live-Casino \u00fcberall zu spielen. Genie\u00dfe reibungslose Leistung und vollen Kontozugriff mit Tesorcasino.\" \/>\n<meta property=\"og:url\" content=\"https:\/\/thetesorcasino.com\/de\/app\/\" \/>\n<meta property=\"og:site_name\" content=\"tesorcasino\" \/>\n<meta property=\"article:modified_time\" content=\"2026-03-05T13:42:55+00:00\" \/>\n<meta name=\"twitter:card\" content=\"summary_large_image\" \/>\n<meta name=\"twitter:label1\" content=\"Gesch\u00e4tzte Lesezeit\" \/>\n\t<meta name=\"twitter:data1\" content=\"1\u00a0Minute\" \/>\n<script type=\"application\/ld+json\" class=\"yoast-schema-graph\">{\"@context\":\"https:\\\/\\\/schema.org\",\"@graph\":[{\"@type\":\"WebPage\",\"@id\":\"https:\\\/\\\/thetesorcasino.com\\\/de\\\/app\\\/\",\"url\":\"https:\\\/\\\/thetesorcasino.com\\\/de\\\/app\\\/\",\"name\":\"Tesor Casino App \u2013 iOS, Android | Herunterladen\",\"isPartOf\":{\"@id\":\"https:\\\/\\\/thetesorcasino.com\\\/de\\\/#website\"},\"datePublished\":\"2026-01-20T12:08:23+00:00\",\"dateModified\":\"2026-03-05T13:42:55+00:00\",\"description\":\"Tesor Casino App \u2013 lade die mobile App f\u00fcr iOS und Android herunter, um Slots, Roulette, Tischspiele und Live-Casino \u00fcberall zu spielen. Genie\u00dfe reibungslose Leistung und vollen Kontozugriff mit Tesorcasino.\",\"breadcrumb\":{\"@id\":\"https:\\\/\\\/thetesorcasino.com\\\/de\\\/app\\\/#breadcrumb\"},\"inLanguage\":\"de\",\"potentialAction\":[{\"@type\":\"ReadAction\",\"target\":[\"https:\\\/\\\/thetesorcasino.com\\\/de\\\/app\\\/\"]}]},{\"@type\":\"BreadcrumbList\",\"@id\":\"https:\\\/\\\/thetesorcasino.com\\\/de\\\/app\\\/#breadcrumb\",\"itemListElement\":[{\"@type\":\"ListItem\",\"position\":1,\"name\":\"Tesorcasino\",\"item\":\"https:\\\/\\\/thetesorcasino.com\\\/de\\\/\"},{\"@type\":\"ListItem\",\"position\":2,\"name\":\"App\"}]},{\"@type\":\"WebSite\",\"@id\":\"https:\\\/\\\/thetesorcasino.com\\\/de\\\/#website\",\"url\":\"https:\\\/\\\/thetesorcasino.com\\\/de\\\/\",\"name\":\"Tesorcasino\",\"description\":\"\",\"publisher\":{\"@id\":\"https:\\\/\\\/thetesorcasino.com\\\/de\\\/#organization\"},\"potentialAction\":[{\"@type\":\"SearchAction\",\"target\":{\"@type\":\"EntryPoint\",\"urlTemplate\":\"https:\\\/\\\/thetesorcasino.com\\\/de\\\/?s={search_term_string}\"},\"query-input\":{\"@type\":\"PropertyValueSpecification\",\"valueRequired\":true,\"valueName\":\"search_term_string\"}}],\"inLanguage\":\"de\"},{\"@type\":\"Organization\",\"@id\":\"https:\\\/\\\/thetesorcasino.com\\\/de\\\/#organization\",\"name\":\"Tesorcasino\",\"url\":\"https:\\\/\\\/thetesorcasino.com\\\/de\\\/\",\"logo\":{\"@type\":\"ImageObject\",\"inLanguage\":\"de\",\"@id\":\"https:\\\/\\\/thetesorcasino.com\\\/de\\\/#\\\/schema\\\/logo\\\/image\\\/\",\"url\":\"https:\\\/\\\/thetesorcasino.com\\\/wp-content\\\/uploads\\\/2026\\\/03\\\/Tesorcasino-logo.png\",\"contentUrl\":\"https:\\\/\\\/thetesorcasino.com\\\/wp-content\\\/uploads\\\/2026\\\/03\\\/Tesorcasino-logo.png\",\"width\":246,\"height\":44,\"caption\":\"Tesorcasino\"},\"image\":{\"@id\":\"https:\\\/\\\/thetesorcasino.com\\\/de\\\/#\\\/schema\\\/logo\\\/image\\\/\"}}]}<\/script>\n<!-- \/ Yoast SEO plugin. -->","yoast_head_json":{"title":"Tesor Casino App \u2013 iOS, Android | Herunterladen","description":"Tesor Casino App \u2013 lade die mobile App f\u00fcr iOS und Android herunter, um Slots, Roulette, Tischspiele und Live-Casino \u00fcberall zu spielen. Genie\u00dfe reibungslose Leistung und vollen Kontozugriff mit Tesorcasino.","robots":{"index":"index","follow":"follow","max-snippet":"max-snippet:-1","max-image-preview":"max-image-preview:large","max-video-preview":"max-video-preview:-1"},"canonical":"https:\/\/thetesorcasino.com\/de\/app\/","og_locale":"de_DE","og_type":"article","og_title":"Tesor Casino App \u2013 iOS, Android | Herunterladen","og_description":"Tesor Casino App \u2013 lade die mobile App f\u00fcr iOS und Android herunter, um Slots, Roulette, Tischspiele und Live-Casino \u00fcberall zu spielen. Genie\u00dfe reibungslose Leistung und vollen Kontozugriff mit Tesorcasino.","og_url":"https:\/\/thetesorcasino.com\/de\/app\/","og_site_name":"tesorcasino","article_modified_time":"2026-03-05T13:42:55+00:00","twitter_card":"summary_large_image","twitter_misc":{"Gesch\u00e4tzte Lesezeit":"1\u00a0Minute"},"schema":{"@context":"https:\/\/schema.org","@graph":[{"@type":"WebPage","@id":"https:\/\/thetesorcasino.com\/de\/app\/","url":"https:\/\/thetesorcasino.com\/de\/app\/","name":"Tesor Casino App \u2013 iOS, Android | Herunterladen","isPartOf":{"@id":"https:\/\/thetesorcasino.com\/de\/#website"},"datePublished":"2026-01-20T12:08:23+00:00","dateModified":"2026-03-05T13:42:55+00:00","description":"Tesor Casino App \u2013 lade die mobile App f\u00fcr iOS und Android herunter, um Slots, Roulette, Tischspiele und Live-Casino \u00fcberall zu spielen. Genie\u00dfe reibungslose Leistung und vollen Kontozugriff mit Tesorcasino.","breadcrumb":{"@id":"https:\/\/thetesorcasino.com\/de\/app\/#breadcrumb"},"inLanguage":"de","potentialAction":[{"@type":"ReadAction","target":["https:\/\/thetesorcasino.com\/de\/app\/"]}]},{"@type":"BreadcrumbList","@id":"https:\/\/thetesorcasino.com\/de\/app\/#breadcrumb","itemListElement":[{"@type":"ListItem","position":1,"name":"Tesorcasino","item":"https:\/\/thetesorcasino.com\/de\/"},{"@type":"ListItem","position":2,"name":"App"}]},{"@type":"WebSite","@id":"https:\/\/thetesorcasino.com\/de\/#website","url":"https:\/\/thetesorcasino.com\/de\/","name":"Tesorcasino","description":"","publisher":{"@id":"https:\/\/thetesorcasino.com\/de\/#organization"},"potentialAction":[{"@type":"SearchAction","target":{"@type":"EntryPoint","urlTemplate":"https:\/\/thetesorcasino.com\/de\/?s={search_term_string}"},"query-input":{"@type":"PropertyValueSpecification","valueRequired":true,"valueName":"search_term_string"}}],"inLanguage":"de"},{"@type":"Organization","@id":"https:\/\/thetesorcasino.com\/de\/#organization","name":"Tesorcasino","url":"https:\/\/thetesorcasino.com\/de\/","logo":{"@type":"ImageObject","inLanguage":"de","@id":"https:\/\/thetesorcasino.com\/de\/#\/schema\/logo\/image\/","url":"https:\/\/thetesorcasino.com\/wp-content\/uploads\/2026\/03\/Tesorcasino-logo.png","contentUrl":"https:\/\/thetesorcasino.com\/wp-content\/uploads\/2026\/03\/Tesorcasino-logo.png","width":246,"height":44,"caption":"Tesorcasino"},"image":{"@id":"https:\/\/thetesorcasino.com\/de\/#\/schema\/logo\/image\/"}}]}},"_links":{"self":[{"href":"https:\/\/thetesorcasino.com\/de\/wp-json\/wp\/v2\/pages\/1442","targetHints":{"allow":["GET"]}}],"collection":[{"href":"https:\/\/thetesorcasino.com\/de\/wp-json\/wp\/v2\/pages"}],"about":[{"href":"https:\/\/thetesorcasino.com\/de\/wp-json\/wp\/v2\/types\/page"}],"author":[{"embeddable":true,"href":"https:\/\/thetesorcasino.com\/de\/wp-json\/wp\/v2\/users\/1"}],"replies":[{"embeddable":true,"href":"https:\/\/thetesorcasino.com\/de\/wp-json\/wp\/v2\/comments?post=1442"}],"version-history":[{"count":3,"href":"https:\/\/thetesorcasino.com\/de\/wp-json\/wp\/v2\/pages\/1442\/revisions"}],"predecessor-version":[{"id":2055,"href":"https:\/\/thetesorcasino.com\/de\/wp-json\/wp\/v2\/pages\/1442\/revisions\/2055"}],"wp:attachment":[{"href":"https:\/\/thetesorcasino.com\/de\/wp-json\/wp\/v2\/media?parent=1442"}],"curies":[{"name":"wp","href":"https:\/\/api.w.org\/{rel}","templated":true}]}}