{"id":1454,"date":"2026-01-20T12:21:20","date_gmt":"2026-01-20T12:21:20","guid":{"rendered":"https:\/\/bonuskongcasino.com\/bonus\/"},"modified":"2026-03-05T13:46:23","modified_gmt":"2026-03-05T13:46:23","slug":"aktionen","status":"publish","type":"page","link":"https:\/\/thetesorcasino.com\/de\/aktionen\/","title":{"rendered":"Aktionen"},"content":{"rendered":"<h1>Tesor Casino Boni und Belohnungen<\/h1>\n<p>Tesor Casino Bonus umfasst ein breites Spektrum an Preisen, die jeden Spieler beeindrucken und zu kreativem Wettbewerb anregen k\u00f6nnen. Mit einem umfassenden System aus Werbeaktionen, Turnieren und Boni sorgt Tesorcasino daf\u00fcr, dass alle Spieler faire, transparente und profitable M\u00f6glichkeiten genie\u00dfen, um ihr Spielerlebnis zu maximieren. Unser Fokus liegt weiterhin auf der Bereitstellung einer sicheren und verantwortungsvollen Spielumgebung, unterst\u00fctzt durch laufende Werbeaktionen, die f\u00fcr Spannung sorgen.<\/p>\n<p><div class=\"banner-wrap\" aria-label=\"Banner\"><img src=\"https:\/\/thetesorcasino.com\/wp-content\/uploads\/2026\/03\/tesorcasino-bnr-pc-2.webp\" class=\"w-100 d-none d-lg-block img-pc main-banner-img\" alt=\"tesorcasino banner desktop\" fetchpriority=\"high\" decoding=\"async\"><img src=\"https:\/\/thetesorcasino.com\/wp-content\/uploads\/2026\/03\/tesorcasino-banner-mobile.webp\" class=\"w-100 d-none d-md-block d-lg-none main-banner-img\" alt=\"tesorcasino banner mobile\" fetchpriority=\"high\" decoding=\"async\"><img src=\"https:\/\/thetesorcasino.com\/wp-content\/uploads\/2026\/03\/tesorcasino-banner-mobile.webp\" class=\"w-100 d-md-none\" alt=\"tesorcasino banner mobile\" fetchpriority=\"high\" decoding=\"async\"><div class=\"banner-description\">\n<div class=\"banner-title\">Willkommensboni<\/div>\n<p class=\"banner-header-title\">\u20ac3,000<\/p>\n<div class=\"banner-header-AdditionalText\">+ 300 Freispiele<\/div>\n<button data-item=\"homepage_banner_link\" class=\"goto m-button m-gradient-border m-button--primary m-button--large banner-button btn-orange\">\n            <div class=\"m-button-content\">\n                <span>Jetzt anmelden<\/span>\n                <span><\/span>\n            <\/div>\n        <\/button>\n<\/div>\n<div class=\"WelcomePack\">\n<p><img loading=\"lazy\" decoding=\"async\" class=\"alignnone size-full wp-image-2022\" src=\"https:\/\/thetesorcasino.com\/wp-content\/uploads\/welcome-crown.png\" alt=\"welcome crown\" width=\"25\" height=\"26\" \/><\/p>\n<div class=\"WelcomePack-Info\">W\u00f6chentlicher Cashback von bis zu 25 %<\/div>\n<p><img loading=\"lazy\" decoding=\"async\" class=\"alignnone size-full wp-image-2022\" src=\"https:\/\/thetesorcasino.com\/wp-content\/uploads\/welcome-crown.png\" alt=\"welcome crown\" width=\"25\" height=\"26\" \/><\/p>\n<\/div>\n<\/div><div class=\"promotions-wrap\"><div class=\"promotion-card\" style=\"background-image: url(https:\/\/thetesorcasino.com\/wp-content\/uploads\/2026\/03\/welcome-pack.webp);\"><h2 class=\"promotion-card__title\">Willkommenspaket<\/h2><label class=\"promotion-card__offer\">Bis zu 3.000 \u20ac + 500 Freispiele<\/label><label class=\"promotion-card__description\"><\/label><div class=\"promotion-card__actions\"><button data-item=\"payments_link\" data-group=\"website_links\" class=\"goto btn btn-orange rounded-pill fw-bold px-4 m-button m-gradient-border m-button--primary m-button--large promotion-button promotion-card__action-btn\" aria-label=\"Anmelden\"><div class=\"m-button-content\"><span class=\"promotion-button__content\">Anmelden<\/span><\/div><\/button><button data-item=\"http:\/\/bonus_link\" data-group=\"website_links\" class=\"goto m-button m-gradient-border m-button--secondary m-button--medium promotion-card__info-btn\" aria-label=\"More information\"><div class=\"m-button-content\"><svg viewBox=\"0 0 24 24\" fill=\"none\" xmlns=\"http:\/\/www.w3.org\/2000\/svg\" class=\"m-icon m-icon-loadable\" name=\"Attention\" loading=\"false\" aria-hidden=\"true\"><path d=\"M12 22C6.477 22 2 17.522 2 12S6.477 2 12 2s10 4.478 10 10-4.477 10-10 10m-.002-13.004a.999.999 0 1 0 0-1.997.999.999 0 0 0 0 1.997M12 17a1 1 0 0 0 .993-.884L13 16l-.002-5.001-.007-.117a1 1 0 0 0-1.986 0l-.007.117L11 16l.007.117A1 1 0 0 0 12 17\" fill=\"currentColor\"><\/path><\/svg><\/div><\/button><\/div><\/div><div class=\"promotion-card\" style=\"background-image: url(https:\/\/thetesorcasino.com\/wp-content\/uploads\/2026\/03\/cashback.webp);\"><h2 class=\"promotion-card__title\">W\u00f6chentlicher Cashback<\/h2><label class=\"promotion-card__offer\">Bis zu 25 %<\/label><label class=\"promotion-card__description\"><\/label><div class=\"promotion-card__actions\"><button data-item=\"payments_link\" data-group=\"website_links\" class=\"goto btn btn-orange rounded-pill fw-bold px-4 m-button m-gradient-border m-button--primary m-button--large promotion-button promotion-card__action-btn\" aria-label=\"Anmelden\"><div class=\"m-button-content\"><span class=\"promotion-button__content\">Anmelden<\/span><\/div><\/button><button data-item=\"http:\/\/bonus_link\" data-group=\"website_links\" class=\"goto m-button m-gradient-border m-button--secondary m-button--medium promotion-card__info-btn\" aria-label=\"More information\"><div class=\"m-button-content\"><svg viewBox=\"0 0 24 24\" fill=\"none\" xmlns=\"http:\/\/www.w3.org\/2000\/svg\" class=\"m-icon m-icon-loadable\" name=\"Attention\" loading=\"false\" aria-hidden=\"true\"><path d=\"M12 22C6.477 22 2 17.522 2 12S6.477 2 12 2s10 4.478 10 10-4.477 10-10 10m-.002-13.004a.999.999 0 1 0 0-1.997.999.999 0 0 0 0 1.997M12 17a1 1 0 0 0 .993-.884L13 16l-.002-5.001-.007-.117a1 1 0 0 0-1.986 0l-.007.117L11 16l.007.117A1 1 0 0 0 12 17\" fill=\"currentColor\"><\/path><\/svg><\/div><\/button><\/div><\/div><div class=\"promotion-card\" style=\"background-image: url(https:\/\/thetesorcasino.com\/wp-content\/uploads\/2026\/03\/sunday-reload.webp);\"><h2 class=\"promotion-card__title\">Sonntags-Reload<\/h2><label class=\"promotion-card__offer\">25 % Einzahlungsbonus bis zu 100 \u20ac jeden Sonntag<\/label><label class=\"promotion-card__description\"><\/label><div class=\"promotion-card__actions\"><button data-item=\"payments_link\" data-group=\"website_links\" class=\"goto btn btn-orange rounded-pill fw-bold px-4 m-button m-gradient-border m-button--primary m-button--large promotion-button promotion-card__action-btn\" aria-label=\"Anmelden\"><div class=\"m-button-content\"><span class=\"promotion-button__content\">Anmelden<\/span><\/div><\/button><button data-item=\"http:\/\/bonus_link\" data-group=\"website_links\" class=\"goto m-button m-gradient-border m-button--secondary m-button--medium promotion-card__info-btn\" aria-label=\"More information\"><div class=\"m-button-content\"><svg viewBox=\"0 0 24 24\" fill=\"none\" xmlns=\"http:\/\/www.w3.org\/2000\/svg\" class=\"m-icon m-icon-loadable\" name=\"Attention\" loading=\"false\" aria-hidden=\"true\"><path d=\"M12 22C6.477 22 2 17.522 2 12S6.477 2 12 2s10 4.478 10 10-4.477 10-10 10m-.002-13.004a.999.999 0 1 0 0-1.997.999.999 0 0 0 0 1.997M12 17a1 1 0 0 0 .993-.884L13 16l-.002-5.001-.007-.117a1 1 0 0 0-1.986 0l-.007.117L11 16l.007.117A1 1 0 0 0 12 17\" fill=\"currentColor\"><\/path><\/svg><\/div><\/button><\/div><\/div><\/div><div class=\"scrollable-content-wrap my-5\"><div class=\"scrollable-content-inner\"><h2>Aktionen bei Tesor Casino<\/h2>\n<p>Das Bonussystem von Tesor Casino bietet eine Vielzahl von laufenden Werbeaktionen, die auf die unterschiedlichen Vorlieben der Spieler zugeschnitten sind. Sie k\u00f6nnen ein Willkommenspaket, saisonale Angebote und wunderbare exklusive Wettbewerbe um riesige Geldsummen genie\u00dfen, die wir regelm\u00e4\u00dfig organisieren.<\/p>\n<p>Unsere Werbestruktur legt Wert auf Fairness und Klarheit. Regelm\u00e4\u00dfige Updates und gezielte Kampagnen bieten unseren Spielern Zugang zu attraktiven Belohnungen, darunter Freispiele, Cashback und Einzahlungsboni. Diese Tesorcasino-Werbeaktionen laufen immer. Wenn Sie sich bei uns anmelden, empfehlen wir Ihnen, verschiedene Spielkategorien zu erkunden, darunter Slots, Tischspiele und Live-Dealer-Erlebnisse sowie spezielle j\u00e4hrliche Bereiche, die wir zur Feier wichtiger Feiertage er\u00f6ffnen.<\/p>\n<h2>Turniere<\/h2>\n<p>Turniere bei Tesorcasino sorgen f\u00fcr zus\u00e4tzlichen Nervenkitzel und bieten die Chance auf betr\u00e4chtliche Gewinne. Wir gestalten sie sehr clever, um Geschicklichkeit und Gl\u00fcck herauszufordern, und bieten den Spielern die M\u00f6glichkeit, um beeindruckende Preise zu k\u00e4mpfen. Beispiele hierf\u00fcr sind:<\/p>\n<table>\n<tbody>\n<tr>\n<td>Turniername<\/td>\n<td>Preispool<\/td>\n<td>H\u00e4ufigkeit und Details<\/td>\n<\/tr>\n<tr>\n<td>Spinoleague<\/td>\n<td>12.000.000 \u20ac<\/td>\n<td>Ein fortlaufender Ranglistenwettbewerb, bei dem die besten Spieler \u00fcber ein Jahr hinweg mit einem riesigen Geldpreis belohnt werden.<\/td>\n<\/tr>\n<tr>\n<td>BGaming Drops<\/td>\n<td>90.000 \u20ac pro Saison<\/td>\n<td>Saisonale Drops-Events von unserem Anbieter, bei denen Sie Preise gewinnen k\u00f6nnen, indem Sie bestimmte Ziele in BGaming-Spielen erreichen.<\/td>\n<\/tr>\n<tr>\n<td>Drops &amp; Wins<\/td>\n<td>25.000.000 \u20ac<\/td>\n<td>Die gr\u00f6\u00dften laufenden Preispools mit w\u00f6chentlichen und saisonalen Drops, Jackpots und Tesor Casino Bonusm\u00f6glichkeiten f\u00fcr mehrere Spiele.<\/td>\n<\/tr>\n<tr>\n<td>Rookie Rumble Turnier<\/p>\n<p>&nbsp;<\/td>\n<td>2.500 \u20ac t\u00e4glich<\/td>\n<td>T\u00e4gliches Turnier speziell f\u00fcr Neulinge, bei dem Spieler ihre F\u00e4higkeiten unter Beweis stellen k\u00f6nnen, um t\u00e4gliche Geldpr\u00e4mien zu gewinnen.<\/td>\n<\/tr>\n<tr>\n<td>Live-Turnier<\/td>\n<td>10.000 \u20ac t\u00e4glich<\/td>\n<td>Findet t\u00e4glich mit Live-Gameplay statt und bietet den Teilnehmern die Chance, durch Echtzeit-Wettk\u00e4mpfe betr\u00e4chtliche Geldpreise zu gewinnen.<\/td>\n<\/tr>\n<\/tbody>\n<\/table>\n<p>Die Teilnahme steht allen registrierten Tesorcasino-Spielern offen und f\u00f6rdert eine lebendige, spannende Umgebung, in der strategisches Spiel belohnt wird.<\/p>\n<p><img loading=\"lazy\" decoding=\"async\" class=\"alignnone size-full wp-image-2013\" src=\"https:\/\/thetesorcasino.com\/wp-content\/uploads\/2026\/03\/Tesorcasino-bonus-page.webp\" alt=\"Tesorcasino bonus page\" width=\"1248\" height=\"536\" srcset=\"https:\/\/thetesorcasino.com\/wp-content\/uploads\/2026\/03\/Tesorcasino-bonus-page.webp 1248w, https:\/\/thetesorcasino.com\/wp-content\/uploads\/2026\/03\/Tesorcasino-bonus-page-300x129.webp 300w, https:\/\/thetesorcasino.com\/wp-content\/uploads\/2026\/03\/Tesorcasino-bonus-page-1024x440.webp 1024w, https:\/\/thetesorcasino.com\/wp-content\/uploads\/2026\/03\/Tesorcasino-bonus-page-768x330.webp 768w\" sizes=\"auto, (max-width: 1248px) 100vw, 1248px\" \/><\/p>\n<h2>Tesor Casino Willkommenspaket<\/h2>\n<p>Wir stellen f\u00fcr Neukunden stets ein gro\u00dfz\u00fcgiges Willkommenspaket zusammen, damit Sie einen guten Start haben. Bei der Registrierung erhalten Spieler ein umfassendes Tesor Casino-Bonuspaket, um ihre Anfangsbankroll zu erh\u00f6hen und ihre Gewinnchancen zu verbessern, und zwar nicht weniger als 3.000 \u20ac und 500 Freispiele! Wie Sie sehen, handelt es sich also um eine Kombination aus Bonusgeldern und Freispielen, die sofort f\u00fcr eine gro\u00dfe Auswahl an Casinospielen verwendet werden k\u00f6nnen.<\/p>\n<h3>Ersteinzahlungsbonus<\/h3>\n<p>Der Ersteinzahlungsbonus bei Tesorcasino ist ein wichtiger Bestandteil unseres Willkommensangebots. Spieler, die ihre erste Einzahlung t\u00e4tigen, profitieren von einem 100 %-Matchbonus von bis zu 1.000 \u20ac sowie 250 Freispielen, die Sie innerhalb der ersten 3 Tage nutzen m\u00fcssen, nicht sp\u00e4ter! Diese Freispiele k\u00f6nnen Sie f\u00fcr beliebte Slot-Titel nutzen, um l\u00e4nger zu spielen und Ihre Gewinnchancen zu erh\u00f6hen. Die Umsatzbedingungen f\u00fcr diesen Bonus betragen das 30-fache.<\/p>\n<h3>Bonus f\u00fcr die zweite Einzahlung<\/h3>\n<p>Die zweite Einzahlung bei Tesor Casino wird mit einem 50 %-Matchbonus von bis zu 1.000 \u20ac und zus\u00e4tzlichen 100 Freispielen belohnt. Diese Aktion soll zur weiteren Nutzung animieren und Treue belohnen. Wie beim Ersteinzahlungsbonus bleibt die Umsatzbedingung bei 30, da wir Wert auf Klarheit legen und wissen, dass Spieler keine unangenehmen \u00dcberraschungen erleben m\u00f6chten.<\/p>\n<h3>Dritter Einzahlungsbonus<\/h3>\n<p>Um nachhaltiges Spielen zu f\u00f6rdern, bietet Tesor Casino einen dritten Einzahlungsbonus an: einen 50 %-Match-Bonus bis zu 1.000 \u20ac plus zus\u00e4tzlich 150 Freispiele. Wenn Sie etwa 2.000 \u20ac einzahlen, schalten Sie alles frei. Die 30-fache Umsatzbedingung bleibt bestehen. Wir unterst\u00fctzen verantwortungsbewusstes Spielen und den langfristigen Erfolg der Spieler.<\/p>\n<h2>Missionen und das Gl\u00fccksrad als Weg zum Reichtum<\/h2>\n<p>Tesor Casino f\u00fcgt dem Bonussystem ein spielerisches Element hinzu und bietet Missionen und das Gl\u00fccksrad. Diese interaktiven Gamification-Elemente erm\u00f6glichen es den Spielern, bestimmte Aufgaben zu erf\u00fcllen oder das Rad zu drehen, um sofortige Belohnungen zu erhalten, darunter Bonusguthaben, Freispiele oder die Teilnahme an exklusiven Turnieren.<\/p>\n<ul>\n<li>Das Bestehen interaktiver Tesorcasino-Missionen macht die Spieler gl\u00fccklich und motiviert sie. Sie k\u00f6nnen gegeneinander wetten und k\u00e4mpfen, Rubbellose rubbeln und in Lotterien gewinnen.<\/li>\n<li>Das Drehen des Gl\u00fccksrads aktiviert jede Menge Zusatzfunktionen, Tesor Casino Bonusrunden und Punkte, mit denen die Spieler ihren Spielgewinn erh\u00f6hen k\u00f6nnen.<\/li>\n<li>Um zu gewinnen, m\u00fcssen Sie immer bestimmte Aufgaben l\u00f6sen, die zum Nachdenken anregen.<\/li>\n<li>Das Gl\u00fccksrad hilft den Spielern, sofortige Preise zu gewinnen, darunter Bonusguthaben, Freispiele oder in einigen speziellen Turnieren zus\u00e4tzliche Preise.<\/li>\n<li>Die Gewinner haben mit dieser cleveren Gamification mehr M\u00f6glichkeiten, Reicht\u00fcmer anzuh\u00e4ufen.<\/li>\n<\/ul>\n<p>Dieser Ansatz schafft Anreize f\u00fcr eine kontinuierliche Teilnahme und bietet zus\u00e4tzliche M\u00f6glichkeiten, Reicht\u00fcmer anzuh\u00e4ufen.<\/p>\n<h2>FAQ<\/h2>\n<h3>Muss ich Boni annehmen oder ist das optional?<\/h3>\n<p>Die Teilnahme an Boni ist optional. Die Spieler k\u00f6nnen sie ablehnen oder sich f\u00fcr bestimmte Aktionen oder Belohnungen entscheiden, wobei sie bei der Einzahlung oder Registrierung klare Anweisungen erhalten.<\/p>\n<h3>Kann ich auch auf der mobilen Version Boni erhalten?<\/h3>\n<p>Tesor Casino bietet die gleichen Bonusm\u00f6glichkeiten auf der mobilen Plattform, also keine Sorge. Die mobile Version ist eine PWA mit allen Casino-Funktionen, nahtlosem Zugriff und identischen Bedingungen auf allen Ger\u00e4ten.<\/p>\n<h3>Verfallen Freispiele?<\/h3>\n<p>Ja \u2013 und zwar schnell! Sie k\u00f6nnen Ihre Freispiele innerhalb weniger Tage verlieren, also beeilen Sie sich. Sie verfallen in der Regel innerhalb eines bestimmten Zeitraums, normalerweise innerhalb von 24 bis 72 Stunden. Alle Details finden Sie im Abschnitt \u201eBonusbedingungen\u201c. Wir geben immer alle Details in den Aktionsbedingungen an.<\/p>\n<\/div><\/div><\/p>\n","protected":false},"excerpt":{"rendered":"<p>Tesor Casino Boni und Belohnungen Tesor Casino Bonus umfasst ein breites Spektrum an Preisen, die jeden Spieler beeindrucken und zu kreativem Wettbewerb anregen k\u00f6nnen. Mit einem umfassenden System aus Werbeaktionen, Turnieren und Boni sorgt Tesorcasino daf\u00fcr, dass alle Spieler faire, transparente und profitable M\u00f6glichkeiten genie\u00dfen, um ihr Spielerlebnis zu maximieren. Unser Fokus liegt weiterhin auf [&hellip;]<\/p>\n","protected":false},"author":1,"featured_media":0,"parent":0,"menu_order":0,"comment_status":"closed","ping_status":"closed","template":"template-builder.php","meta":{"_acf_changed":false,"inline_featured_image":false,"footnotes":""},"class_list":["post-1454","page","type-page","status-publish","hentry"],"acf":[],"yoast_head":"<!-- This site is optimized with the Yoast SEO plugin v27.3 - https:\/\/yoast.com\/product\/yoast-seo-wordpress\/ -->\n<title>Tesor Casino Bonus | Willkommens- und Promo-Angebote<\/title>\n<meta name=\"description\" content=\"Tesor Casino Bonus \u2013 entdecke spannende Willkommenspakete, Reload-Angebote und Freispiele. Genie\u00dfe w\u00f6chentliches Cashback, Turniere und exklusive Belohnungen bei Tesorcasino.\" \/>\n<meta name=\"robots\" content=\"index, follow, max-snippet:-1, max-image-preview:large, max-video-preview:-1\" \/>\n<link rel=\"canonical\" href=\"https:\/\/thetesorcasino.com\/de\/aktionen\/\" \/>\n<meta property=\"og:locale\" content=\"de_DE\" \/>\n<meta property=\"og:type\" content=\"article\" \/>\n<meta property=\"og:title\" content=\"Tesor Casino Bonus | Willkommens- und Promo-Angebote\" \/>\n<meta property=\"og:description\" content=\"Tesor Casino Bonus \u2013 entdecke spannende Willkommenspakete, Reload-Angebote und Freispiele. Genie\u00dfe w\u00f6chentliches Cashback, Turniere und exklusive Belohnungen bei Tesorcasino.\" \/>\n<meta property=\"og:url\" content=\"https:\/\/thetesorcasino.com\/de\/aktionen\/\" \/>\n<meta property=\"og:site_name\" content=\"tesorcasino\" \/>\n<meta property=\"article:modified_time\" content=\"2026-03-05T13:46:23+00:00\" \/>\n<meta name=\"twitter:card\" content=\"summary_large_image\" \/>\n<meta name=\"twitter:label1\" content=\"Gesch\u00e4tzte Lesezeit\" \/>\n\t<meta name=\"twitter:data1\" content=\"1\u00a0Minute\" \/>\n<script type=\"application\/ld+json\" class=\"yoast-schema-graph\">{\"@context\":\"https:\\\/\\\/schema.org\",\"@graph\":[{\"@type\":\"WebPage\",\"@id\":\"https:\\\/\\\/thetesorcasino.com\\\/de\\\/aktionen\\\/\",\"url\":\"https:\\\/\\\/thetesorcasino.com\\\/de\\\/aktionen\\\/\",\"name\":\"Tesor Casino Bonus | Willkommens- und Promo-Angebote\",\"isPartOf\":{\"@id\":\"https:\\\/\\\/thetesorcasino.com\\\/de\\\/#website\"},\"datePublished\":\"2026-01-20T12:21:20+00:00\",\"dateModified\":\"2026-03-05T13:46:23+00:00\",\"description\":\"Tesor Casino Bonus \u2013 entdecke spannende Willkommenspakete, Reload-Angebote und Freispiele. Genie\u00dfe w\u00f6chentliches Cashback, Turniere und exklusive Belohnungen bei Tesorcasino.\",\"breadcrumb\":{\"@id\":\"https:\\\/\\\/thetesorcasino.com\\\/de\\\/aktionen\\\/#breadcrumb\"},\"inLanguage\":\"de\",\"potentialAction\":[{\"@type\":\"ReadAction\",\"target\":[\"https:\\\/\\\/thetesorcasino.com\\\/de\\\/aktionen\\\/\"]}]},{\"@type\":\"BreadcrumbList\",\"@id\":\"https:\\\/\\\/thetesorcasino.com\\\/de\\\/aktionen\\\/#breadcrumb\",\"itemListElement\":[{\"@type\":\"ListItem\",\"position\":1,\"name\":\"Tesorcasino\",\"item\":\"https:\\\/\\\/thetesorcasino.com\\\/de\\\/\"},{\"@type\":\"ListItem\",\"position\":2,\"name\":\"Aktionen\"}]},{\"@type\":\"WebSite\",\"@id\":\"https:\\\/\\\/thetesorcasino.com\\\/de\\\/#website\",\"url\":\"https:\\\/\\\/thetesorcasino.com\\\/de\\\/\",\"name\":\"Tesorcasino\",\"description\":\"\",\"publisher\":{\"@id\":\"https:\\\/\\\/thetesorcasino.com\\\/de\\\/#organization\"},\"potentialAction\":[{\"@type\":\"SearchAction\",\"target\":{\"@type\":\"EntryPoint\",\"urlTemplate\":\"https:\\\/\\\/thetesorcasino.com\\\/de\\\/?s={search_term_string}\"},\"query-input\":{\"@type\":\"PropertyValueSpecification\",\"valueRequired\":true,\"valueName\":\"search_term_string\"}}],\"inLanguage\":\"de\"},{\"@type\":\"Organization\",\"@id\":\"https:\\\/\\\/thetesorcasino.com\\\/de\\\/#organization\",\"name\":\"Tesorcasino\",\"url\":\"https:\\\/\\\/thetesorcasino.com\\\/de\\\/\",\"logo\":{\"@type\":\"ImageObject\",\"inLanguage\":\"de\",\"@id\":\"https:\\\/\\\/thetesorcasino.com\\\/de\\\/#\\\/schema\\\/logo\\\/image\\\/\",\"url\":\"https:\\\/\\\/thetesorcasino.com\\\/wp-content\\\/uploads\\\/2026\\\/03\\\/Tesorcasino-logo.png\",\"contentUrl\":\"https:\\\/\\\/thetesorcasino.com\\\/wp-content\\\/uploads\\\/2026\\\/03\\\/Tesorcasino-logo.png\",\"width\":246,\"height\":44,\"caption\":\"Tesorcasino\"},\"image\":{\"@id\":\"https:\\\/\\\/thetesorcasino.com\\\/de\\\/#\\\/schema\\\/logo\\\/image\\\/\"}}]}<\/script>\n<!-- \/ Yoast SEO plugin. -->","yoast_head_json":{"title":"Tesor Casino Bonus | Willkommens- und Promo-Angebote","description":"Tesor Casino Bonus \u2013 entdecke spannende Willkommenspakete, Reload-Angebote und Freispiele. Genie\u00dfe w\u00f6chentliches Cashback, Turniere und exklusive Belohnungen bei Tesorcasino.","robots":{"index":"index","follow":"follow","max-snippet":"max-snippet:-1","max-image-preview":"max-image-preview:large","max-video-preview":"max-video-preview:-1"},"canonical":"https:\/\/thetesorcasino.com\/de\/aktionen\/","og_locale":"de_DE","og_type":"article","og_title":"Tesor Casino Bonus | Willkommens- und Promo-Angebote","og_description":"Tesor Casino Bonus \u2013 entdecke spannende Willkommenspakete, Reload-Angebote und Freispiele. Genie\u00dfe w\u00f6chentliches Cashback, Turniere und exklusive Belohnungen bei Tesorcasino.","og_url":"https:\/\/thetesorcasino.com\/de\/aktionen\/","og_site_name":"tesorcasino","article_modified_time":"2026-03-05T13:46:23+00:00","twitter_card":"summary_large_image","twitter_misc":{"Gesch\u00e4tzte Lesezeit":"1\u00a0Minute"},"schema":{"@context":"https:\/\/schema.org","@graph":[{"@type":"WebPage","@id":"https:\/\/thetesorcasino.com\/de\/aktionen\/","url":"https:\/\/thetesorcasino.com\/de\/aktionen\/","name":"Tesor Casino Bonus | Willkommens- und Promo-Angebote","isPartOf":{"@id":"https:\/\/thetesorcasino.com\/de\/#website"},"datePublished":"2026-01-20T12:21:20+00:00","dateModified":"2026-03-05T13:46:23+00:00","description":"Tesor Casino Bonus \u2013 entdecke spannende Willkommenspakete, Reload-Angebote und Freispiele. Genie\u00dfe w\u00f6chentliches Cashback, Turniere und exklusive Belohnungen bei Tesorcasino.","breadcrumb":{"@id":"https:\/\/thetesorcasino.com\/de\/aktionen\/#breadcrumb"},"inLanguage":"de","potentialAction":[{"@type":"ReadAction","target":["https:\/\/thetesorcasino.com\/de\/aktionen\/"]}]},{"@type":"BreadcrumbList","@id":"https:\/\/thetesorcasino.com\/de\/aktionen\/#breadcrumb","itemListElement":[{"@type":"ListItem","position":1,"name":"Tesorcasino","item":"https:\/\/thetesorcasino.com\/de\/"},{"@type":"ListItem","position":2,"name":"Aktionen"}]},{"@type":"WebSite","@id":"https:\/\/thetesorcasino.com\/de\/#website","url":"https:\/\/thetesorcasino.com\/de\/","name":"Tesorcasino","description":"","publisher":{"@id":"https:\/\/thetesorcasino.com\/de\/#organization"},"potentialAction":[{"@type":"SearchAction","target":{"@type":"EntryPoint","urlTemplate":"https:\/\/thetesorcasino.com\/de\/?s={search_term_string}"},"query-input":{"@type":"PropertyValueSpecification","valueRequired":true,"valueName":"search_term_string"}}],"inLanguage":"de"},{"@type":"Organization","@id":"https:\/\/thetesorcasino.com\/de\/#organization","name":"Tesorcasino","url":"https:\/\/thetesorcasino.com\/de\/","logo":{"@type":"ImageObject","inLanguage":"de","@id":"https:\/\/thetesorcasino.com\/de\/#\/schema\/logo\/image\/","url":"https:\/\/thetesorcasino.com\/wp-content\/uploads\/2026\/03\/Tesorcasino-logo.png","contentUrl":"https:\/\/thetesorcasino.com\/wp-content\/uploads\/2026\/03\/Tesorcasino-logo.png","width":246,"height":44,"caption":"Tesorcasino"},"image":{"@id":"https:\/\/thetesorcasino.com\/de\/#\/schema\/logo\/image\/"}}]}},"_links":{"self":[{"href":"https:\/\/thetesorcasino.com\/de\/wp-json\/wp\/v2\/pages\/1454","targetHints":{"allow":["GET"]}}],"collection":[{"href":"https:\/\/thetesorcasino.com\/de\/wp-json\/wp\/v2\/pages"}],"about":[{"href":"https:\/\/thetesorcasino.com\/de\/wp-json\/wp\/v2\/types\/page"}],"author":[{"embeddable":true,"href":"https:\/\/thetesorcasino.com\/de\/wp-json\/wp\/v2\/users\/1"}],"replies":[{"embeddable":true,"href":"https:\/\/thetesorcasino.com\/de\/wp-json\/wp\/v2\/comments?post=1454"}],"version-history":[{"count":3,"href":"https:\/\/thetesorcasino.com\/de\/wp-json\/wp\/v2\/pages\/1454\/revisions"}],"predecessor-version":[{"id":2057,"href":"https:\/\/thetesorcasino.com\/de\/wp-json\/wp\/v2\/pages\/1454\/revisions\/2057"}],"wp:attachment":[{"href":"https:\/\/thetesorcasino.com\/de\/wp-json\/wp\/v2\/media?parent=1454"}],"curies":[{"name":"wp","href":"https:\/\/api.w.org\/{rel}","templated":true}]}}