{"id":1483,"date":"2026-01-20T12:11:11","date_gmt":"2026-01-20T12:11:11","guid":{"rendered":"https:\/\/bonuskongcasino.com\/login-and-registration\/"},"modified":"2026-03-05T13:44:14","modified_gmt":"2026-03-05T13:44:14","slug":"anmeldung-und-registrierung","status":"publish","type":"page","link":"https:\/\/thetesorcasino.com\/de\/anmeldung-und-registrierung\/","title":{"rendered":"Anmeldung und Registrierung"},"content":{"rendered":"<h1>Anmeldung und Registrierung bei Tesor Casino<\/h1>\n<p>Angefangen bei der Registrierung und dem Tesor Casino Login bieten alle Aktionen den Spielern eine sichere, effiziente und unterhaltsame Umgebung. Tesor Casino legt Wert auf Sicherheit, bequemen Zugang und ganzheitliches Spielen. Mit unserer Anmeldeoption haben Sie einfachen Zugang zu einer vollwertigen Plattform, die zahlreiche Spiele, einzigartige Boni und ma\u00dfgeschneiderte Funktionen und Dienste bietet, die all Ihren Bed\u00fcrfnissen gerecht werden.<\/p>\n<p><div class=\"banner-wrap\" aria-label=\"Banner\"><img src=\"https:\/\/thetesorcasino.com\/wp-content\/uploads\/2026\/03\/tesorcasino-bnr-pc-2.webp\" class=\"w-100 d-none d-lg-block img-pc main-banner-img\" alt=\"tesorcasino banner desktop\" fetchpriority=\"high\" decoding=\"async\"><img src=\"https:\/\/thetesorcasino.com\/wp-content\/uploads\/2026\/03\/tesorcasino-banner-mobile.webp\" class=\"w-100 d-none d-md-block d-lg-none main-banner-img\" alt=\"tesorcasino banner mobile\" fetchpriority=\"high\" decoding=\"async\"><img src=\"https:\/\/thetesorcasino.com\/wp-content\/uploads\/2026\/03\/tesorcasino-banner-mobile.webp\" class=\"w-100 d-md-none\" alt=\"tesorcasino banner mobile\" fetchpriority=\"high\" decoding=\"async\"><div class=\"banner-description\">\n<div class=\"banner-title\">Willkommensboni<\/div>\n<p class=\"banner-header-title\">\u20ac3,000<\/p>\n<div class=\"banner-header-AdditionalText\">+ 300 Freispiele<\/div>\n<button data-item=\"homepage_banner_link\" class=\"goto m-button m-gradient-border m-button--primary m-button--large banner-button btn-orange\">\n            <div class=\"m-button-content\">\n                <span>Jetzt anmelden<\/span>\n                <span><\/span>\n            <\/div>\n        <\/button>\n<\/div>\n<div class=\"WelcomePack\">\n<p><img loading=\"lazy\" decoding=\"async\" class=\"alignnone size-full wp-image-2022\" src=\"https:\/\/thetesorcasino.com\/wp-content\/uploads\/welcome-crown.png\" alt=\"welcome crown\" width=\"25\" height=\"26\" \/><\/p>\n<div class=\"WelcomePack-Info\">W\u00f6chentlicher Cashback von bis zu 25 %<\/div>\n<p><img loading=\"lazy\" decoding=\"async\" class=\"alignnone size-full wp-image-2022\" src=\"https:\/\/thetesorcasino.com\/wp-content\/uploads\/welcome-crown.png\" alt=\"welcome crown\" width=\"25\" height=\"26\" \/><\/p>\n<\/div>\n<\/div><div class=\"scrollable-content-wrap my-5\"><div class=\"scrollable-content-inner\"><h2>Neuanmeldung bei Tesor Casino<\/h2>\n<p>Mit einem Konto bei Tesor Casino haben Sie vollen Zugriff auf alle unsere Spielprodukte. Wir haben mehr als 6.000 Titel aus verschiedenen Slots f\u00fcr Sie vorbereitet, darunter sch\u00f6ne B\u00fccher, fantastische Raddrehungen und hei\u00dfe Live-Casinospiele.<\/p>\n<p>Die Registrierung gew\u00e4hrt Ihnen Zugang zu unserer umfangreichen Spielebibliothek und bietet Ihnen au\u00dferdem die M\u00f6glichkeit, lukrative Boni, Werbeaktionen und individuelle Angebote zu erhalten.<\/p>\n<p>Das Registrierungsverfahren ist einfach, sodass neue Spieler einfach und sicher ihr eigenes Konto erstellen k\u00f6nnen.<\/p>\n<h3>Schritte zur Registrierung bei Tesorcasino<\/h3>\n<p>Die gesamte Registrierung bei Tesorcasino ist schnell erledigt:<\/p>\n<ol>\n<li>Klicken Sie auf die Schaltfl\u00e4che \u201eRegistrieren\u201c in der oberen rechten Ecke.<\/li>\n<li>Wir begr\u00fc\u00dfen Sie mit einem Banner mit unserem Willkommenspaket von bis zu 3.000 \u20ac + 500 Freispielen.<\/li>\n<li>Sie m\u00fcssen Ihre E-Mail-Adresse eingeben.<\/li>\n<li>Klicken Sie unten und geben Sie Ihr Passwort ein.<\/li>\n<li>Geben Sie Ihren Promo-Code ein \u2013 daf\u00fcr melden Sie sich f\u00fcr unsere Werbe-E-Mails an; Sie k\u00f6nnen die K\u00e4stchen unten ankreuzen. Sie k\u00f6nnen Boni oder Freispiele erhalten, um Ihr erstes Spielerlebnis interessanter zu gestalten.<\/li>\n<li>Best\u00e4tigen Sie, dass Sie mindestens 18 Jahre alt sind und dass Sie die Allgemeinen Gesch\u00e4ftsbedingungen und die Datenschutzerkl\u00e4rung akzeptieren.<\/li>\n<li>Schlie\u00dfen Sie die Registrierung ab, indem Sie das Formular ausf\u00fcllen.<\/li>\n<\/ol>\n<p>Der n\u00e4chste Schritt nach der Registrierung ist die Kontoverifizierung, die dazu beitr\u00e4gt, Ihr Profil zu sichern und die Einhaltung der Sicherheitsanforderungen zu gew\u00e4hrleisten.<\/p>\n<p><img loading=\"lazy\" decoding=\"async\" class=\"alignnone size-full wp-image-2005\" src=\"https:\/\/thetesorcasino.com\/wp-content\/uploads\/2026\/03\/Tesorcasino-login-page.webp\" alt=\"Tesorcasino login page\" width=\"1248\" height=\"536\" srcset=\"https:\/\/thetesorcasino.com\/wp-content\/uploads\/2026\/03\/Tesorcasino-login-page.webp 1248w, https:\/\/thetesorcasino.com\/wp-content\/uploads\/2026\/03\/Tesorcasino-login-page-300x129.webp 300w, https:\/\/thetesorcasino.com\/wp-content\/uploads\/2026\/03\/Tesorcasino-login-page-1024x440.webp 1024w, https:\/\/thetesorcasino.com\/wp-content\/uploads\/2026\/03\/Tesorcasino-login-page-768x330.webp 768w\" sizes=\"auto, (max-width: 1248px) 100vw, 1248px\" \/><\/p>\n<h2>Anmeldeprozess bei Tesor Casino<\/h2>\n<p>Herzlichen Gl\u00fcckwunsch zur Registrierung Ihres Tesorcasino-Kontos! Wir freuen uns, Sie an Bord zu haben. Jetzt ist es Zeit f\u00fcr Ihre erste Anmeldung bei Tesor Casino. Die Plattform ist schnell und sicher \u00fcber die Anmeldung zug\u00e4nglich. Dazu gehen Sie wie folgt vor:<\/p>\n<table>\n<tbody>\n<tr>\n<td>Aktion<\/td>\n<td>Wichtige Details<\/td>\n<\/tr>\n<tr>\n<td>\u00d6ffnen Sie die Hauptseite von Tesorcasino<\/td>\n<td>Stellen Sie sicher, dass Sie sich auf unserer Website befinden, um Ihr Konto zu sch\u00fctzen.<\/td>\n<\/tr>\n<tr>\n<td>Suchen Sie den Login-Bereich<\/td>\n<td>Der Login-Bereich ist gut sichtbar platziert, damit Sie schnell darauf zugreifen k\u00f6nnen.<\/td>\n<\/tr>\n<tr>\n<td>Geben Sie Ihre registrierte E-Mail-Adresse ein<\/td>\n<td>Verwenden Sie die E-Mail-Adresse, mit der Sie sich bei Tesor Casino registriert haben.<\/td>\n<\/tr>\n<tr>\n<td>Geben Sie Ihr Passwort ein<\/td>\n<td>Vergewissern Sie sich, dass Ihr Passwort korrekt ist; verwenden Sie zur Vereinfachung gegebenenfalls einen Passwort-Manager.<\/td>\n<\/tr>\n<tr>\n<td>Klicken Sie auf die Anmeldeschaltfl\u00e4che von Tesor Casino<\/td>\n<td>Dadurch erhalten Sie Zugriff auf Ihr pers\u00f6nliches Dashboard und alle Funktionen der Plattform.<\/td>\n<\/tr>\n<\/tbody>\n<\/table>\n<p>Neben den herk\u00f6mmlichen Anmeldemethoden bietet Tesor Casino auch die M\u00f6glichkeit, ein Authentifizierungssystem eines Drittanbieters zu verwenden, z. B. die Google-Anmeldung. So k\u00f6nnen unsere Spieler ihre Konten nutzen, ohne sich weitere Passw\u00f6rter merken zu m\u00fcssen, und die Sicherheit bleibt auf einem hohen Niveau. Und ja, nach Ihrer Anmeldung bei Tesor Casino k\u00f6nnen Sie mit Ihrer Spielzeit alles tun, was Sie m\u00f6chten \u2013 Einzahlungen und Auszahlungen vornehmen, Spiele spielen und Ihre Kontodaten ganz einfach verwalten.<\/p>\n<h2>Tesorcasino-Kontoverifizierung und Sicherheit<\/h2>\n<p>Tesor Casino verwendet ein umfangreiches Verifizierungssystem, um eine sichere Spielumgebung zu gew\u00e4hrleisten. Dieser Prozess umfasst:<\/p>\n<ul>\n<li>Die Einreichung offizieller Dokumente wie amtlicher Ausweise oder Reisep\u00e4sse zur Identit\u00e4tspr\u00fcfung durch unser Support Team.<\/li>\n<li>Die Vorlage von Nachweisen \u00fcber Ihren Wohnsitz, Stromrechnungen usw., um Ihre Adressdaten zu best\u00e4tigen.<\/li>\n<\/ul>\n<p>Danach \u00fcberpr\u00fcfen wir Ihre Identit\u00e4t innerhalb von 1\u20132 Tagen (au\u00dfer an Wochenenden oder Feiertagen). Das bedeutet, dass Sie Zugang zum Tesor Casino Login erhalten und alles kennenlernen k\u00f6nnen. Warum ist der Verifizierungsprozess \u00fcberhaupt notwendig? Da wir gesetzliche Anforderungen erf\u00fcllen und unbefugten Zugriff auf Konten verhindern m\u00fcssen, gew\u00e4hren wir vollen Zugriff, einschlie\u00dflich Einzahlungen, Auszahlungen und Teilnahme an allen Spielm\u00f6glichkeiten.<\/p>\n<h2>So sch\u00fctzen Sie Ihr Konto<\/h2>\n<p>Die Sicherheit Ihres Kontos ist von entscheidender Bedeutung. Tesor Casino empfiehlt:<\/p>\n<ul>\n<li>Verwenden Sie extrem sichere Passw\u00f6rter, die niemand leicht hacken kann. Bilden Sie komplizierte Buchstabenkombinationen, Zahlen und Sonderzeichen.<\/li>\n<li>Aktivieren Sie 2FA \u2013 die 2-Faktor-Authentifizierung \u2013 die erheblich zum Schutz Ihres Kontos beitr\u00e4gt. Sie sollte eine zus\u00e4tzliche Sicherheitsebene darstellen.<\/li>\n<li>Geben Sie Ihre Anmeldedaten nicht an andere Personen weiter. Nicht einmal an Ihre Freunde oder Freundinnen.<\/li>\n<\/ul>\n<p>Das \u00c4ndern der Anmeldedaten bei Tesor Casino und die Kontrolle der Kontoaktivit\u00e4ten k\u00f6nnen allen unseren Spielern helfen, Hackerangriffe, Betrug oder andere unangenehme Cybervorf\u00e4lle zu vermeiden.<\/p>\n<h3>Haben Sie Ihr Passwort vergessen?<\/h3>\n<p>Wir kennen das Gef\u00fchl. Sie freuen sich darauf, endlich zu entspannen, Ihre Spiele auf unserer Plattform zu spielen und sich bei Tesor Casino anzumelden. Sie geben Ihre E-Mail-Adresse und Ihr Passwort ein und sehen Folgendes: \u201eUng\u00fcltige Anmeldung oder ung\u00fcltiges Passwort.\u201c Sie k\u00f6nnen es nicht glauben und geben Ihre Anmeldedaten immer wieder ein. Immer dasselbe. Unglaublich! Aber warten Sie \u2013 wir helfen Ihnen gerne weiter.<\/p>\n<p>Wenn Sie vergessen haben, wie Sie sich bei Tesor Casino anmelden, haben wir ein einfaches Verfahren zur Passwortwiederherstellung:<\/p>\n<ol>\n<li>Klicken Sie auf Ihren Tesor Casino Login und w\u00e4hlen Sie die Schaltfl\u00e4che \u201ePasswort vergessen?\u201c.<\/li>\n<li>Wir haben Ihnen eine E-Mail geschickt, damit Sie ein neues und sicheres Passwort erstellen k\u00f6nnen.<\/li>\n<\/ol>\n<p>Denken Sie immer daran, Ihren Spam-Ordner zu \u00fcberpr\u00fcfen, falls die E-Mail nicht rechtzeitig ankommt.<\/p>\n<h2>FAQ<\/h2>\n<h3>Kann ich mein Profil bei Tesorcasino mit Freunden oder anderen Spielern teilen?<\/h3>\n<p>Wir untersagen unseren Spielern strengstens, ein gemeinsames Konto oder einen gemeinsamen Tesorcasino Login zu haben. Jeder Benutzer sollte das alleinige Eigentum an seinem Konto behalten, um Sicherheit und Integrit\u00e4t zu gew\u00e4hrleisten. Wenn Sie mehr wissen m\u00f6chten, schreiben Sie uns einfach im Live-Chat, um nachzufragen.<\/p>\n<h3>Kann ich automatisch ausgeloggt werden?<\/h3>\n<p>Wir haben strenge Sicherheitsvorkehrungen. Wenn Sie eine Weile nicht aktiv sind, besteht die M\u00f6glichkeit, dass Sie ausgeloggt werden. Aus Datenschutzgr\u00fcnden kann Tesor Casino Benutzer nach einer bestimmten Zeit automatisch ausloggen, um unbefugten Zugriff auf Konten zu verhindern.<\/p>\n<h3>Ist eine Zwei-Faktor-Authentifizierung verf\u00fcgbar?<\/h3>\n<p>Eine Zwei-Faktor-Authentifizierung ist verf\u00fcgbar und wird von uns empfohlen. Aktivieren Sie sie in den Kontoeinstellungen, um Ihrem Profil eine weitere Sicherheitsebene hinzuzuf\u00fcgen. Weitere Informationen erhalten Sie von unserem mehrsprachigen Support.<\/p>\n<\/div><\/div><\/p>\n","protected":false},"excerpt":{"rendered":"<p>Anmeldung und Registrierung bei Tesor Casino Angefangen bei der Registrierung und dem Tesor Casino Login bieten alle Aktionen den Spielern eine sichere, effiziente und unterhaltsame Umgebung. Tesor Casino legt Wert auf Sicherheit, bequemen Zugang und ganzheitliches Spielen. Mit unserer Anmeldeoption haben Sie einfachen Zugang zu einer vollwertigen Plattform, die zahlreiche Spiele, einzigartige Boni und ma\u00dfgeschneiderte [&hellip;]<\/p>\n","protected":false},"author":1,"featured_media":0,"parent":0,"menu_order":0,"comment_status":"closed","ping_status":"closed","template":"template-builder.php","meta":{"_acf_changed":false,"inline_featured_image":false,"footnotes":""},"class_list":["post-1483","page","type-page","status-publish","hentry"],"acf":[],"yoast_head":"<!-- This site is optimized with the Yoast SEO plugin v27.3 - https:\/\/yoast.com\/product\/yoast-seo-wordpress\/ -->\n<title>Tesor Casino Login \u2013 Sicher in dein Casino-Konto einloggen<\/title>\n<meta name=\"description\" content=\"Tesor Casino Login \u2013 melde dich sicher mit verschl\u00fcsseltem Zugang und schneller Verifizierung in deinem Casino-Konto an. Verwalte Passwortwiederherstellung, Profileinstellungen und Kontofunktionen einfach bei Tesorcasino.\" \/>\n<meta name=\"robots\" content=\"index, follow, max-snippet:-1, max-image-preview:large, max-video-preview:-1\" \/>\n<link rel=\"canonical\" href=\"https:\/\/thetesorcasino.com\/de\/anmeldung-und-registrierung\/\" \/>\n<meta property=\"og:locale\" content=\"de_DE\" \/>\n<meta property=\"og:type\" content=\"article\" \/>\n<meta property=\"og:title\" content=\"Tesor Casino Login \u2013 Sicher in dein Casino-Konto einloggen\" \/>\n<meta property=\"og:description\" content=\"Tesor Casino Login \u2013 melde dich sicher mit verschl\u00fcsseltem Zugang und schneller Verifizierung in deinem Casino-Konto an. Verwalte Passwortwiederherstellung, Profileinstellungen und Kontofunktionen einfach bei Tesorcasino.\" \/>\n<meta property=\"og:url\" content=\"https:\/\/thetesorcasino.com\/de\/anmeldung-und-registrierung\/\" \/>\n<meta property=\"og:site_name\" content=\"tesorcasino\" \/>\n<meta property=\"article:modified_time\" content=\"2026-03-05T13:44:14+00:00\" \/>\n<meta name=\"twitter:card\" content=\"summary_large_image\" \/>\n<meta name=\"twitter:label1\" content=\"Gesch\u00e4tzte Lesezeit\" \/>\n\t<meta name=\"twitter:data1\" content=\"1\u00a0Minute\" \/>\n<script type=\"application\/ld+json\" class=\"yoast-schema-graph\">{\"@context\":\"https:\\\/\\\/schema.org\",\"@graph\":[{\"@type\":\"WebPage\",\"@id\":\"https:\\\/\\\/thetesorcasino.com\\\/de\\\/anmeldung-und-registrierung\\\/\",\"url\":\"https:\\\/\\\/thetesorcasino.com\\\/de\\\/anmeldung-und-registrierung\\\/\",\"name\":\"Tesor Casino Login \u2013 Sicher in dein Casino-Konto einloggen\",\"isPartOf\":{\"@id\":\"https:\\\/\\\/thetesorcasino.com\\\/de\\\/#website\"},\"datePublished\":\"2026-01-20T12:11:11+00:00\",\"dateModified\":\"2026-03-05T13:44:14+00:00\",\"description\":\"Tesor Casino Login \u2013 melde dich sicher mit verschl\u00fcsseltem Zugang und schneller Verifizierung in deinem Casino-Konto an. Verwalte Passwortwiederherstellung, Profileinstellungen und Kontofunktionen einfach bei Tesorcasino.\",\"breadcrumb\":{\"@id\":\"https:\\\/\\\/thetesorcasino.com\\\/de\\\/anmeldung-und-registrierung\\\/#breadcrumb\"},\"inLanguage\":\"de\",\"potentialAction\":[{\"@type\":\"ReadAction\",\"target\":[\"https:\\\/\\\/thetesorcasino.com\\\/de\\\/anmeldung-und-registrierung\\\/\"]}]},{\"@type\":\"BreadcrumbList\",\"@id\":\"https:\\\/\\\/thetesorcasino.com\\\/de\\\/anmeldung-und-registrierung\\\/#breadcrumb\",\"itemListElement\":[{\"@type\":\"ListItem\",\"position\":1,\"name\":\"Tesorcasino\",\"item\":\"https:\\\/\\\/thetesorcasino.com\\\/de\\\/\"},{\"@type\":\"ListItem\",\"position\":2,\"name\":\"Anmeldung und Registrierung\"}]},{\"@type\":\"WebSite\",\"@id\":\"https:\\\/\\\/thetesorcasino.com\\\/de\\\/#website\",\"url\":\"https:\\\/\\\/thetesorcasino.com\\\/de\\\/\",\"name\":\"Tesorcasino\",\"description\":\"\",\"publisher\":{\"@id\":\"https:\\\/\\\/thetesorcasino.com\\\/de\\\/#organization\"},\"potentialAction\":[{\"@type\":\"SearchAction\",\"target\":{\"@type\":\"EntryPoint\",\"urlTemplate\":\"https:\\\/\\\/thetesorcasino.com\\\/de\\\/?s={search_term_string}\"},\"query-input\":{\"@type\":\"PropertyValueSpecification\",\"valueRequired\":true,\"valueName\":\"search_term_string\"}}],\"inLanguage\":\"de\"},{\"@type\":\"Organization\",\"@id\":\"https:\\\/\\\/thetesorcasino.com\\\/de\\\/#organization\",\"name\":\"Tesorcasino\",\"url\":\"https:\\\/\\\/thetesorcasino.com\\\/de\\\/\",\"logo\":{\"@type\":\"ImageObject\",\"inLanguage\":\"de\",\"@id\":\"https:\\\/\\\/thetesorcasino.com\\\/de\\\/#\\\/schema\\\/logo\\\/image\\\/\",\"url\":\"https:\\\/\\\/thetesorcasino.com\\\/wp-content\\\/uploads\\\/2026\\\/03\\\/Tesorcasino-logo.png\",\"contentUrl\":\"https:\\\/\\\/thetesorcasino.com\\\/wp-content\\\/uploads\\\/2026\\\/03\\\/Tesorcasino-logo.png\",\"width\":246,\"height\":44,\"caption\":\"Tesorcasino\"},\"image\":{\"@id\":\"https:\\\/\\\/thetesorcasino.com\\\/de\\\/#\\\/schema\\\/logo\\\/image\\\/\"}}]}<\/script>\n<!-- \/ Yoast SEO plugin. -->","yoast_head_json":{"title":"Tesor Casino Login \u2013 Sicher in dein Casino-Konto einloggen","description":"Tesor Casino Login \u2013 melde dich sicher mit verschl\u00fcsseltem Zugang und schneller Verifizierung in deinem Casino-Konto an. Verwalte Passwortwiederherstellung, Profileinstellungen und Kontofunktionen einfach bei Tesorcasino.","robots":{"index":"index","follow":"follow","max-snippet":"max-snippet:-1","max-image-preview":"max-image-preview:large","max-video-preview":"max-video-preview:-1"},"canonical":"https:\/\/thetesorcasino.com\/de\/anmeldung-und-registrierung\/","og_locale":"de_DE","og_type":"article","og_title":"Tesor Casino Login \u2013 Sicher in dein Casino-Konto einloggen","og_description":"Tesor Casino Login \u2013 melde dich sicher mit verschl\u00fcsseltem Zugang und schneller Verifizierung in deinem Casino-Konto an. Verwalte Passwortwiederherstellung, Profileinstellungen und Kontofunktionen einfach bei Tesorcasino.","og_url":"https:\/\/thetesorcasino.com\/de\/anmeldung-und-registrierung\/","og_site_name":"tesorcasino","article_modified_time":"2026-03-05T13:44:14+00:00","twitter_card":"summary_large_image","twitter_misc":{"Gesch\u00e4tzte Lesezeit":"1\u00a0Minute"},"schema":{"@context":"https:\/\/schema.org","@graph":[{"@type":"WebPage","@id":"https:\/\/thetesorcasino.com\/de\/anmeldung-und-registrierung\/","url":"https:\/\/thetesorcasino.com\/de\/anmeldung-und-registrierung\/","name":"Tesor Casino Login \u2013 Sicher in dein Casino-Konto einloggen","isPartOf":{"@id":"https:\/\/thetesorcasino.com\/de\/#website"},"datePublished":"2026-01-20T12:11:11+00:00","dateModified":"2026-03-05T13:44:14+00:00","description":"Tesor Casino Login \u2013 melde dich sicher mit verschl\u00fcsseltem Zugang und schneller Verifizierung in deinem Casino-Konto an. Verwalte Passwortwiederherstellung, Profileinstellungen und Kontofunktionen einfach bei Tesorcasino.","breadcrumb":{"@id":"https:\/\/thetesorcasino.com\/de\/anmeldung-und-registrierung\/#breadcrumb"},"inLanguage":"de","potentialAction":[{"@type":"ReadAction","target":["https:\/\/thetesorcasino.com\/de\/anmeldung-und-registrierung\/"]}]},{"@type":"BreadcrumbList","@id":"https:\/\/thetesorcasino.com\/de\/anmeldung-und-registrierung\/#breadcrumb","itemListElement":[{"@type":"ListItem","position":1,"name":"Tesorcasino","item":"https:\/\/thetesorcasino.com\/de\/"},{"@type":"ListItem","position":2,"name":"Anmeldung und Registrierung"}]},{"@type":"WebSite","@id":"https:\/\/thetesorcasino.com\/de\/#website","url":"https:\/\/thetesorcasino.com\/de\/","name":"Tesorcasino","description":"","publisher":{"@id":"https:\/\/thetesorcasino.com\/de\/#organization"},"potentialAction":[{"@type":"SearchAction","target":{"@type":"EntryPoint","urlTemplate":"https:\/\/thetesorcasino.com\/de\/?s={search_term_string}"},"query-input":{"@type":"PropertyValueSpecification","valueRequired":true,"valueName":"search_term_string"}}],"inLanguage":"de"},{"@type":"Organization","@id":"https:\/\/thetesorcasino.com\/de\/#organization","name":"Tesorcasino","url":"https:\/\/thetesorcasino.com\/de\/","logo":{"@type":"ImageObject","inLanguage":"de","@id":"https:\/\/thetesorcasino.com\/de\/#\/schema\/logo\/image\/","url":"https:\/\/thetesorcasino.com\/wp-content\/uploads\/2026\/03\/Tesorcasino-logo.png","contentUrl":"https:\/\/thetesorcasino.com\/wp-content\/uploads\/2026\/03\/Tesorcasino-logo.png","width":246,"height":44,"caption":"Tesorcasino"},"image":{"@id":"https:\/\/thetesorcasino.com\/de\/#\/schema\/logo\/image\/"}}]}},"_links":{"self":[{"href":"https:\/\/thetesorcasino.com\/de\/wp-json\/wp\/v2\/pages\/1483","targetHints":{"allow":["GET"]}}],"collection":[{"href":"https:\/\/thetesorcasino.com\/de\/wp-json\/wp\/v2\/pages"}],"about":[{"href":"https:\/\/thetesorcasino.com\/de\/wp-json\/wp\/v2\/types\/page"}],"author":[{"embeddable":true,"href":"https:\/\/thetesorcasino.com\/de\/wp-json\/wp\/v2\/users\/1"}],"replies":[{"embeddable":true,"href":"https:\/\/thetesorcasino.com\/de\/wp-json\/wp\/v2\/comments?post=1483"}],"version-history":[{"count":2,"href":"https:\/\/thetesorcasino.com\/de\/wp-json\/wp\/v2\/pages\/1483\/revisions"}],"predecessor-version":[{"id":2056,"href":"https:\/\/thetesorcasino.com\/de\/wp-json\/wp\/v2\/pages\/1483\/revisions\/2056"}],"wp:attachment":[{"href":"https:\/\/thetesorcasino.com\/de\/wp-json\/wp\/v2\/media?parent=1483"}],"curies":[{"name":"wp","href":"https:\/\/api.w.org\/{rel}","templated":true}]}}