{"id":1449,"date":"2026-01-20T12:08:23","date_gmt":"2026-01-20T12:08:23","guid":{"rendered":"https:\/\/bonuskongcasino.com\/app-2\/"},"modified":"2026-03-05T14:49:21","modified_gmt":"2026-03-05T14:49:21","slug":"aplicacion","status":"publish","type":"page","link":"https:\/\/thetesorcasino.com\/es\/aplicacion\/","title":{"rendered":"Aplicaci\u00f3n"},"content":{"rendered":"<h1>Plataforma m\u00f3vil Tesorcasino<\/h1>\n<p>Tesorcasino app est\u00e1 aqu\u00ed para cambiar tu forma de pensar sobre la comodidad de la portabilidad. La aplicaci\u00f3n es c\u00f3moda y de f\u00e1cil acceso, lo que permite a los jugadores espa\u00f1oles disfrutar de una variada selecci\u00f3n de experiencias de juego en nuestro cat\u00e1logo de m\u00e1s de 6.000 t\u00edtulos. Tesor Casino ofrece a los jugadores m\u00f3viles bonificaciones, promociones y torneos integrados, lo que significa que pueden optimizar las capacidades de su juego dondequiera que vayan. Tiene un dise\u00f1o f\u00e1cil de usar y un rendimiento fiable, lo que hace que sea muy sencillo jugar a los juegos online de Tesorcasino dondequiera que vayas.<\/p>\n<div class=\"banner-wrap\" aria-label=\"Banner\"><img src=\"https:\/\/thetesorcasino.com\/wp-content\/uploads\/2026\/03\/tesorcasino-bnr-pc-2.webp\" class=\"w-100 d-none d-lg-block img-pc main-banner-img\" alt=\"tesorcasino banner desktop\" fetchpriority=\"high\" decoding=\"async\"><img src=\"https:\/\/thetesorcasino.com\/wp-content\/uploads\/2026\/03\/tesorcasino-banner-mobile.webp\" class=\"w-100 d-none d-md-block d-lg-none main-banner-img\" alt=\"tesorcasino banner mobile\" fetchpriority=\"high\" decoding=\"async\"><img src=\"https:\/\/thetesorcasino.com\/wp-content\/uploads\/2026\/03\/tesorcasino-banner-mobile.webp\" class=\"w-100 d-md-none\" alt=\"tesorcasino banner mobile\" fetchpriority=\"high\" decoding=\"async\"><div class=\"banner-description\">\n<div class=\"banner-title\">Bonos de bienvenida<\/div>\n<p class=\"banner-header-title\">\u20ac3,000<\/p>\n<div class=\"banner-header-AdditionalText\">+ 300 Tiradas gratis<\/div>\n<button data-item=\"homepage_banner_link\" class=\"goto m-button m-gradient-border m-button--primary m-button--large banner-button btn-orange\">\n            <div class=\"m-button-content\">\n                <span>Reg\u00edstrate ahora<\/span>\n                <span><\/span>\n            <\/div>\n        <\/button>\n<\/div>\n<div class=\"WelcomePack\">\n<p><img loading=\"lazy\" decoding=\"async\" class=\"alignnone size-full wp-image-2026\" src=\"https:\/\/thetesorcasino.com\/wp-content\/uploads\/welcome-crown.png\" alt=\"welcome crown\" width=\"25\" height=\"26\" \/><\/p>\n<div class=\"WelcomePack-Info\">Reembolso semanal de hasta el 25 %<\/div>\n<p><img loading=\"lazy\" decoding=\"async\" class=\"alignnone size-full wp-image-2026\" src=\"https:\/\/thetesorcasino.com\/wp-content\/uploads\/welcome-crown.png\" alt=\"welcome crown\" width=\"25\" height=\"26\" \/><\/p>\n<\/div>\n<\/div>\n<h2>Usar Tesor Casino en el m\u00f3vil<\/h2>\n<p>La aplicaci\u00f3n Tesorcasino est\u00e1 optimizada para ofrecer una experiencia de juego m\u00f3vil eficiente. Es vers\u00e1til y ayuda a los jugadores a disfrutar c\u00f3modamente de sus tragamonedas online, juegos de mesa, y opciones con crupier en vivo preferidos. La plataforma m\u00f3vil Tesorcasino est\u00e1 siempre disponible para ti. \u00bfNo es perfecto? Al igual que en el ordenador, puedes acceder a todo el cat\u00e1logo de juegos, hacer clic en cualquier lugar, pasar el proceso de verificaci\u00f3n KYC, depositar dinero, retirar, sumergirte en torneos, consultar el historial y realizar un mont\u00f3n de otras actividades interesantes que tenemos en Tesor Casino. Admitimos varios dispositivos, que son flexibles y c\u00f3modos para todos los jugadores. \u00bfY lo mejor? El servicio de atenci\u00f3n al cliente tambi\u00e9n est\u00e1 a tu disposici\u00f3n en cualquier momento.<\/p>\n<p><div class=\"scrollable-content-wrap my-5\"><div class=\"scrollable-content-inner\"><h2>Tesorcasino Android PWA<\/h2>\n<p>La aplicaci\u00f3n web progresiva (PWA) de Tesorcasino en Android tiene ventajas sustanciales sobre las aplicaciones tradicionales y los archivos APK. La PWA es ligera y r\u00e1pida. No necesita descargas molestas desde otros lugares o tiendas. Sabemos que los archivos APK comunes ocupan menos espacio de almacenamiento y se descargan m\u00e1s r\u00e1pido. Pero la PWA es diferente. Puedes obtener actualizaciones autom\u00e1ticas gracias a su estructura basada en la web. Los jugadores disponen de todas las \u00faltimas funciones de Tesor Casino sin intervenci\u00f3n manual ni actualizaciones del sistema. La tecnolog\u00eda ofrece una experiencia de juego eficaz y segura, una carga r\u00e1pida del contenido y una navegaci\u00f3n sencilla.<\/p>\n<h2>Ventajas de las PWA frente a las aplicaciones tradicionales y los APK<\/h2>\n<p>Entonces, \u00bfpor qu\u00e9 PWA es tan superior? \u00a1Te lo explicamos f\u00e1cilmente! PWA tiene muchas ventajas sobre las aplicaciones tradicionales y los APK. Por ejemplo:<\/p>\n<ul>\n<li>No es necesario descargar nada: en comparaci\u00f3n con los archivos APK, la PWA se puede abrir incluso en navegadores, por lo que no es necesario instalarla.<\/li>\n<li>Actualizaciones autom\u00e1ticas: la PWA se actualiza autom\u00e1ticamente en segundo plano, por lo que, afortunadamente, los jugadores siempre disfrutan de la \u00faltima versi\u00f3n.<\/li>\n<li>Compatibilidad con dispositivos: la aplicaci\u00f3n es compatible con muchos dispositivos Android y no se limita a ning\u00fan dispositivo en particular (bueno, a menos que est\u00e9s presumiendo con el m\u00f3vil de tu abuela), por lo que la mayor\u00eda de los smartphones ejecutan nuestro casino m\u00f3vil a la perfecci\u00f3n.<\/li>\n<li>Eficiencia de almacenamiento: como soluci\u00f3n basada en la web, nuestra PWA Tesorcasino ocupa poco espacio de almacenamiento en el dispositivo.<\/li>\n<li>Mayor seguridad: Las PWA se basan en el protocolo HTTPS, que proporciona un alto nivel de seguridad para todas las transacciones y operaciones de juego.<\/li>\n<\/ul>\n<p>Como puedes ver, es una gran idea probar nuestra aplicaci\u00f3n Tesorcasino para comprobar por ti mismo todas sus ventajas.<\/p>\n<p><img loading=\"lazy\" decoding=\"async\" class=\"alignnone size-full wp-image-1985\" src=\"https:\/\/thetesorcasino.com\/wp-content\/uploads\/2026\/03\/Tesorcasino-Android.webp\" alt=\"Tesorcasino Android\" width=\"1248\" height=\"536\" srcset=\"https:\/\/thetesorcasino.com\/wp-content\/uploads\/2026\/03\/Tesorcasino-Android.webp 1248w, https:\/\/thetesorcasino.com\/wp-content\/uploads\/2026\/03\/Tesorcasino-Android-300x129.webp 300w, https:\/\/thetesorcasino.com\/wp-content\/uploads\/2026\/03\/Tesorcasino-Android-1024x440.webp 1024w, https:\/\/thetesorcasino.com\/wp-content\/uploads\/2026\/03\/Tesorcasino-Android-768x330.webp 768w\" sizes=\"auto, (max-width: 1248px) 100vw, 1248px\" \/><\/p>\n<\/div><\/div><div style=\"clear: both\"><\/div><div class=\"d-flex justify-content-center\"><button data-item=\"decouvrez_link\" data-group=\"website_links\" class=\"goto fw-bold rounded-pill btn btn-orange\" aria-label=\"Descarga la aplicaci\u00f3n Tesorcasino\" >Descarga la aplicaci\u00f3n Tesorcasino<\/button><\/div><div class=\"scrollable-content-wrap my-5\"><div class=\"scrollable-content-inner\"><h2>Aplicaci\u00f3n m\u00f3vil Tesorcasino para iOS<\/h2>\n<p>La aplicaci\u00f3n Tesorcasino para iPhone tambi\u00e9n te sorprender\u00e1 gratamente. Ofrecemos una experiencia mejorada para los usuarios de productos Apple. Es r\u00e1pida en todas las funciones del casino, como tragamonedas en l\u00ednea, juegos de casino en vivo, libros y torneos actuales. La aplicaci\u00f3n tambi\u00e9n es f\u00e1cil de usar y los botones no son peque\u00f1os, todo es c\u00f3modo para la vista.<\/p>\n<p>Es f\u00e1cil de navegar y los juegos se cargan muy r\u00e1pidamente. La seguridad y la privacidad son de primera categor\u00eda. La aplicaci\u00f3n cumple con los estrictos requisitos de Apple para garantizar un entorno de juego seguro.<\/p>\n<p><img loading=\"lazy\" decoding=\"async\" class=\"alignnone size-full wp-image-2001\" src=\"https:\/\/thetesorcasino.com\/wp-content\/uploads\/2026\/03\/Tesorcasino-iOS.webp\" alt=\"Tesorcasino iOS\" width=\"1248\" height=\"536\" srcset=\"https:\/\/thetesorcasino.com\/wp-content\/uploads\/2026\/03\/Tesorcasino-iOS.webp 1248w, https:\/\/thetesorcasino.com\/wp-content\/uploads\/2026\/03\/Tesorcasino-iOS-300x129.webp 300w, https:\/\/thetesorcasino.com\/wp-content\/uploads\/2026\/03\/Tesorcasino-iOS-1024x440.webp 1024w, https:\/\/thetesorcasino.com\/wp-content\/uploads\/2026\/03\/Tesorcasino-iOS-768x330.webp 768w\" sizes=\"auto, (max-width: 1248px) 100vw, 1248px\" \/><\/p>\n<\/div><\/div><div style=\"clear: both\"><\/div><div class=\"d-flex justify-content-center\"><button data-item=\"decouvrez_link\" data-group=\"website_links\" class=\"goto fw-bold rounded-pill btn btn-orange\" aria-label=\"Descargar Tesorcasino\" >Descargar Tesorcasino<\/button><\/div><div class=\"scrollable-content-wrap my-5\"><div class=\"scrollable-content-inner\"><h2>Aplicaciones para Windows y macOS<\/h2>\n<p>Y, por supuesto, nada estar\u00eda completo sin el Tesor Casino para ordenadores de sobremesa; al fin y al cabo, todo el mundo quiere disfrutarlo en 3D, \u00bfno?<\/p>\n<p>Por eso, hemos creado versiones de escritorio para Windows y Mac. Los jugadores que aman los juegos de escritorio encontrar\u00e1n entornos de juego estables y de alto rendimiento. Las versiones de escritorio son compatibles con todas las funciones del casino. Todo est\u00e1 donde debe estar: nuestras colecciones de libros, nuestras batallas de p\u00f3quer, las ruedas girando ruidosamente y una atm\u00f3sfera de victoria. Las aplicaciones para Windows y macOS son compatibles con monitores grandes y conexiones r\u00e1pidas a Internet, lo que las convierte en una experiencia de juego muy inmersiva.<\/p>\n<table>\n<tbody>\n<tr>\n<td>Caracter\u00edstica<\/td>\n<td>Aplicaci\u00f3n para Windows<\/td>\n<td>Aplicaci\u00f3n para macOS<\/td>\n<\/tr>\n<tr>\n<td>Compatibilidad<\/td>\n<td>Dise\u00f1ada para sistemas operativos Windows<\/td>\n<td>Dise\u00f1ado espec\u00edficamente para macOS<\/td>\n<\/tr>\n<tr>\n<td>Rendimiento<\/td>\n<td>Alto rendimiento, optimizado para hardware y navegadores Windows<\/td>\n<td>Rendimiento estable y fluido en dispositivos Mac y Apple<\/td>\n<\/tr>\n<tr>\n<td>Experiencia de usuario<\/td>\n<td>Acceso completo a todas las funciones del casino, interfaz intuitiva<\/td>\n<td>Integraci\u00f3n perfecta con la interfaz de Mac, f\u00e1cil de usar<\/td>\n<\/tr>\n<tr>\n<td>Caracter\u00edsticas<\/td>\n<td>Todas las funciones: tragamonedas, p\u00f3ker, crupier en vivo, bonificaciones<\/td>\n<td>Conjunto completo de funciones, incluyendo juegos en vivo y promociones<\/td>\n<\/tr>\n<tr>\n<td>Pantalla y gr\u00e1ficos<\/td>\n<td>Compatible con monitores grandes y pantallas de alta resoluci\u00f3n<\/td>\n<td>Optimizado para las caracter\u00edsticas de MAC<\/td>\n<\/tr>\n<tr>\n<td>Navegadores<\/td>\n<td>Google Chrome, Mozilla Firefox, Brave, Opera<\/td>\n<td>Safari, Google Chrome, Firefox, Microsoft Edge, Brave y Vivaldi<\/td>\n<\/tr>\n<tr>\n<td>Compatibilidad<\/td>\n<td>Compatible con ordenadores de sobremesa y equipos de gaming de gama alta<\/td>\n<td>Compatible con varios modelos de Mac, desde MacBook hasta iMac<\/td>\n<\/tr>\n<\/tbody>\n<\/table>\n<p><img loading=\"lazy\" decoding=\"async\" class=\"alignnone size-full wp-image-1993\" src=\"https:\/\/thetesorcasino.com\/wp-content\/uploads\/2026\/03\/Tesorcasino-Desktop.webp\" alt=\"Tesorcasino Desktop\" width=\"1248\" height=\"536\" srcset=\"https:\/\/thetesorcasino.com\/wp-content\/uploads\/2026\/03\/Tesorcasino-Desktop.webp 1248w, https:\/\/thetesorcasino.com\/wp-content\/uploads\/2026\/03\/Tesorcasino-Desktop-300x129.webp 300w, https:\/\/thetesorcasino.com\/wp-content\/uploads\/2026\/03\/Tesorcasino-Desktop-1024x440.webp 1024w, https:\/\/thetesorcasino.com\/wp-content\/uploads\/2026\/03\/Tesorcasino-Desktop-768x330.webp 768w\" sizes=\"auto, (max-width: 1248px) 100vw, 1248px\" \/><\/p>\n<\/div><\/div><div style=\"clear: both\"><\/div><div class=\"d-flex justify-content-center\"><button data-item=\"decouvrez_link\" data-group=\"website_links\" class=\"goto fw-bold rounded-pill btn btn-orange\" aria-label=\"Descarga la aplicaci\u00f3n Tesorcasino\" >Descarga la aplicaci\u00f3n Tesorcasino<\/button><\/div><div class=\"scrollable-content-wrap my-5\"><div class=\"scrollable-content-inner\"><h2>Preguntas<\/h2>\n<h3>\u00bfEs necesario crear una cuenta para utilizar la aplicaci\u00f3n Tesorcasino?<\/h3>\n<p>Al igual que con cualquier aplicaci\u00f3n, es esencial crear una cuenta para utilizar todas las funciones de la aplicaci\u00f3n Tesorcasino. El registro es f\u00e1cil y otorga acceso instant\u00e1neo a bonificaciones, torneos y nuestro servicio de atenci\u00f3n al cliente, el mejor del mundo. La seguridad y el cumplimiento de la normativa pueden requerir verificaciones y comprobaciones adicionales, como una llamada o algunos documentos adicionales. Tras el registro, los jugadores disfrutan de una experiencia de juego sin restricciones en todos los dispositivos.<\/p>\n<h3>\u00bfLa aplicaci\u00f3n Tesorcasino ofrece atenci\u00f3n al cliente?<\/h3>\n<p>La aplicaci\u00f3n Tesorcasino cuenta con un equipo de atenci\u00f3n al cliente que trabaja sin descanso. Solo tienes que ponerte en contacto con nosotros a trav\u00e9s del chat en vivo y el correo electr\u00f3nico. El equipo de asistencia est\u00e1 disponible las 24 horas del d\u00eda para ayudarte con la gesti\u00f3n de tu cuenta, as\u00ed como con cualquier problema financiero o t\u00e9cnico. Tambi\u00e9n puedes hacer preguntas sobre bonificaciones y torneos. La funci\u00f3n de chat en vivo ayuda a garantizar soluciones r\u00e1pidas para que los jugadores puedan seguir jugando.<\/p>\n<h3>\u00bfC\u00f3mo puedo actualizar la aplicaci\u00f3n Tesor Casino?<\/h3>\n<p>Actualizar la aplicaci\u00f3n Tesorcasino es muy f\u00e1cil. En los m\u00f3viles, la aplicaci\u00f3n se actualiza autom\u00e1ticamente. Y para la versi\u00f3n completa, lo m\u00e1s probable es que recibas una notificaci\u00f3n del navegador. Las actualizaciones peri\u00f3dicas de la aplicaci\u00f3n garantizan que el usuario est\u00e9 al d\u00eda de las \u00faltimas funciones, parches de seguridad y ofertas.<\/p>\n<h3>\u00bfHay bonificaciones y torneos disponibles en el m\u00f3vil?<\/h3>\n<p>S\u00ed, las ofertas de bienvenida, todos los bonos, incluidos los bonos de recarga y los torneos especiales, est\u00e1n disponibles en la plataforma m\u00f3vil de Tesorcasino. El casino m\u00f3vil est\u00e1 al mismo nivel que la aplicaci\u00f3n de escritorio, por lo que los jugadores pueden participar en torneos, reclamar bonos y jugar a tragamonedas en l\u00ednea y juegos con crupier en vivo sin interrupciones en cualquier dispositivo mientras se divierten en Tesorcasino Casino.<\/p>\n<\/div><\/div><\/p>\n","protected":false},"excerpt":{"rendered":"<p>Plataforma m\u00f3vil Tesorcasino Tesorcasino app est\u00e1 aqu\u00ed para cambiar tu forma de pensar sobre la comodidad de la portabilidad. La aplicaci\u00f3n es c\u00f3moda y de f\u00e1cil acceso, lo que permite a los jugadores espa\u00f1oles disfrutar de una variada selecci\u00f3n de experiencias de juego en nuestro cat\u00e1logo de m\u00e1s de 6.000 t\u00edtulos. Tesor Casino ofrece a [&hellip;]<\/p>\n","protected":false},"author":1,"featured_media":0,"parent":0,"menu_order":0,"comment_status":"closed","ping_status":"closed","template":"template-builder.php","meta":{"_acf_changed":false,"inline_featured_image":false,"footnotes":""},"class_list":["post-1449","page","type-page","status-publish","hentry"],"acf":[],"yoast_head":"<!-- This site is optimized with the Yoast SEO plugin v27.3 - https:\/\/yoast.com\/product\/yoast-seo-wordpress\/ -->\n<title>Tesor Casino App \u2013 iOS, Android | Descargar<\/title>\n<meta name=\"description\" content=\"Tesor Casino App \u2013 descarga la aplicaci\u00f3n m\u00f3vil para iOS y Android para jugar slots, ruleta, juegos de mesa y casino en vivo en cualquier lugar. Disfruta de un rendimiento fluido y acceso completo a tu cuenta con Tesorcasino.\" \/>\n<meta name=\"robots\" content=\"index, follow, max-snippet:-1, max-image-preview:large, max-video-preview:-1\" \/>\n<link rel=\"canonical\" href=\"https:\/\/thetesorcasino.com\/es\/aplicacion\/\" \/>\n<meta property=\"og:locale\" content=\"es_ES\" \/>\n<meta property=\"og:type\" content=\"article\" \/>\n<meta property=\"og:title\" content=\"Tesor Casino App \u2013 iOS, Android | Descargar\" \/>\n<meta property=\"og:description\" content=\"Tesor Casino App \u2013 descarga la aplicaci\u00f3n m\u00f3vil para iOS y Android para jugar slots, ruleta, juegos de mesa y casino en vivo en cualquier lugar. Disfruta de un rendimiento fluido y acceso completo a tu cuenta con Tesorcasino.\" \/>\n<meta property=\"og:url\" content=\"https:\/\/thetesorcasino.com\/es\/aplicacion\/\" \/>\n<meta property=\"og:site_name\" content=\"tesorcasino\" \/>\n<meta property=\"article:modified_time\" content=\"2026-03-05T14:49:21+00:00\" \/>\n<meta name=\"twitter:card\" content=\"summary_large_image\" \/>\n<meta name=\"twitter:label1\" content=\"Est. reading time\" \/>\n\t<meta name=\"twitter:data1\" content=\"2 minutes\" \/>\n<script type=\"application\/ld+json\" class=\"yoast-schema-graph\">{\"@context\":\"https:\\\/\\\/schema.org\",\"@graph\":[{\"@type\":\"WebPage\",\"@id\":\"https:\\\/\\\/thetesorcasino.com\\\/es\\\/aplicacion\\\/\",\"url\":\"https:\\\/\\\/thetesorcasino.com\\\/es\\\/aplicacion\\\/\",\"name\":\"Tesor Casino App \u2013 iOS, Android | Descargar\",\"isPartOf\":{\"@id\":\"https:\\\/\\\/thetesorcasino.com\\\/es\\\/#website\"},\"datePublished\":\"2026-01-20T12:08:23+00:00\",\"dateModified\":\"2026-03-05T14:49:21+00:00\",\"description\":\"Tesor Casino App \u2013 descarga la aplicaci\u00f3n m\u00f3vil para iOS y Android para jugar slots, ruleta, juegos de mesa y casino en vivo en cualquier lugar. Disfruta de un rendimiento fluido y acceso completo a tu cuenta con Tesorcasino.\",\"breadcrumb\":{\"@id\":\"https:\\\/\\\/thetesorcasino.com\\\/es\\\/aplicacion\\\/#breadcrumb\"},\"inLanguage\":\"es-ES\",\"potentialAction\":[{\"@type\":\"ReadAction\",\"target\":[\"https:\\\/\\\/thetesorcasino.com\\\/es\\\/aplicacion\\\/\"]}]},{\"@type\":\"BreadcrumbList\",\"@id\":\"https:\\\/\\\/thetesorcasino.com\\\/es\\\/aplicacion\\\/#breadcrumb\",\"itemListElement\":[{\"@type\":\"ListItem\",\"position\":1,\"name\":\"Tesorcasino\",\"item\":\"https:\\\/\\\/thetesorcasino.com\\\/es\\\/\"},{\"@type\":\"ListItem\",\"position\":2,\"name\":\"Aplicaci\u00f3n\"}]},{\"@type\":\"WebSite\",\"@id\":\"https:\\\/\\\/thetesorcasino.com\\\/es\\\/#website\",\"url\":\"https:\\\/\\\/thetesorcasino.com\\\/es\\\/\",\"name\":\"Tesorcasino\",\"description\":\"\",\"publisher\":{\"@id\":\"https:\\\/\\\/thetesorcasino.com\\\/es\\\/#organization\"},\"potentialAction\":[{\"@type\":\"SearchAction\",\"target\":{\"@type\":\"EntryPoint\",\"urlTemplate\":\"https:\\\/\\\/thetesorcasino.com\\\/es\\\/?s={search_term_string}\"},\"query-input\":{\"@type\":\"PropertyValueSpecification\",\"valueRequired\":true,\"valueName\":\"search_term_string\"}}],\"inLanguage\":\"es-ES\"},{\"@type\":\"Organization\",\"@id\":\"https:\\\/\\\/thetesorcasino.com\\\/es\\\/#organization\",\"name\":\"Tesorcasino\",\"url\":\"https:\\\/\\\/thetesorcasino.com\\\/es\\\/\",\"logo\":{\"@type\":\"ImageObject\",\"inLanguage\":\"es-ES\",\"@id\":\"https:\\\/\\\/thetesorcasino.com\\\/es\\\/#\\\/schema\\\/logo\\\/image\\\/\",\"url\":\"https:\\\/\\\/thetesorcasino.com\\\/wp-content\\\/uploads\\\/2026\\\/03\\\/Tesorcasino-logo.png\",\"contentUrl\":\"https:\\\/\\\/thetesorcasino.com\\\/wp-content\\\/uploads\\\/2026\\\/03\\\/Tesorcasino-logo.png\",\"width\":246,\"height\":44,\"caption\":\"Tesorcasino\"},\"image\":{\"@id\":\"https:\\\/\\\/thetesorcasino.com\\\/es\\\/#\\\/schema\\\/logo\\\/image\\\/\"}}]}<\/script>\n<!-- \/ Yoast SEO plugin. -->","yoast_head_json":{"title":"Tesor Casino App \u2013 iOS, Android | Descargar","description":"Tesor Casino App \u2013 descarga la aplicaci\u00f3n m\u00f3vil para iOS y Android para jugar slots, ruleta, juegos de mesa y casino en vivo en cualquier lugar. Disfruta de un rendimiento fluido y acceso completo a tu cuenta con Tesorcasino.","robots":{"index":"index","follow":"follow","max-snippet":"max-snippet:-1","max-image-preview":"max-image-preview:large","max-video-preview":"max-video-preview:-1"},"canonical":"https:\/\/thetesorcasino.com\/es\/aplicacion\/","og_locale":"es_ES","og_type":"article","og_title":"Tesor Casino App \u2013 iOS, Android | Descargar","og_description":"Tesor Casino App \u2013 descarga la aplicaci\u00f3n m\u00f3vil para iOS y Android para jugar slots, ruleta, juegos de mesa y casino en vivo en cualquier lugar. Disfruta de un rendimiento fluido y acceso completo a tu cuenta con Tesorcasino.","og_url":"https:\/\/thetesorcasino.com\/es\/aplicacion\/","og_site_name":"tesorcasino","article_modified_time":"2026-03-05T14:49:21+00:00","twitter_card":"summary_large_image","twitter_misc":{"Est. reading time":"2 minutes"},"schema":{"@context":"https:\/\/schema.org","@graph":[{"@type":"WebPage","@id":"https:\/\/thetesorcasino.com\/es\/aplicacion\/","url":"https:\/\/thetesorcasino.com\/es\/aplicacion\/","name":"Tesor Casino App \u2013 iOS, Android | Descargar","isPartOf":{"@id":"https:\/\/thetesorcasino.com\/es\/#website"},"datePublished":"2026-01-20T12:08:23+00:00","dateModified":"2026-03-05T14:49:21+00:00","description":"Tesor Casino App \u2013 descarga la aplicaci\u00f3n m\u00f3vil para iOS y Android para jugar slots, ruleta, juegos de mesa y casino en vivo en cualquier lugar. Disfruta de un rendimiento fluido y acceso completo a tu cuenta con Tesorcasino.","breadcrumb":{"@id":"https:\/\/thetesorcasino.com\/es\/aplicacion\/#breadcrumb"},"inLanguage":"es-ES","potentialAction":[{"@type":"ReadAction","target":["https:\/\/thetesorcasino.com\/es\/aplicacion\/"]}]},{"@type":"BreadcrumbList","@id":"https:\/\/thetesorcasino.com\/es\/aplicacion\/#breadcrumb","itemListElement":[{"@type":"ListItem","position":1,"name":"Tesorcasino","item":"https:\/\/thetesorcasino.com\/es\/"},{"@type":"ListItem","position":2,"name":"Aplicaci\u00f3n"}]},{"@type":"WebSite","@id":"https:\/\/thetesorcasino.com\/es\/#website","url":"https:\/\/thetesorcasino.com\/es\/","name":"Tesorcasino","description":"","publisher":{"@id":"https:\/\/thetesorcasino.com\/es\/#organization"},"potentialAction":[{"@type":"SearchAction","target":{"@type":"EntryPoint","urlTemplate":"https:\/\/thetesorcasino.com\/es\/?s={search_term_string}"},"query-input":{"@type":"PropertyValueSpecification","valueRequired":true,"valueName":"search_term_string"}}],"inLanguage":"es-ES"},{"@type":"Organization","@id":"https:\/\/thetesorcasino.com\/es\/#organization","name":"Tesorcasino","url":"https:\/\/thetesorcasino.com\/es\/","logo":{"@type":"ImageObject","inLanguage":"es-ES","@id":"https:\/\/thetesorcasino.com\/es\/#\/schema\/logo\/image\/","url":"https:\/\/thetesorcasino.com\/wp-content\/uploads\/2026\/03\/Tesorcasino-logo.png","contentUrl":"https:\/\/thetesorcasino.com\/wp-content\/uploads\/2026\/03\/Tesorcasino-logo.png","width":246,"height":44,"caption":"Tesorcasino"},"image":{"@id":"https:\/\/thetesorcasino.com\/es\/#\/schema\/logo\/image\/"}}]}},"_links":{"self":[{"href":"https:\/\/thetesorcasino.com\/es\/wp-json\/wp\/v2\/pages\/1449","targetHints":{"allow":["GET"]}}],"collection":[{"href":"https:\/\/thetesorcasino.com\/es\/wp-json\/wp\/v2\/pages"}],"about":[{"href":"https:\/\/thetesorcasino.com\/es\/wp-json\/wp\/v2\/types\/page"}],"author":[{"embeddable":true,"href":"https:\/\/thetesorcasino.com\/es\/wp-json\/wp\/v2\/users\/1"}],"replies":[{"embeddable":true,"href":"https:\/\/thetesorcasino.com\/es\/wp-json\/wp\/v2\/comments?post=1449"}],"version-history":[{"count":4,"href":"https:\/\/thetesorcasino.com\/es\/wp-json\/wp\/v2\/pages\/1449\/revisions"}],"predecessor-version":[{"id":2086,"href":"https:\/\/thetesorcasino.com\/es\/wp-json\/wp\/v2\/pages\/1449\/revisions\/2086"}],"wp:attachment":[{"href":"https:\/\/thetesorcasino.com\/es\/wp-json\/wp\/v2\/media?parent=1449"}],"curies":[{"name":"wp","href":"https:\/\/api.w.org\/{rel}","templated":true}]}}