{"id":1461,"date":"2026-01-20T12:21:20","date_gmt":"2026-01-20T12:21:20","guid":{"rendered":"https:\/\/bonuskongcasino.com\/bonus-2\/"},"modified":"2026-03-05T14:52:25","modified_gmt":"2026-03-05T14:52:25","slug":"bonificacion","status":"publish","type":"page","link":"https:\/\/thetesorcasino.com\/es\/bonificacion\/","title":{"rendered":"Bonificaci\u00f3n"},"content":{"rendered":"<h1>Bonificaciones y recompensas de Tesor Casino<\/h1>\n<p>La colecci\u00f3n de Tesor Casino bonus cuenta con una amplia gama de premios que pueden impresionar a todos los jugadores espa\u00f1oles e inspirar una competencia creativa. Con un completo sistema de promociones, torneos y bonificaciones, Tesorcasino garantiza que todos los jugadores disfruten de oportunidades justas, transparentes y rentables para maximizar su juego. Nuestro objetivo sigue siendo ofrecer entornos de juego seguros y responsables, respaldados por continuas actualizaciones promocionales que mantienen viva la emoci\u00f3n.<\/p>\n<p><div class=\"banner-wrap\" aria-label=\"Banner\"><img src=\"https:\/\/thetesorcasino.com\/wp-content\/uploads\/2026\/03\/tesorcasino-bnr-pc-2.webp\" class=\"w-100 d-none d-lg-block img-pc main-banner-img\" alt=\"tesorcasino banner desktop\" fetchpriority=\"high\" decoding=\"async\"><img src=\"https:\/\/thetesorcasino.com\/wp-content\/uploads\/2026\/03\/tesorcasino-banner-mobile.webp\" class=\"w-100 d-none d-md-block d-lg-none main-banner-img\" alt=\"tesorcasino banner mobile\" fetchpriority=\"high\" decoding=\"async\"><img src=\"https:\/\/thetesorcasino.com\/wp-content\/uploads\/2026\/03\/tesorcasino-banner-mobile.webp\" class=\"w-100 d-md-none\" alt=\"tesorcasino banner mobile\" fetchpriority=\"high\" decoding=\"async\"><div class=\"banner-description\">\n<div class=\"banner-title\">Bonos de bienvenida<\/div>\n<p class=\"banner-header-title\">\u20ac3,000<\/p>\n<div class=\"banner-header-AdditionalText\">+ 300 Tiradas gratis<\/div>\n<button data-item=\"homepage_banner_link\" class=\"goto m-button m-gradient-border m-button--primary m-button--large banner-button btn-orange\">\n            <div class=\"m-button-content\">\n                <span>Reg\u00edstrate ahora<\/span>\n                <span><\/span>\n            <\/div>\n        <\/button>\n<\/div>\n<div class=\"WelcomePack\">\n<p><img loading=\"lazy\" decoding=\"async\" class=\"alignnone size-full wp-image-2026\" src=\"https:\/\/thetesorcasino.com\/wp-content\/uploads\/welcome-crown.png\" alt=\"welcome crown\" width=\"25\" height=\"26\" \/><\/p>\n<div class=\"WelcomePack-Info\">Reembolso semanal de hasta el 25 %<\/div>\n<p><img loading=\"lazy\" decoding=\"async\" class=\"alignnone size-full wp-image-2026\" src=\"https:\/\/thetesorcasino.com\/wp-content\/uploads\/welcome-crown.png\" alt=\"welcome crown\" width=\"25\" height=\"26\" \/><\/p>\n<\/div>\n<\/div><div class=\"promotions-wrap\"><div class=\"promotion-card\" style=\"background-image: url(https:\/\/thetesorcasino.com\/wp-content\/uploads\/2026\/03\/welcome-pack.webp);\"><h2 class=\"promotion-card__title\">Paquete de bienvenida<\/h2><label class=\"promotion-card__offer\">hasta 3.000 \u20ac + 500 tiradas gratis<\/label><label class=\"promotion-card__description\"><\/label><div class=\"promotion-card__actions\"><button data-item=\"payments_link\" data-group=\"website_links\" class=\"goto btn btn-orange rounded-pill fw-bold px-4 m-button m-gradient-border m-button--primary m-button--large promotion-button promotion-card__action-btn\" aria-label=\"Registrarse\"><div class=\"m-button-content\"><span class=\"promotion-button__content\">Registrarse<\/span><\/div><\/button><button data-item=\"http:\/\/bonus_link\" data-group=\"website_links\" class=\"goto m-button m-gradient-border m-button--secondary m-button--medium promotion-card__info-btn\" aria-label=\"More information\"><div class=\"m-button-content\"><svg viewBox=\"0 0 24 24\" fill=\"none\" xmlns=\"http:\/\/www.w3.org\/2000\/svg\" class=\"m-icon m-icon-loadable\" name=\"Attention\" loading=\"false\" aria-hidden=\"true\"><path d=\"M12 22C6.477 22 2 17.522 2 12S6.477 2 12 2s10 4.478 10 10-4.477 10-10 10m-.002-13.004a.999.999 0 1 0 0-1.997.999.999 0 0 0 0 1.997M12 17a1 1 0 0 0 .993-.884L13 16l-.002-5.001-.007-.117a1 1 0 0 0-1.986 0l-.007.117L11 16l.007.117A1 1 0 0 0 12 17\" fill=\"currentColor\"><\/path><\/svg><\/div><\/button><\/div><\/div><div class=\"promotion-card\" style=\"background-image: url(https:\/\/thetesorcasino.com\/wp-content\/uploads\/2026\/03\/cashback.webp);\"><h2 class=\"promotion-card__title\">Reembolso semanal<\/h2><label class=\"promotion-card__offer\">hasta un 25 %<\/label><label class=\"promotion-card__description\"><\/label><div class=\"promotion-card__actions\"><button data-item=\"payments_link\" data-group=\"website_links\" class=\"goto btn btn-orange rounded-pill fw-bold px-4 m-button m-gradient-border m-button--primary m-button--large promotion-button promotion-card__action-btn\" aria-label=\"Registrarse\"><div class=\"m-button-content\"><span class=\"promotion-button__content\">Registrarse<\/span><\/div><\/button><button data-item=\"http:\/\/bonus_link\" data-group=\"website_links\" class=\"goto m-button m-gradient-border m-button--secondary m-button--medium promotion-card__info-btn\" aria-label=\"More information\"><div class=\"m-button-content\"><svg viewBox=\"0 0 24 24\" fill=\"none\" xmlns=\"http:\/\/www.w3.org\/2000\/svg\" class=\"m-icon m-icon-loadable\" name=\"Attention\" loading=\"false\" aria-hidden=\"true\"><path d=\"M12 22C6.477 22 2 17.522 2 12S6.477 2 12 2s10 4.478 10 10-4.477 10-10 10m-.002-13.004a.999.999 0 1 0 0-1.997.999.999 0 0 0 0 1.997M12 17a1 1 0 0 0 .993-.884L13 16l-.002-5.001-.007-.117a1 1 0 0 0-1.986 0l-.007.117L11 16l.007.117A1 1 0 0 0 12 17\" fill=\"currentColor\"><\/path><\/svg><\/div><\/button><\/div><\/div><div class=\"promotion-card\" style=\"background-image: url(https:\/\/thetesorcasino.com\/wp-content\/uploads\/2026\/03\/sunday-reload.webp);\"><h2 class=\"promotion-card__title\">Recarga dominical<\/h2><label class=\"promotion-card__offer\">25 % de bonificaci\u00f3n por dep\u00f3sito hasta 100 \u20ac todos los domingos<\/label><label class=\"promotion-card__description\"><\/label><div class=\"promotion-card__actions\"><button data-item=\"payments_link\" data-group=\"website_links\" class=\"goto btn btn-orange rounded-pill fw-bold px-4 m-button m-gradient-border m-button--primary m-button--large promotion-button promotion-card__action-btn\" aria-label=\"Registrarse\"><div class=\"m-button-content\"><span class=\"promotion-button__content\">Registrarse<\/span><\/div><\/button><button data-item=\"http:\/\/bonus_link\" data-group=\"website_links\" class=\"goto m-button m-gradient-border m-button--secondary m-button--medium promotion-card__info-btn\" aria-label=\"More information\"><div class=\"m-button-content\"><svg viewBox=\"0 0 24 24\" fill=\"none\" xmlns=\"http:\/\/www.w3.org\/2000\/svg\" class=\"m-icon m-icon-loadable\" name=\"Attention\" loading=\"false\" aria-hidden=\"true\"><path d=\"M12 22C6.477 22 2 17.522 2 12S6.477 2 12 2s10 4.478 10 10-4.477 10-10 10m-.002-13.004a.999.999 0 1 0 0-1.997.999.999 0 0 0 0 1.997M12 17a1 1 0 0 0 .993-.884L13 16l-.002-5.001-.007-.117a1 1 0 0 0-1.986 0l-.007.117L11 16l.007.117A1 1 0 0 0 12 17\" fill=\"currentColor\"><\/path><\/svg><\/div><\/button><\/div><\/div><\/div><div class=\"scrollable-content-wrap my-5\"><div class=\"scrollable-content-inner\"><h2>Promociones en Tesor Casino<\/h2>\n<p>El sistema de bonificaciones de Tesor Casino cuenta con una amplia gama de promociones continuas adaptadas a las diferentes preferencias de los jugadores. Podr\u00e1s disfrutar de un paquete de bienvenida, ofertas de temporada y maravillosas batallas exclusivas por una enorme suma de dinero que organizamos con frecuencia.<\/p>\n<p>Nuestra estructura promocional hace hincapi\u00e9 en la equidad y la claridad. Las actualizaciones peri\u00f3dicas y las campa\u00f1as espec\u00edficas ofrecen a nuestros jugadores acceso a atractivas recompensas, como giros gratis, reembolsos y bonos por dep\u00f3sito. Estas promociones de Tesorcasino est\u00e1n siempre vigentes. Si te unes a nosotros, te animamos a explorar las distintas categor\u00edas de juegos, que incluyen tragamonedas, juegos de mesa y experiencias con crupieres en vivo, as\u00ed como secciones especiales anuales que abrimos para celebrar las principales fiestas.<\/p>\n<h2>Torneos<\/h2>\n<p>Los torneos de Tesorcasino a\u00f1aden un elemento de emoci\u00f3n competitiva y la oportunidad de obtener importantes recompensas. Los estructuramos de forma muy inteligente para poner a prueba la habilidad y la suerte, ofreciendo a los jugadores la oportunidad de competir por impresionantes premios. Algunos ejemplos son:<\/p>\n<table>\n<tbody>\n<tr>\n<td>Nombre del torneo<\/td>\n<td>Bote de premios<\/td>\n<td>Frecuencia y detalles<\/td>\n<\/tr>\n<tr>\n<td>Spinoleague<\/td>\n<td>12.000.000 \u20ac<\/td>\n<td>Una competici\u00f3n continua con clasificaci\u00f3n que recompensa a los mejores jugadores con un enorme premio en met\u00e1lico a lo largo de un a\u00f1o.<\/td>\n<\/tr>\n<tr>\n<td>BGaming Drops<\/td>\n<td>90.000 \u20ac por temporada<\/td>\n<td>Eventos de drops de temporada de nuestro proveedor para reclamar premios al alcanzar objetivos espec\u00edficos en los juegos de BGaming.<\/td>\n<\/tr>\n<tr>\n<td>Drops &amp; Wins<\/td>\n<td>25.000.000 \u20ac<\/td>\n<td>Los mayores botes continuos, con drops semanales y de temporada, botes y oportunidades de bonos de Tesor Casino en m\u00faltiples juegos.<\/td>\n<\/tr>\n<tr>\n<td>Torneo Rookie Rumble<\/p>\n<p>&nbsp;<\/td>\n<td>2.500 \u20ac diarios<\/td>\n<td>Torneo diario especialmente dise\u00f1ado para principiantes, que reta a los jugadores a demostrar sus habilidades para ganar recompensas diarias en efectivo.<\/td>\n<\/tr>\n<tr>\n<td>Torneo en vivo<\/td>\n<td>10.000 \u20ac diarios<\/td>\n<td>Se celebra todos los d\u00edas con juego en vivo, ofreciendo a los participantes la oportunidad de ganar importantes premios en efectivo compitiendo en tiempo real.<\/td>\n<\/tr>\n<\/tbody>\n<\/table>\n<p>La participaci\u00f3n est\u00e1 abierta a todos los jugadores registrados en Tesorcasino, lo que fomenta un ambiente din\u00e1mico y atractivo que recompensa el juego estrat\u00e9gico.<\/p>\n<p><img loading=\"lazy\" decoding=\"async\" class=\"alignnone size-full wp-image-2017\" src=\"https:\/\/thetesorcasino.com\/wp-content\/uploads\/2026\/03\/Tesorcasino-bonus-page.webp\" alt=\"Tesorcasino bonus page\" width=\"1248\" height=\"536\" srcset=\"https:\/\/thetesorcasino.com\/wp-content\/uploads\/2026\/03\/Tesorcasino-bonus-page.webp 1248w, https:\/\/thetesorcasino.com\/wp-content\/uploads\/2026\/03\/Tesorcasino-bonus-page-300x129.webp 300w, https:\/\/thetesorcasino.com\/wp-content\/uploads\/2026\/03\/Tesorcasino-bonus-page-1024x440.webp 1024w, https:\/\/thetesorcasino.com\/wp-content\/uploads\/2026\/03\/Tesorcasino-bonus-page-768x330.webp 768w\" sizes=\"auto, (max-width: 1248px) 100vw, 1248px\" \/><\/p>\n<h2>Paquete de bienvenida de Tesor Casino<\/h2>\n<p>Creamos un paquete de bienvenida muy generoso para los reci\u00e9n llegados, porque queremos que todos tengan un buen comienzo. Al registrarse, los jugadores reciben un completo paquete de bonos de Tesor Casino para aumentar su saldo inicial y mejorar sus posibilidades de ganar, \u00a1con un m\u00ednimo de 3000 \u20ac y 500 tiradas gratis! Como ves, se trata de una combinaci\u00f3n de fondos de bonificaci\u00f3n y tiradas gratis, que est\u00e1n disponibles de inmediato para su uso en una amplia selecci\u00f3n de juegos de casino.<\/p>\n<h3>Bono por primer dep\u00f3sito<\/h3>\n<p>El bono por primer dep\u00f3sito en Tesorcasino es un componente clave de nuestra oferta de bienvenida. Los jugadores que realicen su primer dep\u00f3sito se benefician de un bono del 100 % hasta 1000 \u20ac, acompa\u00f1ado de 250 tiradas gratis que deben utilizar en los primeros 3 d\u00edas, \u00a1no m\u00e1s tarde! Estas tiradas se pueden utilizar en populares tragamonedas para prolongar el juego y tener m\u00e1s posibilidades de ganar. El requisito de apuesta para este bono es de 30 veces.<\/p>\n<h3>Bono por segundo dep\u00f3sito<\/h3>\n<p>El segundo dep\u00f3sito en Tesor Casino tiene un bono del 50 % hasta 1000 \u20ac y 100 tiradas gratis adicionales. Esta promoci\u00f3n tiene como objetivo fomentar la participaci\u00f3n continua y recompensar la fidelidad. Al igual que con el bono por primer dep\u00f3sito, el requisito de apuesta sigue siendo de 30, ya que somos coherentes en cuanto a la claridad y sabemos que los jugadores no quieren sorpresas desagradables.<\/p>\n<h3>Bono por tercer dep\u00f3sito<\/h3>\n<p>Para promover el juego sostenido, Tesor Casino ofrece un bono por tercer dep\u00f3sito: un 50 % hasta 1000 \u20ac, m\u00e1s 150 tiradas gratis adicionales. Si depositas alrededor de 2000 \u20ac, desbloqueas un lo. Se mantiene el requisito de apuesta de 30 veces. Apoyamos el juego responsable y el \u00e9xito de los jugadores a largo plazo.<\/p>\n<h2>Misiones y la rueda de la fortuna como camino hacia la riqueza<\/h2>\n<p>A\u00f1adiendo un elemento l\u00fadico al sistema de bonificaciones, Tesor Casino ofrece misiones y la rueda de la fortuna. Estos giros interactivos permiten a los jugadores completar tareas espec\u00edficas o girar la rueda para obtener recompensas instant\u00e1neas, como cr\u00e9ditos de bonificaci\u00f3n, tiradas gratis o la participaci\u00f3n en torneos exclusivos.<\/p>\n<ul>\n<li>Superar las misiones interactivas de Tesorcasino hace que los jugadores se sientan felices y comprometidos. Pueden apostar y competir entre ellos, rascar tarjetas y ganar en loter\u00edas.<\/li>\n<li>Al girar la Rueda de la Fortuna se activan un mont\u00f3n de funciones adicionales, rondas de bonificaci\u00f3n de Tesor Casino y puntos que los jugadores pueden usar para aumentar sus ganancias en el juego.<\/li>\n<li>Para ganar, siempre hay que completar ciertas tareas que hacen pensar.<\/li>\n<li>La Rueda de la Fortuna ayuda a los jugadores a girar para ganar premios instant\u00e1neos, que pueden incluir cr\u00e9ditos de bonificaci\u00f3n, giros gratis o, en algunos torneos especiales, premios adicionales.<\/li>\n<li>Los vencedores tienen m\u00e1s oportunidades de acumular riqueza con esta inteligente gamificaci\u00f3n.<\/li>\n<\/ul>\n<p>Este enfoque incentiva la participaci\u00f3n continua y ofrece oportunidades adicionales para acumular riquezas.<\/p>\n<h2>Preguntas frecuentes<\/h2>\n<h3>\u00bfTengo que recibir bonificaciones o es opcional?<\/h3>\n<p>La participaci\u00f3n en los bonos es opcional. Los jugadores pueden optar por rechazarlos o participar en promociones o recompensas espec\u00edficas, con instrucciones claras proporcionadas durante el dep\u00f3sito o el registro.<\/p>\n<h3>\u00bfPuedo obtener bonificaciones tambi\u00e9n en la versi\u00f3n m\u00f3vil?<\/h3>\n<p>Tesor Casino ofrece las mismas oportunidades de bonificaci\u00f3n en la plataforma m\u00f3vil, as\u00ed que no te preocupes. La versi\u00f3n m\u00f3vil es una PWA, con todas las funciones del casino, acceso sin interrupciones y condiciones id\u00e9nticas en todos los dispositivos.<\/p>\n<h3>\u00bfCaducan los giros gratis?<\/h3>\n<p>S\u00ed, \u00a1y r\u00e1pido! Puedes perder tus giros en un par de d\u00edas, as\u00ed que date prisa. Normalmente caducan en un plazo determinado, que suele ser de 24 a 72 horas. Tenemos todos los detalles en la secci\u00f3n de condiciones de los bonos. Siempre detallamos la informaci\u00f3n en las condiciones de las promociones.<\/p>\n<\/div><\/div><\/p>\n","protected":false},"excerpt":{"rendered":"<p>Bonificaciones y recompensas de Tesor Casino La colecci\u00f3n de Tesor Casino bonus cuenta con una amplia gama de premios que pueden impresionar a todos los jugadores espa\u00f1oles e inspirar una competencia creativa. Con un completo sistema de promociones, torneos y bonificaciones, Tesorcasino garantiza que todos los jugadores disfruten de oportunidades justas, transparentes y rentables para [&hellip;]<\/p>\n","protected":false},"author":1,"featured_media":0,"parent":0,"menu_order":0,"comment_status":"closed","ping_status":"closed","template":"template-builder.php","meta":{"_acf_changed":false,"inline_featured_image":false,"footnotes":""},"class_list":["post-1461","page","type-page","status-publish","hentry"],"acf":[],"yoast_head":"<!-- This site is optimized with the Yoast SEO plugin v27.3 - https:\/\/yoast.com\/product\/yoast-seo-wordpress\/ -->\n<title>Tesor Casino Bonus | Ofertas de Bienvenida y Promociones<\/title>\n<meta name=\"description\" content=\"Tesor Casino Bonus \u2013 descubre emocionantes paquetes de bienvenida, ofertas de recarga y giros gratis. Disfruta de cashback semanal, torneos y recompensas exclusivas disponibles en Tesorcasino.\" \/>\n<meta name=\"robots\" content=\"index, follow, max-snippet:-1, max-image-preview:large, max-video-preview:-1\" \/>\n<link rel=\"canonical\" href=\"https:\/\/thetesorcasino.com\/es\/bonificacion\/\" \/>\n<meta property=\"og:locale\" content=\"es_ES\" \/>\n<meta property=\"og:type\" content=\"article\" \/>\n<meta property=\"og:title\" content=\"Tesor Casino Bonus | Ofertas de Bienvenida y Promociones\" \/>\n<meta property=\"og:description\" content=\"Tesor Casino Bonus \u2013 descubre emocionantes paquetes de bienvenida, ofertas de recarga y giros gratis. Disfruta de cashback semanal, torneos y recompensas exclusivas disponibles en Tesorcasino.\" \/>\n<meta property=\"og:url\" content=\"https:\/\/thetesorcasino.com\/es\/bonificacion\/\" \/>\n<meta property=\"og:site_name\" content=\"tesorcasino\" \/>\n<meta property=\"article:modified_time\" content=\"2026-03-05T14:52:25+00:00\" \/>\n<meta name=\"twitter:card\" content=\"summary_large_image\" \/>\n<meta name=\"twitter:label1\" content=\"Est. reading time\" \/>\n\t<meta name=\"twitter:data1\" content=\"1 minute\" \/>\n<script type=\"application\/ld+json\" class=\"yoast-schema-graph\">{\"@context\":\"https:\\\/\\\/schema.org\",\"@graph\":[{\"@type\":\"WebPage\",\"@id\":\"https:\\\/\\\/thetesorcasino.com\\\/es\\\/bonificacion\\\/\",\"url\":\"https:\\\/\\\/thetesorcasino.com\\\/es\\\/bonificacion\\\/\",\"name\":\"Tesor Casino Bonus | Ofertas de Bienvenida y Promociones\",\"isPartOf\":{\"@id\":\"https:\\\/\\\/thetesorcasino.com\\\/es\\\/#website\"},\"datePublished\":\"2026-01-20T12:21:20+00:00\",\"dateModified\":\"2026-03-05T14:52:25+00:00\",\"description\":\"Tesor Casino Bonus \u2013 descubre emocionantes paquetes de bienvenida, ofertas de recarga y giros gratis. Disfruta de cashback semanal, torneos y recompensas exclusivas disponibles en Tesorcasino.\",\"breadcrumb\":{\"@id\":\"https:\\\/\\\/thetesorcasino.com\\\/es\\\/bonificacion\\\/#breadcrumb\"},\"inLanguage\":\"es-ES\",\"potentialAction\":[{\"@type\":\"ReadAction\",\"target\":[\"https:\\\/\\\/thetesorcasino.com\\\/es\\\/bonificacion\\\/\"]}]},{\"@type\":\"BreadcrumbList\",\"@id\":\"https:\\\/\\\/thetesorcasino.com\\\/es\\\/bonificacion\\\/#breadcrumb\",\"itemListElement\":[{\"@type\":\"ListItem\",\"position\":1,\"name\":\"Tesorcasino\",\"item\":\"https:\\\/\\\/thetesorcasino.com\\\/es\\\/\"},{\"@type\":\"ListItem\",\"position\":2,\"name\":\"Bonificaci\u00f3n\"}]},{\"@type\":\"WebSite\",\"@id\":\"https:\\\/\\\/thetesorcasino.com\\\/es\\\/#website\",\"url\":\"https:\\\/\\\/thetesorcasino.com\\\/es\\\/\",\"name\":\"Tesorcasino\",\"description\":\"\",\"publisher\":{\"@id\":\"https:\\\/\\\/thetesorcasino.com\\\/es\\\/#organization\"},\"potentialAction\":[{\"@type\":\"SearchAction\",\"target\":{\"@type\":\"EntryPoint\",\"urlTemplate\":\"https:\\\/\\\/thetesorcasino.com\\\/es\\\/?s={search_term_string}\"},\"query-input\":{\"@type\":\"PropertyValueSpecification\",\"valueRequired\":true,\"valueName\":\"search_term_string\"}}],\"inLanguage\":\"es-ES\"},{\"@type\":\"Organization\",\"@id\":\"https:\\\/\\\/thetesorcasino.com\\\/es\\\/#organization\",\"name\":\"Tesorcasino\",\"url\":\"https:\\\/\\\/thetesorcasino.com\\\/es\\\/\",\"logo\":{\"@type\":\"ImageObject\",\"inLanguage\":\"es-ES\",\"@id\":\"https:\\\/\\\/thetesorcasino.com\\\/es\\\/#\\\/schema\\\/logo\\\/image\\\/\",\"url\":\"https:\\\/\\\/thetesorcasino.com\\\/wp-content\\\/uploads\\\/2026\\\/03\\\/Tesorcasino-logo.png\",\"contentUrl\":\"https:\\\/\\\/thetesorcasino.com\\\/wp-content\\\/uploads\\\/2026\\\/03\\\/Tesorcasino-logo.png\",\"width\":246,\"height\":44,\"caption\":\"Tesorcasino\"},\"image\":{\"@id\":\"https:\\\/\\\/thetesorcasino.com\\\/es\\\/#\\\/schema\\\/logo\\\/image\\\/\"}}]}<\/script>\n<!-- \/ Yoast SEO plugin. -->","yoast_head_json":{"title":"Tesor Casino Bonus | Ofertas de Bienvenida y Promociones","description":"Tesor Casino Bonus \u2013 descubre emocionantes paquetes de bienvenida, ofertas de recarga y giros gratis. Disfruta de cashback semanal, torneos y recompensas exclusivas disponibles en Tesorcasino.","robots":{"index":"index","follow":"follow","max-snippet":"max-snippet:-1","max-image-preview":"max-image-preview:large","max-video-preview":"max-video-preview:-1"},"canonical":"https:\/\/thetesorcasino.com\/es\/bonificacion\/","og_locale":"es_ES","og_type":"article","og_title":"Tesor Casino Bonus | Ofertas de Bienvenida y Promociones","og_description":"Tesor Casino Bonus \u2013 descubre emocionantes paquetes de bienvenida, ofertas de recarga y giros gratis. Disfruta de cashback semanal, torneos y recompensas exclusivas disponibles en Tesorcasino.","og_url":"https:\/\/thetesorcasino.com\/es\/bonificacion\/","og_site_name":"tesorcasino","article_modified_time":"2026-03-05T14:52:25+00:00","twitter_card":"summary_large_image","twitter_misc":{"Est. reading time":"1 minute"},"schema":{"@context":"https:\/\/schema.org","@graph":[{"@type":"WebPage","@id":"https:\/\/thetesorcasino.com\/es\/bonificacion\/","url":"https:\/\/thetesorcasino.com\/es\/bonificacion\/","name":"Tesor Casino Bonus | Ofertas de Bienvenida y Promociones","isPartOf":{"@id":"https:\/\/thetesorcasino.com\/es\/#website"},"datePublished":"2026-01-20T12:21:20+00:00","dateModified":"2026-03-05T14:52:25+00:00","description":"Tesor Casino Bonus \u2013 descubre emocionantes paquetes de bienvenida, ofertas de recarga y giros gratis. Disfruta de cashback semanal, torneos y recompensas exclusivas disponibles en Tesorcasino.","breadcrumb":{"@id":"https:\/\/thetesorcasino.com\/es\/bonificacion\/#breadcrumb"},"inLanguage":"es-ES","potentialAction":[{"@type":"ReadAction","target":["https:\/\/thetesorcasino.com\/es\/bonificacion\/"]}]},{"@type":"BreadcrumbList","@id":"https:\/\/thetesorcasino.com\/es\/bonificacion\/#breadcrumb","itemListElement":[{"@type":"ListItem","position":1,"name":"Tesorcasino","item":"https:\/\/thetesorcasino.com\/es\/"},{"@type":"ListItem","position":2,"name":"Bonificaci\u00f3n"}]},{"@type":"WebSite","@id":"https:\/\/thetesorcasino.com\/es\/#website","url":"https:\/\/thetesorcasino.com\/es\/","name":"Tesorcasino","description":"","publisher":{"@id":"https:\/\/thetesorcasino.com\/es\/#organization"},"potentialAction":[{"@type":"SearchAction","target":{"@type":"EntryPoint","urlTemplate":"https:\/\/thetesorcasino.com\/es\/?s={search_term_string}"},"query-input":{"@type":"PropertyValueSpecification","valueRequired":true,"valueName":"search_term_string"}}],"inLanguage":"es-ES"},{"@type":"Organization","@id":"https:\/\/thetesorcasino.com\/es\/#organization","name":"Tesorcasino","url":"https:\/\/thetesorcasino.com\/es\/","logo":{"@type":"ImageObject","inLanguage":"es-ES","@id":"https:\/\/thetesorcasino.com\/es\/#\/schema\/logo\/image\/","url":"https:\/\/thetesorcasino.com\/wp-content\/uploads\/2026\/03\/Tesorcasino-logo.png","contentUrl":"https:\/\/thetesorcasino.com\/wp-content\/uploads\/2026\/03\/Tesorcasino-logo.png","width":246,"height":44,"caption":"Tesorcasino"},"image":{"@id":"https:\/\/thetesorcasino.com\/es\/#\/schema\/logo\/image\/"}}]}},"_links":{"self":[{"href":"https:\/\/thetesorcasino.com\/es\/wp-json\/wp\/v2\/pages\/1461","targetHints":{"allow":["GET"]}}],"collection":[{"href":"https:\/\/thetesorcasino.com\/es\/wp-json\/wp\/v2\/pages"}],"about":[{"href":"https:\/\/thetesorcasino.com\/es\/wp-json\/wp\/v2\/types\/page"}],"author":[{"embeddable":true,"href":"https:\/\/thetesorcasino.com\/es\/wp-json\/wp\/v2\/users\/1"}],"replies":[{"embeddable":true,"href":"https:\/\/thetesorcasino.com\/es\/wp-json\/wp\/v2\/comments?post=1461"}],"version-history":[{"count":3,"href":"https:\/\/thetesorcasino.com\/es\/wp-json\/wp\/v2\/pages\/1461\/revisions"}],"predecessor-version":[{"id":2087,"href":"https:\/\/thetesorcasino.com\/es\/wp-json\/wp\/v2\/pages\/1461\/revisions\/2087"}],"wp:attachment":[{"href":"https:\/\/thetesorcasino.com\/es\/wp-json\/wp\/v2\/media?parent=1461"}],"curies":[{"name":"wp","href":"https:\/\/api.w.org\/{rel}","templated":true}]}}