{"id":1440,"date":"2026-01-20T12:08:23","date_gmt":"2026-01-20T12:08:23","guid":{"rendered":"https:\/\/bonuskongcasino.com\/app\/"},"modified":"2026-03-05T13:18:23","modified_gmt":"2026-03-05T13:18:23","slug":"app","status":"publish","type":"page","link":"https:\/\/thetesorcasino.com\/fr\/app\/","title":{"rendered":"App"},"content":{"rendered":"<h1>Plateforme mobile Tesorcasino<\/h1>\n<p>Tesorcasino app est l\u00e0 pour changer votre perception du confort de la portabilit\u00e9. Pratique et facilement accessible, elle permet aux joueurs de profiter d&rsquo;une s\u00e9lection vari\u00e9e d&rsquo;exp\u00e9riences de jeu parmi notre catalogue de plus de 6 000 titres. Tesor Casino offre aux joueurs mobiles des bonus, des promotions et des tournois int\u00e9gr\u00e9s, ce qui leur permet d&rsquo;optimiser leurs capacit\u00e9s de jeu o\u00f9 qu&rsquo;ils se trouvent. Son design convivial et ses performances fiables vous permettent de jouer sans effort aux jeux en ligne de Tesorcasino o\u00f9 que vous soyez.<\/p>\n<div class=\"banner-wrap\" aria-label=\"Banner\"><img src=\"https:\/\/thetesorcasino.com\/wp-content\/uploads\/2026\/03\/tesorcasino-bnr-pc-2.webp\" class=\"w-100 d-none d-lg-block img-pc main-banner-img\" alt=\"tesorcasino banner desktop\" fetchpriority=\"high\" decoding=\"async\"><img src=\"https:\/\/thetesorcasino.com\/wp-content\/uploads\/2026\/03\/tesorcasino-banner-mobile.webp\" class=\"w-100 d-none d-md-block d-lg-none main-banner-img\" alt=\"tesorcasino banner mobile\" fetchpriority=\"high\" decoding=\"async\"><img src=\"https:\/\/thetesorcasino.com\/wp-content\/uploads\/2026\/03\/tesorcasino-banner-mobile.webp\" class=\"w-100 d-md-none\" alt=\"tesorcasino banner mobile\" fetchpriority=\"high\" decoding=\"async\"><div class=\"banner-description\">\n<div class=\"banner-title\">Bonus de bienvenue<\/div>\n<p class=\"banner-header-title\">\u20ac3,000<\/p>\n<div class=\"banner-header-AdditionalText\">+ 300 Tours gratuits<\/div>\n<button data-item=\"homepage_banner_link\" class=\"goto m-button m-gradient-border m-button--primary m-button--large banner-button btn-orange\">\n            <div class=\"m-button-content\">\n                <span>Inscrivez-vous d\u00e8s maintenant<\/span>\n                <span><\/span>\n            <\/div>\n        <\/button>\n<\/div>\n<div class=\"WelcomePack\">\n<p><img loading=\"lazy\" decoding=\"async\" class=\"alignnone size-full wp-image-2021\" src=\"https:\/\/thetesorcasino.com\/wp-content\/uploads\/welcome-crown.png\" alt=\"welcome crown\" width=\"25\" height=\"26\" \/><\/p>\n<div class=\"WelcomePack-Info\">Cashback hebdomadaire jusqu&rsquo;\u00e0 25 %<\/div>\n<p><img loading=\"lazy\" decoding=\"async\" class=\"alignnone size-full wp-image-2021\" src=\"https:\/\/thetesorcasino.com\/wp-content\/uploads\/welcome-crown.png\" alt=\"welcome crown\" width=\"25\" height=\"26\" \/><\/p>\n<\/div>\n<\/div>\n<h2>Utilisation de Tesor Casino sur mobile<\/h2>\n<p>L&rsquo;application Tesorcasino est optimis\u00e9e de mani\u00e8re \u00e0 offrir une exp\u00e9rience de jeu mobile efficace. Elle est polyvalente et permet aux joueurs de profiter confortablement de leurs machines \u00e0 sous en ligne, jeux de table et options de croupiers en direct pr\u00e9f\u00e9r\u00e9s. La plateforme mobile Tesorcasino est toujours \u00e0 votre disposition. N&rsquo;est-ce pas parfait ? Comme sur un ordinateur de bureau, vous pouvez acc\u00e9der \u00e0 l&rsquo;ensemble du catalogue de jeux, cliquer partout, passer le processus de v\u00e9rification KYC, d\u00e9poser de l&rsquo;argent, retirer des fonds, participer \u00e0 des tournois, consulter l&rsquo;historique et faire des tonnes d&rsquo;autres activit\u00e9s sympas que nous proposons sur Tesor Casino. Nous prenons en charge divers appareils, qui sont flexibles et pratiques pour tous les joueurs. Et le meilleur ? Le service client\u00e8le est \u00e9galement \u00e0 votre disposition \u00e0 tout moment.<\/p>\n<p><div class=\"scrollable-content-wrap my-5\"><div class=\"scrollable-content-inner\"><h2>Tesorcasino Android PWA<\/h2>\n<p>L&rsquo;application web progressive (PWA) de Tesorcasino sur Android pr\u00e9sente des avantages consid\u00e9rables par rapport aux applications traditionnelles et aux fichiers APK. La PWA est l\u00e9g\u00e8re et rapide. Elle ne n\u00e9cessite aucun t\u00e9l\u00e9chargement fastidieux depuis d&rsquo;autres sites ou boutiques. Nous savons que les fichiers APK courants utilisent moins d&rsquo;espace de stockage et se t\u00e9l\u00e9chargent plus rapidement. Mais la PWA est diff\u00e9rente. Vous pouvez b\u00e9n\u00e9ficier de mises \u00e0 jour automatiques gr\u00e2ce \u00e0 sa structure bas\u00e9e sur le web. Les joueurs disposent de toutes les derni\u00e8res fonctionnalit\u00e9s de Tesor Casino sans intervention manuelle ni mise \u00e0 jour du syst\u00e8me. Cette technologie offre une exp\u00e9rience de jeu efficace et s\u00fbre, un chargement rapide du contenu et une navigation facile.<\/p>\n<h2>Avantages des PWA vs applications traditionnelles et APKs<\/h2>\n<p>Alors pourquoi la PWA est-elle tellement meilleure ? Nous pouvons facilement vous l&rsquo;expliquer ! La PWA pr\u00e9sente de nombreux avantages par rapport aux applications traditionnelles et aux APK. Par exemple :<\/p>\n<ul>\n<li>Aucun t\u00e9l\u00e9chargement requis : contrairement aux fichiers APK, la PWA peut m\u00eame s&rsquo;ouvrir dans les navigateurs, elle ne n\u00e9cessite donc aucune installation.<\/li>\n<li>Mises \u00e0 jour automatiques : la PWA se met \u00e0 jour automatiquement en arri\u00e8re-plan, ce qui permet aux joueurs de toujours profiter de la derni\u00e8re version.<\/li>\n<li>Compatibilit\u00e9 avec les appareils : l&rsquo;application est compatible avec de nombreux appareils Android et n&rsquo;est pas limit\u00e9e \u00e0 un appareil particulier (\u00e0 moins que vous n&rsquo;utilisiez le t\u00e9l\u00e9phone portable de votre grand-m\u00e8re), de sorte que la majorit\u00e9 des smartphones font fonctionner notre casino mobile \u00e0 merveille.<\/li>\n<li>Efficacit\u00e9 de stockage : en tant que solution Web, notre PWA Tesorcasino occupe peu d&rsquo;espace de stockage sur l&rsquo;appareil.<\/li>\n<li>S\u00e9curit\u00e9 accrue : les PWA sont bas\u00e9es sur le protocole HTTPS, qui offre un niveau de s\u00e9curit\u00e9 \u00e9lev\u00e9 pour toutes les transactions et op\u00e9rations de jeu.<\/li>\n<\/ul>\n<p>Comme vous pouvez le constater, c&rsquo;est une excellente id\u00e9e d&rsquo;essayer notre application Tesorcasino pour tester par vous-m\u00eame tous ses avantages.<\/p>\n<p><img loading=\"lazy\" decoding=\"async\" class=\"alignnone size-full wp-image-1980\" src=\"https:\/\/thetesorcasino.com\/wp-content\/uploads\/2026\/03\/Tesorcasino-Android.webp\" alt=\"Tesorcasino Android\" width=\"1248\" height=\"536\" srcset=\"https:\/\/thetesorcasino.com\/wp-content\/uploads\/2026\/03\/Tesorcasino-Android.webp 1248w, https:\/\/thetesorcasino.com\/wp-content\/uploads\/2026\/03\/Tesorcasino-Android-300x129.webp 300w, https:\/\/thetesorcasino.com\/wp-content\/uploads\/2026\/03\/Tesorcasino-Android-1024x440.webp 1024w, https:\/\/thetesorcasino.com\/wp-content\/uploads\/2026\/03\/Tesorcasino-Android-768x330.webp 768w\" sizes=\"auto, (max-width: 1248px) 100vw, 1248px\" \/><\/p>\n<\/div><\/div><div style=\"clear: both\"><\/div><div class=\"d-flex justify-content-center\"><button data-item=\"decouvrez_link\" data-group=\"website_links\" class=\"goto fw-bold rounded-pill btn btn-orange\" aria-label=\"T\u00e9l\u00e9chargez l&#039;application Tesorcasino\" >T\u00e9l\u00e9chargez l&#039;application Tesorcasino<\/button><\/div><div class=\"scrollable-content-wrap my-5\"><div class=\"scrollable-content-inner\"><h2>Application mobile Tesorcasino pour iOS<\/h2>\n<p>L&rsquo;application iPhone Tesorcasino va \u00e9galement vous surprendre agr\u00e9ablement. Nous offrons une exp\u00e9rience am\u00e9lior\u00e9e aux utilisateurs de produits Apple. Elle est rapide dans toutes les fonctionnalit\u00e9s du casino, telles que les machines \u00e0 sous en ligne, les jeux de casino en direct, les livres et les tournois en cours. L&rsquo;application est \u00e9galement conviviale et les boutons ne sont pas minuscules : tout est agr\u00e9able \u00e0 regarder.<\/p>\n<p>Elle est facile \u00e0 naviguer et les jeux se chargent tr\u00e8s rapidement. La s\u00e9curit\u00e9 et la confidentialit\u00e9 sont de premier ordre. L&rsquo;application r\u00e9pond aux exigences strictes d&rsquo;Apple pour garantir un environnement de jeu s\u00e9curis\u00e9.<\/p>\n<p><img loading=\"lazy\" decoding=\"async\" class=\"alignnone size-full wp-image-1996\" src=\"https:\/\/thetesorcasino.com\/wp-content\/uploads\/2026\/03\/Tesorcasino-iOS.webp\" alt=\"Tesorcasino iOS\" width=\"1248\" height=\"536\" srcset=\"https:\/\/thetesorcasino.com\/wp-content\/uploads\/2026\/03\/Tesorcasino-iOS.webp 1248w, https:\/\/thetesorcasino.com\/wp-content\/uploads\/2026\/03\/Tesorcasino-iOS-300x129.webp 300w, https:\/\/thetesorcasino.com\/wp-content\/uploads\/2026\/03\/Tesorcasino-iOS-1024x440.webp 1024w, https:\/\/thetesorcasino.com\/wp-content\/uploads\/2026\/03\/Tesorcasino-iOS-768x330.webp 768w\" sizes=\"auto, (max-width: 1248px) 100vw, 1248px\" \/><\/p>\n<\/div><\/div><div style=\"clear: both\"><\/div><div class=\"d-flex justify-content-center\"><button data-item=\"decouvrez_link\" data-group=\"website_links\" class=\"goto fw-bold rounded-pill btn btn-orange\" aria-label=\"T\u00e9l\u00e9charger Tesorcasino\" >T\u00e9l\u00e9charger Tesorcasino<\/button><\/div><div class=\"scrollable-content-wrap my-5\"><div class=\"scrollable-content-inner\"><h2>Applications Windows et macOS<\/h2>\n<p>Et bien s\u00fbr, rien ne serait complet sans le Tesor Casino pour ordinateurs de bureau \u2014 apr\u00e8s tout, tout le monde veut en profiter en 3D, n&rsquo;est-ce pas ?<\/p>\n<p>Nous avons donc cr\u00e9\u00e9 des versions pour ordinateurs de bureau Windows et Mac. Des environnements de jeu performants et stables attendent les joueurs qui aiment les jeux sur ordinateur. Les versions pour ordinateurs de bureau sont compatibles avec toutes les fonctionnalit\u00e9s du casino. Tout y est comme il se doit : nos collections de livres, nos batailles de poker, le bruit des roulettes qui tournent et l&rsquo;atmosph\u00e8re de la victoire ! Les applications Windows et macOS prennent en charge les grands \u00e9crans et les connexions Internet rapides, ce qui rend l&rsquo;exp\u00e9rience de jeu tr\u00e8s immersive.<\/p>\n<table>\n<tbody>\n<tr>\n<td>Fonctionnalit\u00e9<\/td>\n<td>Application Windows<\/td>\n<td>Application macOS<\/td>\n<\/tr>\n<tr>\n<td>Compatibilit\u00e9<\/td>\n<td>Con\u00e7ue pour les syst\u00e8mes d&rsquo;exploitation Windows<\/td>\n<td>Con\u00e7ue sp\u00e9cifiquement pour macOS<\/td>\n<\/tr>\n<tr>\n<td>Performances<\/td>\n<td>Haute performance, optimis\u00e9e pour le mat\u00e9riel et les navigateurs Windows<\/td>\n<td>Performances stables et fluides sur les appareils Mac et Apple<\/td>\n<\/tr>\n<tr>\n<td>Exp\u00e9rience utilisateur<\/td>\n<td>Acc\u00e8s complet \u00e0 toutes les fonctionnalit\u00e9s du casino, interface intuitive<\/td>\n<td>Int\u00e9gration transparente \u00e0 l&rsquo;interface Mac, conviviale<\/td>\n<\/tr>\n<tr>\n<td>Fonctionnalit\u00e9s<\/td>\n<td>Toutes les fonctionnalit\u00e9s : machines \u00e0 sous, poker, croupier en direct, bonus<\/td>\n<td>Ensemble complet de fonctionnalit\u00e9s, y compris les jeux en direct et les promotions<\/td>\n<\/tr>\n<tr>\n<td>Affichage et graphismes<\/td>\n<td>Prise en charge des grands \u00e9crans et des affichages haute r\u00e9solution<\/td>\n<td>Optimis\u00e9 pour les caract\u00e9ristiques MAC<\/td>\n<\/tr>\n<tr>\n<td>Navigateurs<\/td>\n<td>Google Chrome, Mozilla Firefox, Brave, Opera<\/td>\n<td>Safari, Google Chrome, Firefox, Microsoft Edge, Brave et Vivaldi<\/td>\n<\/tr>\n<tr>\n<td>Compatibilit\u00e9<\/td>\n<td>Compatible avec les ordinateurs de bureau et les configurations de jeu haut de gamme<\/td>\n<td>Prend en charge divers mod\u00e8les Mac, du MacBook \u00e0 l&rsquo;iMac<\/td>\n<\/tr>\n<\/tbody>\n<\/table>\n<p><img loading=\"lazy\" decoding=\"async\" class=\"alignnone size-full wp-image-1988\" src=\"https:\/\/thetesorcasino.com\/wp-content\/uploads\/2026\/03\/Tesorcasino-Desktop.webp\" alt=\"Tesorcasino Desktop\" width=\"1248\" height=\"536\" srcset=\"https:\/\/thetesorcasino.com\/wp-content\/uploads\/2026\/03\/Tesorcasino-Desktop.webp 1248w, https:\/\/thetesorcasino.com\/wp-content\/uploads\/2026\/03\/Tesorcasino-Desktop-300x129.webp 300w, https:\/\/thetesorcasino.com\/wp-content\/uploads\/2026\/03\/Tesorcasino-Desktop-1024x440.webp 1024w, https:\/\/thetesorcasino.com\/wp-content\/uploads\/2026\/03\/Tesorcasino-Desktop-768x330.webp 768w\" sizes=\"auto, (max-width: 1248px) 100vw, 1248px\" \/><\/p>\n<\/div><\/div><div style=\"clear: both\"><\/div><div class=\"d-flex justify-content-center\"><button data-item=\"decouvrez_link\" data-group=\"website_links\" class=\"goto fw-bold rounded-pill btn btn-orange\" aria-label=\"T\u00e9l\u00e9chargez l&#039;application Tesorcasino\" >T\u00e9l\u00e9chargez l&#039;application Tesorcasino<\/button><\/div><div class=\"scrollable-content-wrap my-5\"><div class=\"scrollable-content-inner\"><h2>FAQ<\/h2>\n<h3>Faut-il cr\u00e9er un compte pour utiliser l&rsquo;application Tesorcasino ?<\/h3>\n<p>Comme pour toute application, il est indispensable de cr\u00e9er un compte pour pouvoir utiliser toutes les fonctionnalit\u00e9s de l&rsquo;application Tesorcasino. L&rsquo;inscription est facile et donne un acc\u00e8s instantan\u00e9 aux bonus, aux tournois et \u00e0 notre service client, le meilleur au monde. Pour des raisons de s\u00e9curit\u00e9 et de conformit\u00e9 r\u00e9glementaire, une v\u00e9rification et des contr\u00f4les suppl\u00e9mentaires peuvent \u00eatre n\u00e9cessaires, tels qu&rsquo;un appel t\u00e9l\u00e9phonique ou la fourniture de documents suppl\u00e9mentaires. Une fois inscrits, les joueurs peuvent profiter d&rsquo;une exp\u00e9rience de jeu illimit\u00e9e sur tous les appareils.<\/p>\n<h3>L&rsquo;application Tesorcasino offre-t-elle un service client ?<\/h3>\n<p>L&rsquo;application Tesorcasino dispose d&rsquo;une \u00e9quipe de service client qui travaille sans interruption. Il vous suffit de nous contacter par chat en direct ou par e-mail. L&rsquo;\u00e9quipe d&rsquo;assistance est disponible 24 heures sur 24 pour vous aider \u00e0 g\u00e9rer votre compte, ou pour r\u00e9soudre d&rsquo;\u00e9ventuels probl\u00e8mes financiers ou techniques. Vous pouvez \u00e9galement poser des questions concernant les bonus et les tournois. La fonction de chat en direct permet d&rsquo;obtenir des r\u00e9ponses rapides afin que les joueurs puissent continuer \u00e0 jouer.<\/p>\n<h3>Comment puis-je mettre \u00e0 jour l&rsquo;application Tesor Casino ?<\/h3>\n<p>Il est facile de mettre \u00e0 jour l&rsquo;application Tesorcasino. Sur les mobiles, l&rsquo;application se met \u00e0 jour automatiquement. Et pour la version compl\u00e8te, vous recevrez probablement une notification de votre navigateur. Les mises \u00e0 jour r\u00e9guli\u00e8res de l&rsquo;application permettent \u00e0 l&rsquo;utilisateur de rester inform\u00e9 des derni\u00e8res fonctionnalit\u00e9s, des correctifs de s\u00e9curit\u00e9 et des offres.<\/p>\n<h3>Les bonus et les tournois sont-ils disponibles sur mobile ?<\/h3>\n<p>Oui, les offres de bienvenue, tous les bonus, y compris les bonus de recharge et les tournois sp\u00e9ciaux, sont tous disponibles sur la plateforme mobile de Tesorcasino. Le casino mobile est au m\u00eame niveau que l&rsquo;application de bureau, de sorte que les joueurs peuvent participer \u00e0 des tournois, r\u00e9clamer des bonus et jouer aux machines \u00e0 sous en ligne et aux jeux avec croupier en direct sans aucune interruption sur n&rsquo;importe quel appareil pendant qu&rsquo;ils s&rsquo;amusent au Tesorcasino Casino.<\/p>\n<\/div><\/div><\/p>\n","protected":false},"excerpt":{"rendered":"<p>Plateforme mobile Tesorcasino Tesorcasino app est l\u00e0 pour changer votre perception du confort de la portabilit\u00e9. Pratique et facilement accessible, elle permet aux joueurs de profiter d&rsquo;une s\u00e9lection vari\u00e9e d&rsquo;exp\u00e9riences de jeu parmi notre catalogue de plus de 6 000 titres. Tesor Casino offre aux joueurs mobiles des bonus, des promotions et des tournois int\u00e9gr\u00e9s, [&hellip;]<\/p>\n","protected":false},"author":1,"featured_media":0,"parent":0,"menu_order":0,"comment_status":"closed","ping_status":"closed","template":"template-builder.php","meta":{"_acf_changed":false,"inline_featured_image":false,"footnotes":""},"class_list":["post-1440","page","type-page","status-publish","hentry"],"acf":[],"yoast_head":"<!-- This site is optimized with the Yoast SEO plugin v27.3 - https:\/\/yoast.com\/product\/yoast-seo-wordpress\/ -->\n<title>Tesor Casino App \u2013 iOS, Android | T\u00e9l\u00e9charger<\/title>\n<meta name=\"description\" content=\"Tesor Casino App \u2013 t\u00e9l\u00e9chargez l&#039;application mobile pour iOS et Android pour jouer aux machines \u00e0 sous, \u00e0 la roulette, aux jeux de table et au casino en direct partout. Profitez de performances fluides et d&#039;un acc\u00e8s complet \u00e0 votre compte avec Tesorcasino.\" \/>\n<meta name=\"robots\" content=\"index, follow, max-snippet:-1, max-image-preview:large, max-video-preview:-1\" \/>\n<link rel=\"canonical\" href=\"https:\/\/thetesorcasino.com\/fr\/app\/\" \/>\n<meta property=\"og:locale\" content=\"fr_FR\" \/>\n<meta property=\"og:type\" content=\"article\" \/>\n<meta property=\"og:title\" content=\"Tesor Casino App \u2013 iOS, Android | T\u00e9l\u00e9charger\" \/>\n<meta property=\"og:description\" content=\"Tesor Casino App \u2013 t\u00e9l\u00e9chargez l&#039;application mobile pour iOS et Android pour jouer aux machines \u00e0 sous, \u00e0 la roulette, aux jeux de table et au casino en direct partout. Profitez de performances fluides et d&#039;un acc\u00e8s complet \u00e0 votre compte avec Tesorcasino.\" \/>\n<meta property=\"og:url\" content=\"https:\/\/thetesorcasino.com\/fr\/app\/\" \/>\n<meta property=\"og:site_name\" content=\"tesorcasino\" \/>\n<meta property=\"article:modified_time\" content=\"2026-03-05T13:18:23+00:00\" \/>\n<meta name=\"twitter:card\" content=\"summary_large_image\" \/>\n<meta name=\"twitter:label1\" content=\"Dur\u00e9e de lecture estim\u00e9e\" \/>\n\t<meta name=\"twitter:data1\" content=\"2 minutes\" \/>\n<script type=\"application\/ld+json\" class=\"yoast-schema-graph\">{\"@context\":\"https:\\\/\\\/schema.org\",\"@graph\":[{\"@type\":\"WebPage\",\"@id\":\"https:\\\/\\\/thetesorcasino.com\\\/fr\\\/app\\\/\",\"url\":\"https:\\\/\\\/thetesorcasino.com\\\/fr\\\/app\\\/\",\"name\":\"Tesor Casino App \u2013 iOS, Android | T\u00e9l\u00e9charger\",\"isPartOf\":{\"@id\":\"https:\\\/\\\/thetesorcasino.com\\\/fr\\\/#website\"},\"datePublished\":\"2026-01-20T12:08:23+00:00\",\"dateModified\":\"2026-03-05T13:18:23+00:00\",\"description\":\"Tesor Casino App \u2013 t\u00e9l\u00e9chargez l'application mobile pour iOS et Android pour jouer aux machines \u00e0 sous, \u00e0 la roulette, aux jeux de table et au casino en direct partout. Profitez de performances fluides et d'un acc\u00e8s complet \u00e0 votre compte avec Tesorcasino.\",\"breadcrumb\":{\"@id\":\"https:\\\/\\\/thetesorcasino.com\\\/fr\\\/app\\\/#breadcrumb\"},\"inLanguage\":\"fr-FR\",\"potentialAction\":[{\"@type\":\"ReadAction\",\"target\":[\"https:\\\/\\\/thetesorcasino.com\\\/fr\\\/app\\\/\"]}]},{\"@type\":\"BreadcrumbList\",\"@id\":\"https:\\\/\\\/thetesorcasino.com\\\/fr\\\/app\\\/#breadcrumb\",\"itemListElement\":[{\"@type\":\"ListItem\",\"position\":1,\"name\":\"Tesorcasino\",\"item\":\"https:\\\/\\\/thetesorcasino.com\\\/fr\\\/\"},{\"@type\":\"ListItem\",\"position\":2,\"name\":\"App\"}]},{\"@type\":\"WebSite\",\"@id\":\"https:\\\/\\\/thetesorcasino.com\\\/fr\\\/#website\",\"url\":\"https:\\\/\\\/thetesorcasino.com\\\/fr\\\/\",\"name\":\"Tesorcasino\",\"description\":\"\",\"publisher\":{\"@id\":\"https:\\\/\\\/thetesorcasino.com\\\/fr\\\/#organization\"},\"potentialAction\":[{\"@type\":\"SearchAction\",\"target\":{\"@type\":\"EntryPoint\",\"urlTemplate\":\"https:\\\/\\\/thetesorcasino.com\\\/fr\\\/?s={search_term_string}\"},\"query-input\":{\"@type\":\"PropertyValueSpecification\",\"valueRequired\":true,\"valueName\":\"search_term_string\"}}],\"inLanguage\":\"fr-FR\"},{\"@type\":\"Organization\",\"@id\":\"https:\\\/\\\/thetesorcasino.com\\\/fr\\\/#organization\",\"name\":\"Tesorcasino\",\"url\":\"https:\\\/\\\/thetesorcasino.com\\\/fr\\\/\",\"logo\":{\"@type\":\"ImageObject\",\"inLanguage\":\"fr-FR\",\"@id\":\"https:\\\/\\\/thetesorcasino.com\\\/fr\\\/#\\\/schema\\\/logo\\\/image\\\/\",\"url\":\"https:\\\/\\\/thetesorcasino.com\\\/wp-content\\\/uploads\\\/2026\\\/03\\\/Tesorcasino-logo.png\",\"contentUrl\":\"https:\\\/\\\/thetesorcasino.com\\\/wp-content\\\/uploads\\\/2026\\\/03\\\/Tesorcasino-logo.png\",\"width\":246,\"height\":44,\"caption\":\"Tesorcasino\"},\"image\":{\"@id\":\"https:\\\/\\\/thetesorcasino.com\\\/fr\\\/#\\\/schema\\\/logo\\\/image\\\/\"}}]}<\/script>\n<!-- \/ Yoast SEO plugin. -->","yoast_head_json":{"title":"Tesor Casino App \u2013 iOS, Android | T\u00e9l\u00e9charger","description":"Tesor Casino App \u2013 t\u00e9l\u00e9chargez l'application mobile pour iOS et Android pour jouer aux machines \u00e0 sous, \u00e0 la roulette, aux jeux de table et au casino en direct partout. Profitez de performances fluides et d'un acc\u00e8s complet \u00e0 votre compte avec Tesorcasino.","robots":{"index":"index","follow":"follow","max-snippet":"max-snippet:-1","max-image-preview":"max-image-preview:large","max-video-preview":"max-video-preview:-1"},"canonical":"https:\/\/thetesorcasino.com\/fr\/app\/","og_locale":"fr_FR","og_type":"article","og_title":"Tesor Casino App \u2013 iOS, Android | T\u00e9l\u00e9charger","og_description":"Tesor Casino App \u2013 t\u00e9l\u00e9chargez l'application mobile pour iOS et Android pour jouer aux machines \u00e0 sous, \u00e0 la roulette, aux jeux de table et au casino en direct partout. Profitez de performances fluides et d'un acc\u00e8s complet \u00e0 votre compte avec Tesorcasino.","og_url":"https:\/\/thetesorcasino.com\/fr\/app\/","og_site_name":"tesorcasino","article_modified_time":"2026-03-05T13:18:23+00:00","twitter_card":"summary_large_image","twitter_misc":{"Dur\u00e9e de lecture estim\u00e9e":"2 minutes"},"schema":{"@context":"https:\/\/schema.org","@graph":[{"@type":"WebPage","@id":"https:\/\/thetesorcasino.com\/fr\/app\/","url":"https:\/\/thetesorcasino.com\/fr\/app\/","name":"Tesor Casino App \u2013 iOS, Android | T\u00e9l\u00e9charger","isPartOf":{"@id":"https:\/\/thetesorcasino.com\/fr\/#website"},"datePublished":"2026-01-20T12:08:23+00:00","dateModified":"2026-03-05T13:18:23+00:00","description":"Tesor Casino App \u2013 t\u00e9l\u00e9chargez l'application mobile pour iOS et Android pour jouer aux machines \u00e0 sous, \u00e0 la roulette, aux jeux de table et au casino en direct partout. Profitez de performances fluides et d'un acc\u00e8s complet \u00e0 votre compte avec Tesorcasino.","breadcrumb":{"@id":"https:\/\/thetesorcasino.com\/fr\/app\/#breadcrumb"},"inLanguage":"fr-FR","potentialAction":[{"@type":"ReadAction","target":["https:\/\/thetesorcasino.com\/fr\/app\/"]}]},{"@type":"BreadcrumbList","@id":"https:\/\/thetesorcasino.com\/fr\/app\/#breadcrumb","itemListElement":[{"@type":"ListItem","position":1,"name":"Tesorcasino","item":"https:\/\/thetesorcasino.com\/fr\/"},{"@type":"ListItem","position":2,"name":"App"}]},{"@type":"WebSite","@id":"https:\/\/thetesorcasino.com\/fr\/#website","url":"https:\/\/thetesorcasino.com\/fr\/","name":"Tesorcasino","description":"","publisher":{"@id":"https:\/\/thetesorcasino.com\/fr\/#organization"},"potentialAction":[{"@type":"SearchAction","target":{"@type":"EntryPoint","urlTemplate":"https:\/\/thetesorcasino.com\/fr\/?s={search_term_string}"},"query-input":{"@type":"PropertyValueSpecification","valueRequired":true,"valueName":"search_term_string"}}],"inLanguage":"fr-FR"},{"@type":"Organization","@id":"https:\/\/thetesorcasino.com\/fr\/#organization","name":"Tesorcasino","url":"https:\/\/thetesorcasino.com\/fr\/","logo":{"@type":"ImageObject","inLanguage":"fr-FR","@id":"https:\/\/thetesorcasino.com\/fr\/#\/schema\/logo\/image\/","url":"https:\/\/thetesorcasino.com\/wp-content\/uploads\/2026\/03\/Tesorcasino-logo.png","contentUrl":"https:\/\/thetesorcasino.com\/wp-content\/uploads\/2026\/03\/Tesorcasino-logo.png","width":246,"height":44,"caption":"Tesorcasino"},"image":{"@id":"https:\/\/thetesorcasino.com\/fr\/#\/schema\/logo\/image\/"}}]}},"_links":{"self":[{"href":"https:\/\/thetesorcasino.com\/fr\/wp-json\/wp\/v2\/pages\/1440","targetHints":{"allow":["GET"]}}],"collection":[{"href":"https:\/\/thetesorcasino.com\/fr\/wp-json\/wp\/v2\/pages"}],"about":[{"href":"https:\/\/thetesorcasino.com\/fr\/wp-json\/wp\/v2\/types\/page"}],"author":[{"embeddable":true,"href":"https:\/\/thetesorcasino.com\/fr\/wp-json\/wp\/v2\/users\/1"}],"replies":[{"embeddable":true,"href":"https:\/\/thetesorcasino.com\/fr\/wp-json\/wp\/v2\/comments?post=1440"}],"version-history":[{"count":3,"href":"https:\/\/thetesorcasino.com\/fr\/wp-json\/wp\/v2\/pages\/1440\/revisions"}],"predecessor-version":[{"id":2046,"href":"https:\/\/thetesorcasino.com\/fr\/wp-json\/wp\/v2\/pages\/1440\/revisions\/2046"}],"wp:attachment":[{"href":"https:\/\/thetesorcasino.com\/fr\/wp-json\/wp\/v2\/media?parent=1440"}],"curies":[{"name":"wp","href":"https:\/\/api.w.org\/{rel}","templated":true}]}}