{"id":1452,"date":"2026-01-20T12:21:20","date_gmt":"2026-01-20T12:21:20","guid":{"rendered":"https:\/\/bonuskongcasino.com\/bonus\/"},"modified":"2026-03-05T13:21:44","modified_gmt":"2026-03-05T13:21:44","slug":"bonus","status":"publish","type":"page","link":"https:\/\/thetesorcasino.com\/fr\/bonus\/","title":{"rendered":"Bonus"},"content":{"rendered":"<h1>Bonus et r\u00e9compenses de Tesor Casino<\/h1>\n<p>La collection de Tesor Casino bonus comprend un large \u00e9ventail de prix qui peuvent impressionner tous les joueurs et inspirer une comp\u00e9tition cr\u00e9ative. Gr\u00e2ce \u00e0 un syst\u00e8me complet de promotions, de tournois et de bonus, Tesorcasino garantit \u00e0 tous les joueurs des opportunit\u00e9s \u00e9quitables, transparentes et rentables pour maximiser leur exp\u00e9rience de jeu. Notre objectif reste de fournir des environnements de jeu s\u00e9curis\u00e9s et responsables, soutenus par des mises \u00e0 jour promotionnelles r\u00e9guli\u00e8res qui maintiennent l&rsquo;enthousiasme.<\/p>\n<p><div class=\"banner-wrap\" aria-label=\"Banner\"><img src=\"https:\/\/thetesorcasino.com\/wp-content\/uploads\/2026\/03\/tesorcasino-bnr-pc-2.webp\" class=\"w-100 d-none d-lg-block img-pc main-banner-img\" alt=\"tesorcasino banner desktop\" fetchpriority=\"high\" decoding=\"async\"><img src=\"https:\/\/thetesorcasino.com\/wp-content\/uploads\/2026\/03\/tesorcasino-banner-mobile.webp\" class=\"w-100 d-none d-md-block d-lg-none main-banner-img\" alt=\"tesorcasino banner mobile\" fetchpriority=\"high\" decoding=\"async\"><img src=\"https:\/\/thetesorcasino.com\/wp-content\/uploads\/2026\/03\/tesorcasino-banner-mobile.webp\" class=\"w-100 d-md-none\" alt=\"tesorcasino banner mobile\" fetchpriority=\"high\" decoding=\"async\"><div class=\"banner-description\">\n<div class=\"banner-title\">Bonus de bienvenue<\/div>\n<p class=\"banner-header-title\">\u20ac3,000<\/p>\n<div class=\"banner-header-AdditionalText\">+ 300 Tours gratuits<\/div>\n<button data-item=\"homepage_banner_link\" class=\"goto m-button m-gradient-border m-button--primary m-button--large banner-button btn-orange\">\n            <div class=\"m-button-content\">\n                <span>Inscrivez-vous d\u00e8s maintenant<\/span>\n                <span><\/span>\n            <\/div>\n        <\/button>\n<\/div>\n<div class=\"WelcomePack\">\n<p><img loading=\"lazy\" decoding=\"async\" class=\"alignnone size-full wp-image-2021\" src=\"https:\/\/thetesorcasino.com\/wp-content\/uploads\/welcome-crown.png\" alt=\"welcome crown\" width=\"25\" height=\"26\" \/><\/p>\n<div class=\"WelcomePack-Info\">Cashback hebdomadaire jusqu&rsquo;\u00e0 25 %<\/div>\n<p><img loading=\"lazy\" decoding=\"async\" class=\"alignnone size-full wp-image-2021\" src=\"https:\/\/thetesorcasino.com\/wp-content\/uploads\/welcome-crown.png\" alt=\"welcome crown\" width=\"25\" height=\"26\" \/><\/p>\n<\/div>\n<\/div><div class=\"promotions-wrap\"><div class=\"promotion-card\" style=\"background-image: url(https:\/\/thetesorcasino.com\/wp-content\/uploads\/2026\/03\/welcome-pack.webp);\"><h2 class=\"promotion-card__title\">Pack de bienvenue<\/h2><label class=\"promotion-card__offer\">Jusqu&#039;\u00e0 3 000 \u20ac + 500 tours gratuits<\/label><label class=\"promotion-card__description\"><\/label><div class=\"promotion-card__actions\"><button data-item=\"payments_link\" data-group=\"website_links\" class=\"goto btn btn-orange rounded-pill fw-bold px-4 m-button m-gradient-border m-button--primary m-button--large promotion-button promotion-card__action-btn\" aria-label=\"S&#039;inscrire\"><div class=\"m-button-content\"><span class=\"promotion-button__content\">S&#039;inscrire<\/span><\/div><\/button><button data-item=\"http:\/\/bonus_link\" data-group=\"website_links\" class=\"goto m-button m-gradient-border m-button--secondary m-button--medium promotion-card__info-btn\" aria-label=\"More information\"><div class=\"m-button-content\"><svg viewBox=\"0 0 24 24\" fill=\"none\" xmlns=\"http:\/\/www.w3.org\/2000\/svg\" class=\"m-icon m-icon-loadable\" name=\"Attention\" loading=\"false\" aria-hidden=\"true\"><path d=\"M12 22C6.477 22 2 17.522 2 12S6.477 2 12 2s10 4.478 10 10-4.477 10-10 10m-.002-13.004a.999.999 0 1 0 0-1.997.999.999 0 0 0 0 1.997M12 17a1 1 0 0 0 .993-.884L13 16l-.002-5.001-.007-.117a1 1 0 0 0-1.986 0l-.007.117L11 16l.007.117A1 1 0 0 0 12 17\" fill=\"currentColor\"><\/path><\/svg><\/div><\/button><\/div><\/div><div class=\"promotion-card\" style=\"background-image: url(https:\/\/thetesorcasino.com\/wp-content\/uploads\/2026\/03\/cashback.webp);\"><h2 class=\"promotion-card__title\">Cashback hebdomadaire<\/h2><label class=\"promotion-card__offer\">Jusqu&#039;\u00e0 25 %<\/label><label class=\"promotion-card__description\"><\/label><div class=\"promotion-card__actions\"><button data-item=\"payments_link\" data-group=\"website_links\" class=\"goto btn btn-orange rounded-pill fw-bold px-4 m-button m-gradient-border m-button--primary m-button--large promotion-button promotion-card__action-btn\" aria-label=\"S&#039;inscrire\"><div class=\"m-button-content\"><span class=\"promotion-button__content\">S&#039;inscrire<\/span><\/div><\/button><button data-item=\"http:\/\/bonus_link\" data-group=\"website_links\" class=\"goto m-button m-gradient-border m-button--secondary m-button--medium promotion-card__info-btn\" aria-label=\"More information\"><div class=\"m-button-content\"><svg viewBox=\"0 0 24 24\" fill=\"none\" xmlns=\"http:\/\/www.w3.org\/2000\/svg\" class=\"m-icon m-icon-loadable\" name=\"Attention\" loading=\"false\" aria-hidden=\"true\"><path d=\"M12 22C6.477 22 2 17.522 2 12S6.477 2 12 2s10 4.478 10 10-4.477 10-10 10m-.002-13.004a.999.999 0 1 0 0-1.997.999.999 0 0 0 0 1.997M12 17a1 1 0 0 0 .993-.884L13 16l-.002-5.001-.007-.117a1 1 0 0 0-1.986 0l-.007.117L11 16l.007.117A1 1 0 0 0 12 17\" fill=\"currentColor\"><\/path><\/svg><\/div><\/button><\/div><\/div><div class=\"promotion-card\" style=\"background-image: url(https:\/\/thetesorcasino.com\/wp-content\/uploads\/2026\/03\/sunday-reload.webp);\"><h2 class=\"promotion-card__title\">Recharge du dimanche<\/h2><label class=\"promotion-card__offer\">Bonus de d\u00e9p\u00f4t de 25 % jusqu&#039;\u00e0 100 \u20ac<\/label><label class=\"promotion-card__description\"><\/label><div class=\"promotion-card__actions\"><button data-item=\"payments_link\" data-group=\"website_links\" class=\"goto btn btn-orange rounded-pill fw-bold px-4 m-button m-gradient-border m-button--primary m-button--large promotion-button promotion-card__action-btn\" aria-label=\"S&#039;inscrire\"><div class=\"m-button-content\"><span class=\"promotion-button__content\">S&#039;inscrire<\/span><\/div><\/button><button data-item=\"http:\/\/bonus_link\" data-group=\"website_links\" class=\"goto m-button m-gradient-border m-button--secondary m-button--medium promotion-card__info-btn\" aria-label=\"More information\"><div class=\"m-button-content\"><svg viewBox=\"0 0 24 24\" fill=\"none\" xmlns=\"http:\/\/www.w3.org\/2000\/svg\" class=\"m-icon m-icon-loadable\" name=\"Attention\" loading=\"false\" aria-hidden=\"true\"><path d=\"M12 22C6.477 22 2 17.522 2 12S6.477 2 12 2s10 4.478 10 10-4.477 10-10 10m-.002-13.004a.999.999 0 1 0 0-1.997.999.999 0 0 0 0 1.997M12 17a1 1 0 0 0 .993-.884L13 16l-.002-5.001-.007-.117a1 1 0 0 0-1.986 0l-.007.117L11 16l.007.117A1 1 0 0 0 12 17\" fill=\"currentColor\"><\/path><\/svg><\/div><\/button><\/div><\/div><\/div><div class=\"scrollable-content-wrap my-5\"><div class=\"scrollable-content-inner\"><h2>Promotions chez Tesor Casino<\/h2>\n<p>Le syst\u00e8me de bonus de Tesor Casino propose un large \u00e9ventail de promotions continues adapt\u00e9es aux diff\u00e9rentes pr\u00e9f\u00e9rences des joueurs. Vous pouvez profiter d&rsquo;un pack de bienvenue, d&rsquo;offres saisonni\u00e8res et de merveilleuses batailles exclusives pour gagner des sommes d&rsquo;argent consid\u00e9rables que nous organisons fr\u00e9quemment.<\/p>\n<p>Notre structure promotionnelle met l&rsquo;accent sur l&rsquo;\u00e9quit\u00e9 et la clart\u00e9. Des mises \u00e0 jour r\u00e9guli\u00e8res et des campagnes cibl\u00e9es permettent \u00e0 nos joueurs d&rsquo;acc\u00e9der \u00e0 des r\u00e9compenses attrayantes, notamment des tours gratuits, des remises en argent et des bonus de d\u00e9p\u00f4t. Ces promotions Tesorcasino sont toujours en cours. Si vous nous rejoignez, nous vous encourageons \u00e0 explorer diff\u00e9rentes cat\u00e9gories de jeux, notamment les machines \u00e0 sous, les jeux de table et les exp\u00e9riences avec croupier en direct, ainsi que les sections sp\u00e9ciales annuelles que nous ouvrons pour c\u00e9l\u00e9brer les grandes f\u00eates.<\/p>\n<h2>Tournois<\/h2>\n<p>Les tournois de Tesorcasino ajoutent un \u00e9l\u00e9ment de suspense comp\u00e9titif et offrent la possibilit\u00e9 de remporter des r\u00e9compenses substantielles. Nous les structurons de mani\u00e8re tr\u00e8s intelligente afin de mettre \u00e0 l&rsquo;\u00e9preuve les comp\u00e9tences et la chance, offrant aux joueurs la possibilit\u00e9 de concourir pour des prix impressionnants. Voici quelques exemples :<\/p>\n<table>\n<tbody>\n<tr>\n<td>Nom du tournoi<\/td>\n<td>Cagnotte<\/td>\n<td>Fr\u00e9quence et d\u00e9tails<\/td>\n<\/tr>\n<tr>\n<td>Spinoleague<\/td>\n<td>12 000 000 \u20ac<\/td>\n<td>Une comp\u00e9tition au classement continu qui r\u00e9compense les meilleurs joueurs avec un prix en esp\u00e8ces consid\u00e9rable sur une ann\u00e9e.<\/td>\n<\/tr>\n<tr>\n<td>BGaming Drops<\/td>\n<td>90 000 \u20ac par saison<\/td>\n<td>\u00c9v\u00e9nements saisonniers organis\u00e9s par notre fournisseur pour remporter des prix en atteignant des objectifs sp\u00e9cifiques dans les jeux BGaming.<\/td>\n<\/tr>\n<tr>\n<td>Drops &amp; Wins<\/td>\n<td>25 000 000 \u20ac<\/td>\n<td>Les plus grandes cagnottes en cours, avec des drops hebdomadaires et saisonniers, des jackpots et des bonus Tesor Casino sur plusieurs jeux.<\/td>\n<\/tr>\n<tr>\n<td>Tournoi Rookie Rumble<\/p>\n<p>&nbsp;<\/td>\n<td>2 500 \u20ac par jour<\/td>\n<td>Tournoi quotidien sp\u00e9cialement con\u00e7u pour les nouveaux venus, mettant les joueurs au d\u00e9fi de montrer leurs talents pour remporter des r\u00e9compenses quotidiennes en esp\u00e8ces.<\/td>\n<\/tr>\n<tr>\n<td>Tournoi en direct<\/td>\n<td>10 000 \u20ac par jour<\/td>\n<td>Organis\u00e9 tous les jours avec un gameplay en direct, il offre aux participants la possibilit\u00e9 de gagner des sommes importantes en s&rsquo;affrontant en temps r\u00e9el.<\/td>\n<\/tr>\n<\/tbody>\n<\/table>\n<p>La participation est ouverte \u00e0 tous les joueurs inscrits sur Tesorcasino, ce qui favorise un environnement dynamique et engageant qui r\u00e9compense le jeu strat\u00e9gique.<\/p>\n<p><img loading=\"lazy\" decoding=\"async\" class=\"alignnone size-full wp-image-2012\" src=\"https:\/\/thetesorcasino.com\/wp-content\/uploads\/2026\/03\/Tesorcasino-bonus-page.webp\" alt=\"Tesorcasino bonus page\" width=\"1248\" height=\"536\" srcset=\"https:\/\/thetesorcasino.com\/wp-content\/uploads\/2026\/03\/Tesorcasino-bonus-page.webp 1248w, https:\/\/thetesorcasino.com\/wp-content\/uploads\/2026\/03\/Tesorcasino-bonus-page-300x129.webp 300w, https:\/\/thetesorcasino.com\/wp-content\/uploads\/2026\/03\/Tesorcasino-bonus-page-1024x440.webp 1024w, https:\/\/thetesorcasino.com\/wp-content\/uploads\/2026\/03\/Tesorcasino-bonus-page-768x330.webp 768w\" sizes=\"auto, (max-width: 1248px) 100vw, 1248px\" \/><\/p>\n<h2>Pack de bienvenue Tesor Casino<\/h2>\n<p>Nous \u00e9laborons en permanence un pack de bienvenue tr\u00e8s g\u00e9n\u00e9reux pour les nouveaux arrivants, car nous souhaitons que vous preniez tous un bon d\u00e9part. Lors de leur inscription, les joueurs re\u00e7oivent un pack bonus complet Tesor Casino afin d&rsquo;augmenter leur bankroll initiale et d&rsquo;am\u00e9liorer leurs chances de gagner, avec pas moins de 3 000 \u20ac et 500 tours gratuits ! Comme vous pouvez le constater, il s&rsquo;agit d&rsquo;une combinaison de fonds bonus et de tours gratuits, qui sont imm\u00e9diatement disponibles pour une large s\u00e9lection de jeux de casino.<\/p>\n<h3>Bonus sur premier d\u00e9p\u00f4t<\/h3>\n<p>Le bonus sur premier d\u00e9p\u00f4t chez Tesorcasino est un \u00e9l\u00e9ment cl\u00e9 de notre offre de bienvenue. Les joueurs qui effectuent leur premier d\u00e9p\u00f4t b\u00e9n\u00e9ficient d&rsquo;un bonus de 100 % jusqu&rsquo;\u00e0 1 000 \u20ac, accompagn\u00e9 de 250 tours gratuits que vous devez utiliser dans les 3 premiers jours, pas plus tard ! Vous pouvez utiliser ces tours sur des machines \u00e0 sous populaires pour prolonger votre temps de jeu et augmenter vos chances de gagner. Les conditions de mise pour ce bonus sont de 30x.<\/p>\n<h3>Bonus sur le deuxi\u00e8me d\u00e9p\u00f4t<\/h3>\n<p>Le deuxi\u00e8me d\u00e9p\u00f4t chez Tesor Casino donne droit \u00e0 un bonus de 50 % jusqu&rsquo;\u00e0 1 000 \u20ac et \u00e0 100 tours gratuits suppl\u00e9mentaires. Cette promotion vise \u00e0 encourager l&rsquo;engagement continu et \u00e0 r\u00e9compenser la fid\u00e9lit\u00e9. Comme pour le bonus de premier d\u00e9p\u00f4t, les conditions de mise restent fix\u00e9es \u00e0 30, car nous privil\u00e9gions la clart\u00e9 et savons que les joueurs ne veulent pas de mauvaises surprises.<\/p>\n<h3>Bonus sur le troisi\u00e8me d\u00e9p\u00f4t<\/h3>\n<p>Afin d&rsquo;encourager le jeu r\u00e9gulier, Tesor Casino offre un bonus sur le troisi\u00e8me d\u00e9p\u00f4t : un bonus de 50 % jusqu&rsquo;\u00e0 1 000 \u20ac, plus 150 tours gratuits suppl\u00e9mentaires. Si vous d\u00e9posez environ 2 000 \u20ac, vous d\u00e9bloquez tout. La condition de mise de 30 fois reste inchang\u00e9e. Nous encourageons le jeu responsable et la r\u00e9ussite des joueurs sur le long terme.<\/p>\n<h2>Les missions et la roue de la fortune comme moyen de s&rsquo;enrichir<\/h2>\n<p>Ajoutant un \u00e9l\u00e9ment ludique au syst\u00e8me de bonus, Tesor Casino propose des missions et la roue de la fortune. Ces rebondissements interactifs permettent aux joueurs d&rsquo;accomplir des t\u00e2ches sp\u00e9cifiques ou de faire tourner la roue pour obtenir des r\u00e9compenses instantan\u00e9es, notamment des cr\u00e9dits bonus, des tours gratuits ou l&rsquo;acc\u00e8s \u00e0 des tournois exclusifs.<\/p>\n<ul>\n<li>R\u00e9ussir les missions interactives de Tesorcasino rend les joueurs heureux et engag\u00e9s. Ils peuvent parier et s&rsquo;affronter, gratter des cartes et gagner \u00e0 des loteries.<\/li>\n<li>Faire tourner la roue de la fortune active des tonnes de fonctionnalit\u00e9s suppl\u00e9mentaires, des tours bonus Tesor Casino et des points que les joueurs utilisent pour remporter la victoire dans leur jeu.<\/li>\n<li>Pour gagner, vous devez toujours accomplir certaines t\u00e2ches qui vous font r\u00e9fl\u00e9chir.<\/li>\n<li>La roue de la fortune aide les joueurs \u00e0 tourner pour gagner des prix instantan\u00e9s, qui peuvent inclure des cr\u00e9dits bonus, des tours gratuits ou, dans certains tournois sp\u00e9ciaux, des prix suppl\u00e9mentaires.<\/li>\n<li>Les vainqueurs ont plus d&rsquo;opportunit\u00e9s d&rsquo;amasser des richesses gr\u00e2ce \u00e0 cette gamification intelligente.<\/li>\n<\/ul>\n<p>Cette approche encourage la participation continue et offre des opportunit\u00e9s suppl\u00e9mentaires d&rsquo;accumuler des richesses.<\/p>\n<h2>FAQ<\/h2>\n<h3>Dois-je recevoir des bonus, ou est-ce facultatif ?<\/h3>\n<p>La participation aux bonus est facultative. Les joueurs peuvent choisir de les refuser ou d&rsquo;opter pour des promotions ou des r\u00e9compenses sp\u00e9cifiques, avec des instructions claires fournies lors du d\u00e9p\u00f4t ou de l&rsquo;inscription.<\/p>\n<h3>Puis-je \u00e9galement obtenir des bonus sur la version mobile ?<\/h3>\n<p>Tesor Casino offre les m\u00eames bonus sur la plateforme mobile, donc ne vous inqui\u00e9tez pas. La version mobile est une PWA, avec toutes les fonctionnalit\u00e9s du casino, un acc\u00e8s fluide et des conditions identiques sur tous les appareils.<\/p>\n<h3>Les tours gratuits expirent-ils ?<\/h3>\n<p>Oui, et rapidement ! Vous pouvez perdre vos tours en quelques jours, alors d\u00e9p\u00eachez-vous. Ils expirent g\u00e9n\u00e9ralement dans un d\u00e9lai d\u00e9termin\u00e9, g\u00e9n\u00e9ralement de 24 \u00e0 72 heures. Vous trouverez tous les d\u00e9tails dans la section consacr\u00e9e aux conditions des bonus. Nous pr\u00e9cisons toujours les d\u00e9tails dans les conditions promotionnelles.<\/p>\n<\/div><\/div><\/p>\n","protected":false},"excerpt":{"rendered":"<p>Bonus et r\u00e9compenses de Tesor Casino La collection de Tesor Casino bonus comprend un large \u00e9ventail de prix qui peuvent impressionner tous les joueurs et inspirer une comp\u00e9tition cr\u00e9ative. Gr\u00e2ce \u00e0 un syst\u00e8me complet de promotions, de tournois et de bonus, Tesorcasino garantit \u00e0 tous les joueurs des opportunit\u00e9s \u00e9quitables, transparentes et rentables pour maximiser [&hellip;]<\/p>\n","protected":false},"author":1,"featured_media":0,"parent":0,"menu_order":0,"comment_status":"closed","ping_status":"closed","template":"template-builder.php","meta":{"_acf_changed":false,"inline_featured_image":false,"footnotes":""},"class_list":["post-1452","page","type-page","status-publish","hentry"],"acf":[],"yoast_head":"<!-- This site is optimized with the Yoast SEO plugin v27.3 - https:\/\/yoast.com\/product\/yoast-seo-wordpress\/ -->\n<title>Tesor Casino Bonus | Offres de Bienvenue et Promotions<\/title>\n<meta name=\"description\" content=\"Tesor Casino Bonus \u2013 d\u00e9couvrez des packages de bienvenue passionnants, des offres de recharge et des tours gratuits. Profitez du cashback hebdomadaire, des tournois et des r\u00e9compenses exclusives chez Tesorcasino.\" \/>\n<meta name=\"robots\" content=\"index, follow, max-snippet:-1, max-image-preview:large, max-video-preview:-1\" \/>\n<link rel=\"canonical\" href=\"https:\/\/thetesorcasino.com\/fr\/bonus\/\" \/>\n<meta property=\"og:locale\" content=\"fr_FR\" \/>\n<meta property=\"og:type\" content=\"article\" \/>\n<meta property=\"og:title\" content=\"Tesor Casino Bonus | Offres de Bienvenue et Promotions\" \/>\n<meta property=\"og:description\" content=\"Tesor Casino Bonus \u2013 d\u00e9couvrez des packages de bienvenue passionnants, des offres de recharge et des tours gratuits. Profitez du cashback hebdomadaire, des tournois et des r\u00e9compenses exclusives chez Tesorcasino.\" \/>\n<meta property=\"og:url\" content=\"https:\/\/thetesorcasino.com\/fr\/bonus\/\" \/>\n<meta property=\"og:site_name\" content=\"tesorcasino\" \/>\n<meta property=\"article:modified_time\" content=\"2026-03-05T13:21:44+00:00\" \/>\n<meta name=\"twitter:card\" content=\"summary_large_image\" \/>\n<meta name=\"twitter:label1\" content=\"Dur\u00e9e de lecture estim\u00e9e\" \/>\n\t<meta name=\"twitter:data1\" content=\"1 minute\" \/>\n<script type=\"application\/ld+json\" class=\"yoast-schema-graph\">{\"@context\":\"https:\\\/\\\/schema.org\",\"@graph\":[{\"@type\":\"WebPage\",\"@id\":\"https:\\\/\\\/thetesorcasino.com\\\/fr\\\/bonus\\\/\",\"url\":\"https:\\\/\\\/thetesorcasino.com\\\/fr\\\/bonus\\\/\",\"name\":\"Tesor Casino Bonus | Offres de Bienvenue et Promotions\",\"isPartOf\":{\"@id\":\"https:\\\/\\\/thetesorcasino.com\\\/fr\\\/#website\"},\"datePublished\":\"2026-01-20T12:21:20+00:00\",\"dateModified\":\"2026-03-05T13:21:44+00:00\",\"description\":\"Tesor Casino Bonus \u2013 d\u00e9couvrez des packages de bienvenue passionnants, des offres de recharge et des tours gratuits. Profitez du cashback hebdomadaire, des tournois et des r\u00e9compenses exclusives chez Tesorcasino.\",\"breadcrumb\":{\"@id\":\"https:\\\/\\\/thetesorcasino.com\\\/fr\\\/bonus\\\/#breadcrumb\"},\"inLanguage\":\"fr-FR\",\"potentialAction\":[{\"@type\":\"ReadAction\",\"target\":[\"https:\\\/\\\/thetesorcasino.com\\\/fr\\\/bonus\\\/\"]}]},{\"@type\":\"BreadcrumbList\",\"@id\":\"https:\\\/\\\/thetesorcasino.com\\\/fr\\\/bonus\\\/#breadcrumb\",\"itemListElement\":[{\"@type\":\"ListItem\",\"position\":1,\"name\":\"Tesorcasino\",\"item\":\"https:\\\/\\\/thetesorcasino.com\\\/fr\\\/\"},{\"@type\":\"ListItem\",\"position\":2,\"name\":\"Bonus\"}]},{\"@type\":\"WebSite\",\"@id\":\"https:\\\/\\\/thetesorcasino.com\\\/fr\\\/#website\",\"url\":\"https:\\\/\\\/thetesorcasino.com\\\/fr\\\/\",\"name\":\"Tesorcasino\",\"description\":\"\",\"publisher\":{\"@id\":\"https:\\\/\\\/thetesorcasino.com\\\/fr\\\/#organization\"},\"potentialAction\":[{\"@type\":\"SearchAction\",\"target\":{\"@type\":\"EntryPoint\",\"urlTemplate\":\"https:\\\/\\\/thetesorcasino.com\\\/fr\\\/?s={search_term_string}\"},\"query-input\":{\"@type\":\"PropertyValueSpecification\",\"valueRequired\":true,\"valueName\":\"search_term_string\"}}],\"inLanguage\":\"fr-FR\"},{\"@type\":\"Organization\",\"@id\":\"https:\\\/\\\/thetesorcasino.com\\\/fr\\\/#organization\",\"name\":\"Tesorcasino\",\"url\":\"https:\\\/\\\/thetesorcasino.com\\\/fr\\\/\",\"logo\":{\"@type\":\"ImageObject\",\"inLanguage\":\"fr-FR\",\"@id\":\"https:\\\/\\\/thetesorcasino.com\\\/fr\\\/#\\\/schema\\\/logo\\\/image\\\/\",\"url\":\"https:\\\/\\\/thetesorcasino.com\\\/wp-content\\\/uploads\\\/2026\\\/03\\\/Tesorcasino-logo.png\",\"contentUrl\":\"https:\\\/\\\/thetesorcasino.com\\\/wp-content\\\/uploads\\\/2026\\\/03\\\/Tesorcasino-logo.png\",\"width\":246,\"height\":44,\"caption\":\"Tesorcasino\"},\"image\":{\"@id\":\"https:\\\/\\\/thetesorcasino.com\\\/fr\\\/#\\\/schema\\\/logo\\\/image\\\/\"}}]}<\/script>\n<!-- \/ Yoast SEO plugin. -->","yoast_head_json":{"title":"Tesor Casino Bonus | Offres de Bienvenue et Promotions","description":"Tesor Casino Bonus \u2013 d\u00e9couvrez des packages de bienvenue passionnants, des offres de recharge et des tours gratuits. Profitez du cashback hebdomadaire, des tournois et des r\u00e9compenses exclusives chez Tesorcasino.","robots":{"index":"index","follow":"follow","max-snippet":"max-snippet:-1","max-image-preview":"max-image-preview:large","max-video-preview":"max-video-preview:-1"},"canonical":"https:\/\/thetesorcasino.com\/fr\/bonus\/","og_locale":"fr_FR","og_type":"article","og_title":"Tesor Casino Bonus | Offres de Bienvenue et Promotions","og_description":"Tesor Casino Bonus \u2013 d\u00e9couvrez des packages de bienvenue passionnants, des offres de recharge et des tours gratuits. Profitez du cashback hebdomadaire, des tournois et des r\u00e9compenses exclusives chez Tesorcasino.","og_url":"https:\/\/thetesorcasino.com\/fr\/bonus\/","og_site_name":"tesorcasino","article_modified_time":"2026-03-05T13:21:44+00:00","twitter_card":"summary_large_image","twitter_misc":{"Dur\u00e9e de lecture estim\u00e9e":"1 minute"},"schema":{"@context":"https:\/\/schema.org","@graph":[{"@type":"WebPage","@id":"https:\/\/thetesorcasino.com\/fr\/bonus\/","url":"https:\/\/thetesorcasino.com\/fr\/bonus\/","name":"Tesor Casino Bonus | Offres de Bienvenue et Promotions","isPartOf":{"@id":"https:\/\/thetesorcasino.com\/fr\/#website"},"datePublished":"2026-01-20T12:21:20+00:00","dateModified":"2026-03-05T13:21:44+00:00","description":"Tesor Casino Bonus \u2013 d\u00e9couvrez des packages de bienvenue passionnants, des offres de recharge et des tours gratuits. Profitez du cashback hebdomadaire, des tournois et des r\u00e9compenses exclusives chez Tesorcasino.","breadcrumb":{"@id":"https:\/\/thetesorcasino.com\/fr\/bonus\/#breadcrumb"},"inLanguage":"fr-FR","potentialAction":[{"@type":"ReadAction","target":["https:\/\/thetesorcasino.com\/fr\/bonus\/"]}]},{"@type":"BreadcrumbList","@id":"https:\/\/thetesorcasino.com\/fr\/bonus\/#breadcrumb","itemListElement":[{"@type":"ListItem","position":1,"name":"Tesorcasino","item":"https:\/\/thetesorcasino.com\/fr\/"},{"@type":"ListItem","position":2,"name":"Bonus"}]},{"@type":"WebSite","@id":"https:\/\/thetesorcasino.com\/fr\/#website","url":"https:\/\/thetesorcasino.com\/fr\/","name":"Tesorcasino","description":"","publisher":{"@id":"https:\/\/thetesorcasino.com\/fr\/#organization"},"potentialAction":[{"@type":"SearchAction","target":{"@type":"EntryPoint","urlTemplate":"https:\/\/thetesorcasino.com\/fr\/?s={search_term_string}"},"query-input":{"@type":"PropertyValueSpecification","valueRequired":true,"valueName":"search_term_string"}}],"inLanguage":"fr-FR"},{"@type":"Organization","@id":"https:\/\/thetesorcasino.com\/fr\/#organization","name":"Tesorcasino","url":"https:\/\/thetesorcasino.com\/fr\/","logo":{"@type":"ImageObject","inLanguage":"fr-FR","@id":"https:\/\/thetesorcasino.com\/fr\/#\/schema\/logo\/image\/","url":"https:\/\/thetesorcasino.com\/wp-content\/uploads\/2026\/03\/Tesorcasino-logo.png","contentUrl":"https:\/\/thetesorcasino.com\/wp-content\/uploads\/2026\/03\/Tesorcasino-logo.png","width":246,"height":44,"caption":"Tesorcasino"},"image":{"@id":"https:\/\/thetesorcasino.com\/fr\/#\/schema\/logo\/image\/"}}]}},"_links":{"self":[{"href":"https:\/\/thetesorcasino.com\/fr\/wp-json\/wp\/v2\/pages\/1452","targetHints":{"allow":["GET"]}}],"collection":[{"href":"https:\/\/thetesorcasino.com\/fr\/wp-json\/wp\/v2\/pages"}],"about":[{"href":"https:\/\/thetesorcasino.com\/fr\/wp-json\/wp\/v2\/types\/page"}],"author":[{"embeddable":true,"href":"https:\/\/thetesorcasino.com\/fr\/wp-json\/wp\/v2\/users\/1"}],"replies":[{"embeddable":true,"href":"https:\/\/thetesorcasino.com\/fr\/wp-json\/wp\/v2\/comments?post=1452"}],"version-history":[{"count":3,"href":"https:\/\/thetesorcasino.com\/fr\/wp-json\/wp\/v2\/pages\/1452\/revisions"}],"predecessor-version":[{"id":2049,"href":"https:\/\/thetesorcasino.com\/fr\/wp-json\/wp\/v2\/pages\/1452\/revisions\/2049"}],"wp:attachment":[{"href":"https:\/\/thetesorcasino.com\/fr\/wp-json\/wp\/v2\/media?parent=1452"}],"curies":[{"name":"wp","href":"https:\/\/api.w.org\/{rel}","templated":true}]}}