{"id":1482,"date":"2026-01-20T12:11:11","date_gmt":"2026-01-20T12:11:11","guid":{"rendered":"https:\/\/bonuskongcasino.com\/login-and-registration\/"},"modified":"2026-03-05T13:19:42","modified_gmt":"2026-03-05T13:19:42","slug":"connexion-et-inscription","status":"publish","type":"page","link":"https:\/\/thetesorcasino.com\/fr\/connexion-et-inscription\/","title":{"rendered":"Connexion et inscription"},"content":{"rendered":"<h1>Connexion et inscription au compte Tesor Casino<\/h1>\n<p>De l&rsquo;inscription \u00e0 Tesor login, toutes les actions offrent aux joueurs un environnement s\u00fbr, efficace et agr\u00e9able. Le casino Tesor accorde une grande importance \u00e0 la s\u00e9curit\u00e9, \u00e0 la facilit\u00e9 d&rsquo;acc\u00e8s et \u00e0 l&rsquo;exp\u00e9rience de jeu globale. Gr\u00e2ce \u00e0 notre option de connexion, vous aurez facilement acc\u00e8s \u00e0 une plateforme compl\u00e8te proposant de nombreux jeux, des bonus uniques et des fonctionnalit\u00e9s et services personnalis\u00e9s qui r\u00e9pondent \u00e0 tous vos besoins.<\/p>\n<p><div class=\"banner-wrap\" aria-label=\"Banner\"><img src=\"https:\/\/thetesorcasino.com\/wp-content\/uploads\/2026\/03\/tesorcasino-bnr-pc-2.webp\" class=\"w-100 d-none d-lg-block img-pc main-banner-img\" alt=\"tesorcasino banner desktop\" fetchpriority=\"high\" decoding=\"async\"><img src=\"https:\/\/thetesorcasino.com\/wp-content\/uploads\/2026\/03\/tesorcasino-banner-mobile.webp\" class=\"w-100 d-none d-md-block d-lg-none main-banner-img\" alt=\"tesorcasino banner mobile\" fetchpriority=\"high\" decoding=\"async\"><img src=\"https:\/\/thetesorcasino.com\/wp-content\/uploads\/2026\/03\/tesorcasino-banner-mobile.webp\" class=\"w-100 d-md-none\" alt=\"tesorcasino banner mobile\" fetchpriority=\"high\" decoding=\"async\"><div class=\"banner-description\">\n<div class=\"banner-title\">Bonus de bienvenue<\/div>\n<p class=\"banner-header-title\">\u20ac3,000<\/p>\n<div class=\"banner-header-AdditionalText\">+ 300 Tours gratuits<\/div>\n<button data-item=\"homepage_banner_link\" class=\"goto m-button m-gradient-border m-button--primary m-button--large banner-button btn-orange\">\n            <div class=\"m-button-content\">\n                <span>Inscrivez-vous d\u00e8s maintenant<\/span>\n                <span><\/span>\n            <\/div>\n        <\/button>\n<\/div>\n<div class=\"WelcomePack\">\n<p><img loading=\"lazy\" decoding=\"async\" class=\"alignnone size-full wp-image-2021\" src=\"https:\/\/thetesorcasino.com\/wp-content\/uploads\/welcome-crown.png\" alt=\"welcome crown\" width=\"25\" height=\"26\" \/><\/p>\n<div class=\"WelcomePack-Info\">Cashback hebdomadaire jusqu&rsquo;\u00e0 25 %<\/div>\n<p><img loading=\"lazy\" decoding=\"async\" class=\"alignnone size-full wp-image-2021\" src=\"https:\/\/thetesorcasino.com\/wp-content\/uploads\/welcome-crown.png\" alt=\"welcome crown\" width=\"25\" height=\"26\" \/><\/p>\n<\/div>\n<\/div><div class=\"scrollable-content-wrap my-5\"><div class=\"scrollable-content-inner\"><h2>Inscription d&rsquo;un nouvel utilisateur sur Tesor Casino<\/h2>\n<p>En cr\u00e9ant un compte sur Tesor Casino, vous aurez acc\u00e8s \u00e0 tous nos produits de jeu. Nous avons pr\u00e9par\u00e9 pour vous plus de 6 000 titres sur diff\u00e9rentes machines \u00e0 sous, notamment de superbes livres, des tours de roue impressionnants et des jeux de casino en direct tr\u00e8s populaires.<\/p>\n<p>L&rsquo;inscription vous donne acc\u00e8s \u00e0 notre vaste biblioth\u00e8que de jeux et vous permet \u00e9galement de b\u00e9n\u00e9ficier de bonus lucratifs, de promotions et d&rsquo;offres personnalis\u00e9es.<\/p>\n<p>La proc\u00e9dure d&rsquo;inscription est simple, afin que les nouveaux joueurs puissent cr\u00e9er leur propre compte facilement et en toute s\u00e9curit\u00e9.<\/p>\n<h3>\u00c9tapes d&rsquo;inscription \u00e0 Tesorcasino<\/h3>\n<p>L&rsquo;inscription \u00e0 Tesorcasino est rapide :<\/p>\n<ol>\n<li>Cliquez sur le bouton \u00ab S&rsquo;inscrire \u00bb dans le coin sup\u00e9rieur droit.<\/li>\n<li>Nous vous accueillons avec une banni\u00e8re pr\u00e9sentant notre pack de bienvenue pouvant atteindre 3 000 \u20ac + 500 tours gratuits.<\/li>\n<li>Vous devez saisir votre adresse e-mail.<\/li>\n<li>Cliquez en bas et entrez votre mot de passe.<\/li>\n<li>Entrez votre code promotionnel. Pour cela, inscrivez-vous \u00e0 nos e-mails promotionnels ; vous pouvez cocher les cases ci-dessous. Vous pouvez obtenir des bonus ou des tours gratuits pour rendre votre premi\u00e8re exp\u00e9rience de jeu plus int\u00e9ressante.<\/li>\n<li>Confirmez que vous avez 18 ans et que vous acceptez les conditions g\u00e9n\u00e9rales et la politique de confidentialit\u00e9.<\/li>\n<li>Finalisez votre inscription en remplissant le formulaire.<\/li>\n<\/ol>\n<p>L&rsquo;\u00e9tape suivante apr\u00e8s l&rsquo;inscription est la v\u00e9rification du compte, qui permet de s\u00e9curiser votre profil et de garantir le respect des exigences de s\u00e9curit\u00e9.<\/p>\n<p><img loading=\"lazy\" decoding=\"async\" class=\"alignnone size-full wp-image-2004\" src=\"https:\/\/thetesorcasino.com\/wp-content\/uploads\/2026\/03\/Tesorcasino-login-page.webp\" alt=\"Tesorcasino login page\" width=\"1248\" height=\"536\" srcset=\"https:\/\/thetesorcasino.com\/wp-content\/uploads\/2026\/03\/Tesorcasino-login-page.webp 1248w, https:\/\/thetesorcasino.com\/wp-content\/uploads\/2026\/03\/Tesorcasino-login-page-300x129.webp 300w, https:\/\/thetesorcasino.com\/wp-content\/uploads\/2026\/03\/Tesorcasino-login-page-1024x440.webp 1024w, https:\/\/thetesorcasino.com\/wp-content\/uploads\/2026\/03\/Tesorcasino-login-page-768x330.webp 768w\" sizes=\"auto, (max-width: 1248px) 100vw, 1248px\" \/><\/p>\n<h2>Processus de connexion \u00e0 Tesor Casino<\/h2>\n<p>F\u00e9licitations pour l&rsquo;inscription de votre compte Tesorcasino ! Nous sommes heureux de vous compter parmi nous. Il est maintenant temps de vous connecter pour la premi\u00e8re fois \u00e0 Tesor Casino. La plateforme est rapide et s\u00e9curis\u00e9e. Pour vous connecter, proc\u00e9dez comme suit :<\/p>\n<table>\n<tbody>\n<tr>\n<td>Action<\/td>\n<td>D\u00e9tails cl\u00e9s<\/td>\n<\/tr>\n<tr>\n<td>Ouvrez la page principale de Tesorcasino<\/td>\n<td>Assurez-vous d&rsquo;\u00eatre sur notre site web afin de prot\u00e9ger votre compte.<\/td>\n<\/tr>\n<tr>\n<td>Rep\u00e9rez la section de connexion<\/td>\n<td>La zone de connexion est bien visible ici pour un acc\u00e8s rapide.<\/td>\n<\/tr>\n<tr>\n<td>Saisissez votre adresse e-mail enregistr\u00e9e<\/td>\n<td>Utilisez l&rsquo;adresse e-mail que vous avez utilis\u00e9e lors de votre inscription sur Tesor Casino.<\/td>\n<\/tr>\n<tr>\n<td>Saisissez votre mot de passe<\/td>\n<td>Assurez-vous que votre mot de passe est correct ; pensez \u00e0 utiliser un gestionnaire de mots de passe pour plus de commodit\u00e9.<\/td>\n<\/tr>\n<tr>\n<td>Cliquez sur le bouton de connexion \u00e0 Tesor Casino<\/td>\n<td>Cela vous donnera acc\u00e8s \u00e0 votre tableau de bord personnel et \u00e0 toutes les fonctionnalit\u00e9s de la plateforme.<\/td>\n<\/tr>\n<\/tbody>\n<\/table>\n<p>Outre les m\u00e9thodes de connexion classiques, Tesor Casino propose \u00e9galement une alternative consistant \u00e0 utiliser un syst\u00e8me d&rsquo;authentification tiers, par exemple la connexion Google. Ainsi, nos joueurs utilisent leurs comptes sans avoir \u00e0 m\u00e9moriser davantage de mots de passe, et la s\u00e9curit\u00e9 reste \u00e0 un niveau \u00e9lev\u00e9. Et oui, apr\u00e8s vous \u00eatre connect\u00e9 \u00e0 Tesor Casino, vous \u00eates libre de faire tout ce que vous voulez pendant votre temps de jeu : d\u00e9poser et retirer vos gains, jouer \u00e0 des jeux et g\u00e9rer facilement les d\u00e9tails de votre compte.<\/p>\n<h2>V\u00e9rification et s\u00e9curit\u00e9 du compte Tesorcasino<\/h2>\n<p>Tesor Casino utilise un syst\u00e8me de v\u00e9rification complet afin de garantir un environnement de jeu s\u00e9curis\u00e9. Ce processus implique :<\/p>\n<ul>\n<li>La remise de documents officiels tels que des cartes d&rsquo;identit\u00e9 ou des passeports d\u00e9livr\u00e9s par le gouvernement \u00e0 notre \u00e9quipe d&rsquo;assistance afin de v\u00e9rifier votre identit\u00e9.<\/li>\n<li>La fourniture d&rsquo;un justificatif de domicile, de factures de services publics, etc. afin de confirmer vos coordonn\u00e9es.<\/li>\n<\/ul>\n<p>Une fois ces \u00e9tapes effectu\u00e9es, nous v\u00e9rifions votre identit\u00e9 dans un d\u00e9lai de 1 \u00e0 2 jours (sauf si c&rsquo;est un week-end ou un jour f\u00e9ri\u00e9). Vous pouvez alors acc\u00e9der \u00e0 votre compte Tesor Casino et d\u00e9couvrir toutes ses fonctionnalit\u00e9s. Pourquoi ce processus de v\u00e9rification est-il n\u00e9cessaire ? Parce que nous devons nous conformer aux exigences l\u00e9gales et emp\u00eacher tout acc\u00e8s non autoris\u00e9 aux comptes, nous autorisons un acc\u00e8s complet, y compris les d\u00e9p\u00f4ts, les retraits et la participation \u00e0 toutes les opportunit\u00e9s de jeu.<\/p>\n<h2>Comment s\u00e9curiser votre compte<\/h2>\n<p>Il est essentiel de s\u00e9curiser votre compte. Tesor Casino vous recommande :<\/p>\n<ul>\n<li>Utilisez des mots de passe ultra-s\u00e9curis\u00e9s que personne ne peut pirater facilement. Cr\u00e9ez des combinaisons complexes de lettres, de chiffres et de caract\u00e8res sp\u00e9ciaux.<\/li>\n<li>Activez la 2FA (authentification \u00e0 deux facteurs), qui contribue grandement \u00e0 la protection de votre compte. Elle constitue une couche de s\u00e9curit\u00e9 suppl\u00e9mentaire.<\/li>\n<li>Ne partagez pas vos identifiants de connexion avec d&rsquo;autres personnes. Pas m\u00eame avec votre petit(e) ami(e).<\/li>\n<\/ul>\n<p>Modifier les informations de connexion \u00e0 Tesor Casino et contr\u00f4ler l&rsquo;activit\u00e9 de votre compte peut aider tous nos joueurs \u00e0 \u00e9viter d&rsquo;\u00eatre pirat\u00e9s ou escroqu\u00e9s, ou \u00e0 faire face \u00e0 tout autre incident cybern\u00e9tique d\u00e9sagr\u00e9able.<\/p>\n<h3>Vous avez oubli\u00e9 votre mot de passe ?<\/h3>\n<p>Nous comprenons ce que vous ressentez. Vous \u00eates heureux de pouvoir enfin vous d\u00e9tendre, jouer \u00e0 vos jeux sur notre plateforme et vous connecter \u00e0 Tesor Casino. Vous entrez votre adresse e-mail et votre mot de passe, puis vous voyez s&rsquo;afficher le message suivant : \u00ab Identifiant ou mot de passe invalide \u00bb. Vous n&rsquo;en croyez pas vos yeux et vous entrez vos identifiants encore et encore. Toujours le m\u00eame message. Incroyable ! Mais attendez, nous sommes l\u00e0 pour vous aider.<\/p>\n<p>Si vous avez oubli\u00e9 comment vous connecter \u00e0 Tesor Casino, nous avons une proc\u00e9dure simple de r\u00e9cup\u00e9ration de mot de passe :<\/p>\n<ol>\n<li>Cliquez sur votre connexion \u00e0 Tesor Casino et s\u00e9lectionnez le bouton \u00ab Mot de passe oubli\u00e9 ? \u00bb.<\/li>\n<li>Nous vous avons envoy\u00e9 un e-mail pour vous permettre de cr\u00e9er un nouveau mot de passe s\u00e9curis\u00e9.<\/li>\n<\/ol>\n<p>N&rsquo;oubliez pas de v\u00e9rifier votre dossier spam au cas o\u00f9 l&rsquo;e-mail ne vous parviendrait pas \u00e0 temps.<\/p>\n<h2>FAQ<\/h2>\n<h3>Puis-je partager mon profil Tesorcasino avec des amis ou d&rsquo;autres joueurs ?<\/h3>\n<p>Nous interdisons strictement \u00e0 nos joueurs de partager leur compte ou leur identifiant Tesorcasino. Chaque utilisateur doit conserver la propri\u00e9t\u00e9 exclusive de son compte afin d&rsquo;en garantir la s\u00e9curit\u00e9 et l&rsquo;int\u00e9grit\u00e9. Si vous souhaitez en savoir plus, il vous suffit de nous \u00e9crire dans le chat en direct pour nous poser vos questions.<\/p>\n<h3>Puis-je \u00eatre d\u00e9connect\u00e9 automatiquement ?<\/h3>\n<p>Nous disposons d&rsquo;un syst\u00e8me de s\u00e9curit\u00e9 tr\u00e8s performant. Si vous vous absentez pendant un certain temps, il est possible que vous soyez d\u00e9connect\u00e9. Pour des raisons de confidentialit\u00e9, Tesor Casino peut d\u00e9connecter automatiquement les utilisateurs apr\u00e8s un certain temps afin d&#8217;emp\u00eacher tout acc\u00e8s non autoris\u00e9 aux comptes.<\/p>\n<h3>L&rsquo;authentification \u00e0 deux facteurs est-elle disponible ?<\/h3>\n<p>L&rsquo;authentification \u00e0 deux facteurs est disponible, et nous la recommandons. Activez-la dans les param\u00e8tres de votre compte pour ajouter un niveau de s\u00e9curit\u00e9 suppl\u00e9mentaire \u00e0 votre profil. \u00c9crivez \u00e0 notre service d&rsquo;assistance multilingue pour plus de d\u00e9tails.<\/p>\n<\/div><\/div><\/p>\n","protected":false},"excerpt":{"rendered":"<p>Connexion et inscription au compte Tesor Casino De l&rsquo;inscription \u00e0 Tesor login, toutes les actions offrent aux joueurs un environnement s\u00fbr, efficace et agr\u00e9able. Le casino Tesor accorde une grande importance \u00e0 la s\u00e9curit\u00e9, \u00e0 la facilit\u00e9 d&rsquo;acc\u00e8s et \u00e0 l&rsquo;exp\u00e9rience de jeu globale. Gr\u00e2ce \u00e0 notre option de connexion, vous aurez facilement acc\u00e8s \u00e0 [&hellip;]<\/p>\n","protected":false},"author":1,"featured_media":0,"parent":0,"menu_order":0,"comment_status":"closed","ping_status":"closed","template":"template-builder.php","meta":{"_acf_changed":false,"inline_featured_image":false,"footnotes":""},"class_list":["post-1482","page","type-page","status-publish","hentry"],"acf":[],"yoast_head":"<!-- This site is optimized with the Yoast SEO plugin v27.3 - https:\/\/yoast.com\/product\/yoast-seo-wordpress\/ -->\n<title>Tesor Casino Connexion \u2013 Connectez-vous \u00e0 votre compte casino en toute s\u00e9curit\u00e9<\/title>\n<meta name=\"description\" content=\"Tesor Casino Connexion \u2013 connectez-vous en toute s\u00e9curit\u00e9 \u00e0 votre compte casino avec un acc\u00e8s crypt\u00e9 et une v\u00e9rification rapide. G\u00e9rez la r\u00e9cup\u00e9ration de mot de passe, les param\u00e8tres de profil et les outils de compte facilement chez Tesorcasino.\" \/>\n<meta name=\"robots\" content=\"index, follow, max-snippet:-1, max-image-preview:large, max-video-preview:-1\" \/>\n<link rel=\"canonical\" href=\"https:\/\/thetesorcasino.com\/fr\/connexion-et-inscription\/\" \/>\n<meta property=\"og:locale\" content=\"fr_FR\" \/>\n<meta property=\"og:type\" content=\"article\" \/>\n<meta property=\"og:title\" content=\"Tesor Casino Connexion \u2013 Connectez-vous \u00e0 votre compte casino en toute s\u00e9curit\u00e9\" \/>\n<meta property=\"og:description\" content=\"Tesor Casino Connexion \u2013 connectez-vous en toute s\u00e9curit\u00e9 \u00e0 votre compte casino avec un acc\u00e8s crypt\u00e9 et une v\u00e9rification rapide. G\u00e9rez la r\u00e9cup\u00e9ration de mot de passe, les param\u00e8tres de profil et les outils de compte facilement chez Tesorcasino.\" \/>\n<meta property=\"og:url\" content=\"https:\/\/thetesorcasino.com\/fr\/connexion-et-inscription\/\" \/>\n<meta property=\"og:site_name\" content=\"tesorcasino\" \/>\n<meta property=\"article:modified_time\" content=\"2026-03-05T13:19:42+00:00\" \/>\n<meta name=\"twitter:card\" content=\"summary_large_image\" \/>\n<meta name=\"twitter:label1\" content=\"Dur\u00e9e de lecture estim\u00e9e\" \/>\n\t<meta name=\"twitter:data1\" content=\"1 minute\" \/>\n<script type=\"application\/ld+json\" class=\"yoast-schema-graph\">{\"@context\":\"https:\\\/\\\/schema.org\",\"@graph\":[{\"@type\":\"WebPage\",\"@id\":\"https:\\\/\\\/thetesorcasino.com\\\/fr\\\/connexion-et-inscription\\\/\",\"url\":\"https:\\\/\\\/thetesorcasino.com\\\/fr\\\/connexion-et-inscription\\\/\",\"name\":\"Tesor Casino Connexion \u2013 Connectez-vous \u00e0 votre compte casino en toute s\u00e9curit\u00e9\",\"isPartOf\":{\"@id\":\"https:\\\/\\\/thetesorcasino.com\\\/fr\\\/#website\"},\"datePublished\":\"2026-01-20T12:11:11+00:00\",\"dateModified\":\"2026-03-05T13:19:42+00:00\",\"description\":\"Tesor Casino Connexion \u2013 connectez-vous en toute s\u00e9curit\u00e9 \u00e0 votre compte casino avec un acc\u00e8s crypt\u00e9 et une v\u00e9rification rapide. G\u00e9rez la r\u00e9cup\u00e9ration de mot de passe, les param\u00e8tres de profil et les outils de compte facilement chez Tesorcasino.\",\"breadcrumb\":{\"@id\":\"https:\\\/\\\/thetesorcasino.com\\\/fr\\\/connexion-et-inscription\\\/#breadcrumb\"},\"inLanguage\":\"fr-FR\",\"potentialAction\":[{\"@type\":\"ReadAction\",\"target\":[\"https:\\\/\\\/thetesorcasino.com\\\/fr\\\/connexion-et-inscription\\\/\"]}]},{\"@type\":\"BreadcrumbList\",\"@id\":\"https:\\\/\\\/thetesorcasino.com\\\/fr\\\/connexion-et-inscription\\\/#breadcrumb\",\"itemListElement\":[{\"@type\":\"ListItem\",\"position\":1,\"name\":\"Tesorcasino\",\"item\":\"https:\\\/\\\/thetesorcasino.com\\\/fr\\\/\"},{\"@type\":\"ListItem\",\"position\":2,\"name\":\"Connexion et inscription\"}]},{\"@type\":\"WebSite\",\"@id\":\"https:\\\/\\\/thetesorcasino.com\\\/fr\\\/#website\",\"url\":\"https:\\\/\\\/thetesorcasino.com\\\/fr\\\/\",\"name\":\"Tesorcasino\",\"description\":\"\",\"publisher\":{\"@id\":\"https:\\\/\\\/thetesorcasino.com\\\/fr\\\/#organization\"},\"potentialAction\":[{\"@type\":\"SearchAction\",\"target\":{\"@type\":\"EntryPoint\",\"urlTemplate\":\"https:\\\/\\\/thetesorcasino.com\\\/fr\\\/?s={search_term_string}\"},\"query-input\":{\"@type\":\"PropertyValueSpecification\",\"valueRequired\":true,\"valueName\":\"search_term_string\"}}],\"inLanguage\":\"fr-FR\"},{\"@type\":\"Organization\",\"@id\":\"https:\\\/\\\/thetesorcasino.com\\\/fr\\\/#organization\",\"name\":\"Tesorcasino\",\"url\":\"https:\\\/\\\/thetesorcasino.com\\\/fr\\\/\",\"logo\":{\"@type\":\"ImageObject\",\"inLanguage\":\"fr-FR\",\"@id\":\"https:\\\/\\\/thetesorcasino.com\\\/fr\\\/#\\\/schema\\\/logo\\\/image\\\/\",\"url\":\"https:\\\/\\\/thetesorcasino.com\\\/wp-content\\\/uploads\\\/2026\\\/03\\\/Tesorcasino-logo.png\",\"contentUrl\":\"https:\\\/\\\/thetesorcasino.com\\\/wp-content\\\/uploads\\\/2026\\\/03\\\/Tesorcasino-logo.png\",\"width\":246,\"height\":44,\"caption\":\"Tesorcasino\"},\"image\":{\"@id\":\"https:\\\/\\\/thetesorcasino.com\\\/fr\\\/#\\\/schema\\\/logo\\\/image\\\/\"}}]}<\/script>\n<!-- \/ Yoast SEO plugin. -->","yoast_head_json":{"title":"Tesor Casino Connexion \u2013 Connectez-vous \u00e0 votre compte casino en toute s\u00e9curit\u00e9","description":"Tesor Casino Connexion \u2013 connectez-vous en toute s\u00e9curit\u00e9 \u00e0 votre compte casino avec un acc\u00e8s crypt\u00e9 et une v\u00e9rification rapide. G\u00e9rez la r\u00e9cup\u00e9ration de mot de passe, les param\u00e8tres de profil et les outils de compte facilement chez Tesorcasino.","robots":{"index":"index","follow":"follow","max-snippet":"max-snippet:-1","max-image-preview":"max-image-preview:large","max-video-preview":"max-video-preview:-1"},"canonical":"https:\/\/thetesorcasino.com\/fr\/connexion-et-inscription\/","og_locale":"fr_FR","og_type":"article","og_title":"Tesor Casino Connexion \u2013 Connectez-vous \u00e0 votre compte casino en toute s\u00e9curit\u00e9","og_description":"Tesor Casino Connexion \u2013 connectez-vous en toute s\u00e9curit\u00e9 \u00e0 votre compte casino avec un acc\u00e8s crypt\u00e9 et une v\u00e9rification rapide. G\u00e9rez la r\u00e9cup\u00e9ration de mot de passe, les param\u00e8tres de profil et les outils de compte facilement chez Tesorcasino.","og_url":"https:\/\/thetesorcasino.com\/fr\/connexion-et-inscription\/","og_site_name":"tesorcasino","article_modified_time":"2026-03-05T13:19:42+00:00","twitter_card":"summary_large_image","twitter_misc":{"Dur\u00e9e de lecture estim\u00e9e":"1 minute"},"schema":{"@context":"https:\/\/schema.org","@graph":[{"@type":"WebPage","@id":"https:\/\/thetesorcasino.com\/fr\/connexion-et-inscription\/","url":"https:\/\/thetesorcasino.com\/fr\/connexion-et-inscription\/","name":"Tesor Casino Connexion \u2013 Connectez-vous \u00e0 votre compte casino en toute s\u00e9curit\u00e9","isPartOf":{"@id":"https:\/\/thetesorcasino.com\/fr\/#website"},"datePublished":"2026-01-20T12:11:11+00:00","dateModified":"2026-03-05T13:19:42+00:00","description":"Tesor Casino Connexion \u2013 connectez-vous en toute s\u00e9curit\u00e9 \u00e0 votre compte casino avec un acc\u00e8s crypt\u00e9 et une v\u00e9rification rapide. G\u00e9rez la r\u00e9cup\u00e9ration de mot de passe, les param\u00e8tres de profil et les outils de compte facilement chez Tesorcasino.","breadcrumb":{"@id":"https:\/\/thetesorcasino.com\/fr\/connexion-et-inscription\/#breadcrumb"},"inLanguage":"fr-FR","potentialAction":[{"@type":"ReadAction","target":["https:\/\/thetesorcasino.com\/fr\/connexion-et-inscription\/"]}]},{"@type":"BreadcrumbList","@id":"https:\/\/thetesorcasino.com\/fr\/connexion-et-inscription\/#breadcrumb","itemListElement":[{"@type":"ListItem","position":1,"name":"Tesorcasino","item":"https:\/\/thetesorcasino.com\/fr\/"},{"@type":"ListItem","position":2,"name":"Connexion et inscription"}]},{"@type":"WebSite","@id":"https:\/\/thetesorcasino.com\/fr\/#website","url":"https:\/\/thetesorcasino.com\/fr\/","name":"Tesorcasino","description":"","publisher":{"@id":"https:\/\/thetesorcasino.com\/fr\/#organization"},"potentialAction":[{"@type":"SearchAction","target":{"@type":"EntryPoint","urlTemplate":"https:\/\/thetesorcasino.com\/fr\/?s={search_term_string}"},"query-input":{"@type":"PropertyValueSpecification","valueRequired":true,"valueName":"search_term_string"}}],"inLanguage":"fr-FR"},{"@type":"Organization","@id":"https:\/\/thetesorcasino.com\/fr\/#organization","name":"Tesorcasino","url":"https:\/\/thetesorcasino.com\/fr\/","logo":{"@type":"ImageObject","inLanguage":"fr-FR","@id":"https:\/\/thetesorcasino.com\/fr\/#\/schema\/logo\/image\/","url":"https:\/\/thetesorcasino.com\/wp-content\/uploads\/2026\/03\/Tesorcasino-logo.png","contentUrl":"https:\/\/thetesorcasino.com\/wp-content\/uploads\/2026\/03\/Tesorcasino-logo.png","width":246,"height":44,"caption":"Tesorcasino"},"image":{"@id":"https:\/\/thetesorcasino.com\/fr\/#\/schema\/logo\/image\/"}}]}},"_links":{"self":[{"href":"https:\/\/thetesorcasino.com\/fr\/wp-json\/wp\/v2\/pages\/1482","targetHints":{"allow":["GET"]}}],"collection":[{"href":"https:\/\/thetesorcasino.com\/fr\/wp-json\/wp\/v2\/pages"}],"about":[{"href":"https:\/\/thetesorcasino.com\/fr\/wp-json\/wp\/v2\/types\/page"}],"author":[{"embeddable":true,"href":"https:\/\/thetesorcasino.com\/fr\/wp-json\/wp\/v2\/users\/1"}],"replies":[{"embeddable":true,"href":"https:\/\/thetesorcasino.com\/fr\/wp-json\/wp\/v2\/comments?post=1482"}],"version-history":[{"count":3,"href":"https:\/\/thetesorcasino.com\/fr\/wp-json\/wp\/v2\/pages\/1482\/revisions"}],"predecessor-version":[{"id":2048,"href":"https:\/\/thetesorcasino.com\/fr\/wp-json\/wp\/v2\/pages\/1482\/revisions\/2048"}],"wp:attachment":[{"href":"https:\/\/thetesorcasino.com\/fr\/wp-json\/wp\/v2\/media?parent=1482"}],"curies":[{"name":"wp","href":"https:\/\/api.w.org\/{rel}","templated":true}]}}