{"id":1445,"date":"2026-01-20T12:08:23","date_gmt":"2026-01-20T12:08:23","guid":{"rendered":"https:\/\/bonuskongcasino.com\/app\/"},"modified":"2026-03-05T14:18:27","modified_gmt":"2026-03-05T14:18:27","slug":"applicazione","status":"publish","type":"page","link":"https:\/\/thetesorcasino.com\/it\/applicazione\/","title":{"rendered":"Applicazione"},"content":{"rendered":"<h1>Piattaforma mobile Tesorcasino<\/h1>\n<p>Tesorcasino app \u00e8 qui per cambiare il tuo modo di pensare alla comodit\u00e0 della portabilit\u00e0. L&#8217;app \u00e8 comoda e facilmente accessibile e consente ai giocatori italiani di godere di una selezione diversificata di esperienze di gioco nel nostro catalogo di oltre 6.000 titoli. Tesor Casino offre ai giocatori mobili bonus, promozioni e tornei integrati, il che significa che possono ottimizzare le capacit\u00e0 di gioco ovunque si trovino. Ha un design intuitivo e prestazioni affidabili, che rendono facile giocare ai giochi online di Tesorcasino ovunque ti trovi.<\/p>\n<div class=\"banner-wrap\" aria-label=\"Banner\"><img src=\"https:\/\/thetesorcasino.com\/wp-content\/uploads\/2026\/03\/tesorcasino-bnr-pc-2.webp\" class=\"w-100 d-none d-lg-block img-pc main-banner-img\" alt=\"tesorcasino banner desktop\" fetchpriority=\"high\" decoding=\"async\"><img src=\"https:\/\/thetesorcasino.com\/wp-content\/uploads\/2026\/03\/tesorcasino-banner-mobile.webp\" class=\"w-100 d-none d-md-block d-lg-none main-banner-img\" alt=\"tesorcasino banner mobile\" fetchpriority=\"high\" decoding=\"async\"><img src=\"https:\/\/thetesorcasino.com\/wp-content\/uploads\/2026\/03\/tesorcasino-banner-mobile.webp\" class=\"w-100 d-md-none\" alt=\"tesorcasino banner mobile\" fetchpriority=\"high\" decoding=\"async\"><div class=\"banner-description\">\n<div class=\"banner-title\">Bonus di benvenuto<\/div>\n<p class=\"banner-header-title\">\u20ac3,000<\/p>\n<div class=\"banner-header-AdditionalText\">+ 300 Giri gratuiti<\/div>\n<button data-item=\"homepage_banner_link\" class=\"goto m-button m-gradient-border m-button--primary m-button--large banner-button btn-orange\">\n            <div class=\"m-button-content\">\n                <span>Iscriviti ora<\/span>\n                <span><\/span>\n            <\/div>\n        <\/button>\n<\/div>\n<div class=\"WelcomePack\">\n<p><img loading=\"lazy\" decoding=\"async\" class=\"alignnone size-full wp-image-2024\" src=\"https:\/\/thetesorcasino.com\/wp-content\/uploads\/welcome-crown.png\" alt=\"welcome crown\" width=\"25\" height=\"26\" \/><\/p>\n<div class=\"WelcomePack-Info\">Cashback settimanale fino al 25%<\/div>\n<p><img loading=\"lazy\" decoding=\"async\" class=\"alignnone size-full wp-image-2024\" src=\"https:\/\/thetesorcasino.com\/wp-content\/uploads\/welcome-crown.png\" alt=\"welcome crown\" width=\"25\" height=\"26\" \/><\/p>\n<\/div>\n<\/div>\n<h2>Utilizzo di Tesor Casino su dispositivi mobili<\/h2>\n<p>L&#8217;app Tesorcasino \u00e8 ottimizzata in modo tale da offrire un&#8217;esperienza di gioco mobile efficiente. \u00c8 versatile e aiuta i giocatori ad avere comodamente a disposizione le loro slot online preferite, i giochi da tavolo, l&#8217; o e le opzioni con croupier dal vivo. La piattaforma mobile Tesorcasino \u00e8 sempre a tua disposizione. Non \u00e8 perfetto? Proprio come sul desktop, puoi accedere all&#8217;intero catalogo di giochi, cliccare ovunque, superare il processo di verifica KYC, depositare denaro, prelevare, partecipare ai tornei, controllare la cronologia e fare tantissime altre fantastiche attivit\u00e0 che abbiamo su Tesor Casino. Gestiamo vari dispositivi, che sono flessibili e convenienti per tutti i giocatori. E la cosa migliore? Anche l&#8217;assistenza clienti \u00e8 a tua disposizione in qualsiasi momento.<\/p>\n<p><div class=\"scrollable-content-wrap my-5\"><div class=\"scrollable-content-inner\"><h2>Tesorcasino Android PWA<\/h2>\n<p>L&#8217;applicazione web progressiva (PWA) di Tesorcasino su Android offre vantaggi sostanziali rispetto alle applicazioni tradizionali e ai file APK. La PWA \u00e8 leggera e veloce. Non richiede fastidiosi download da altri siti o negozi. Sappiamo che i comuni file APK occupano meno spazio di archiviazione e si scaricano pi\u00f9 velocemente. Ma la PWA \u00e8 diversa. Grazie alla sua struttura basata sul web, \u00e8 possibile ottenere aggiornamenti automatici. I giocatori hanno a disposizione tutte le ultime funzionalit\u00e0 di Tesor Casino senza interventi manuali o aggiornamenti di sistema. La tecnologia offre un&#8217;esperienza di gioco efficace e sicura, un caricamento veloce dei contenuti e una navigazione facile.<\/p>\n<h2>Vantaggi delle PWA rispetto alle app tradizionali e agli APK<\/h2>\n<p>Allora perch\u00e9 PWA \u00e8 cos\u00ec migliore? Te lo spieghiamo facilmente! PWA ha tantissimi vantaggi rispetto alle app tradizionali e agli APK. Ad esempio:<\/p>\n<ul>\n<li>Nessun download richiesto: rispetto ai file APK, la PWA pu\u00f2 essere aperta anche nei browser, quindi non richiede l&#8217;installazione.<\/li>\n<li>Aggiornamenti automatici: la PWA si aggiorna automaticamente in background, quindi fortunatamente i giocatori possono sempre godere dell&#8217;ultima versione.<\/li>\n<li>Compatibilit\u00e0 con i dispositivi: la PWA \u00e8 compatibile con molti dispositivi Android e non \u00e8 limitata a nessun dispositivo in particolare (a meno che non stiate giocando con il cellulare di vostra nonna), quindi la maggior parte degli smartphone esegue il nostro casin\u00f2 mobile in modo eccellente.<\/li>\n<li>Efficienza di archiviazione: essendo una soluzione basata sul web, la nostra PWA Tesorcasino occupa poco spazio di archiviazione sul dispositivo.<\/li>\n<li>Maggiore sicurezza: le PWA sono basate sul protocollo HTTPS, che garantisce un elevato livello di sicurezza per tutte le transazioni e le operazioni di gioco.<\/li>\n<\/ul>\n<p>Come puoi vedere, \u00e8 un&#8217;ottima idea provare la nostra app Tesorcasino per testarne tutti i vantaggi.<\/p>\n<p><img loading=\"lazy\" decoding=\"async\" class=\"alignnone size-full wp-image-1983\" src=\"https:\/\/thetesorcasino.com\/wp-content\/uploads\/2026\/03\/Tesorcasino-Android.webp\" alt=\"Tesorcasino Android\" width=\"1248\" height=\"536\" srcset=\"https:\/\/thetesorcasino.com\/wp-content\/uploads\/2026\/03\/Tesorcasino-Android.webp 1248w, https:\/\/thetesorcasino.com\/wp-content\/uploads\/2026\/03\/Tesorcasino-Android-300x129.webp 300w, https:\/\/thetesorcasino.com\/wp-content\/uploads\/2026\/03\/Tesorcasino-Android-1024x440.webp 1024w, https:\/\/thetesorcasino.com\/wp-content\/uploads\/2026\/03\/Tesorcasino-Android-768x330.webp 768w\" sizes=\"auto, (max-width: 1248px) 100vw, 1248px\" \/><\/p>\n<\/div><\/div><div style=\"clear: both\"><\/div><div class=\"d-flex justify-content-center\"><button data-item=\"decouvrez_link\" data-group=\"website_links\" class=\"goto fw-bold rounded-pill btn btn-orange\" aria-label=\"Scarica l&#039;app Tesorcasino\" >Scarica l&#039;app Tesorcasino<\/button><\/div><div class=\"scrollable-content-wrap my-5\"><div class=\"scrollable-content-inner\"><h2>App mobile Tesorcasino per iOS<\/h2>\n<p>Anche l&#8217;applicazione Tesorcasino per iPhone vi sorprender\u00e0 piacevolmente. Offriamo un&#8217;esperienza migliorata per gli utenti dei prodotti Apple. \u00c8 veloce in tutte le funzionalit\u00e0 del casin\u00f2, come le slot online, i giochi di casin\u00f2 dal vivo, i libri e i tornei in corso. L&#8217;app \u00e8 anche facile da usare e i pulsanti non sono minuscoli: tutto \u00e8 comodo alla vista.<\/p>\n<p>\u00c8 facile da navigare e i giochi si caricano molto rapidamente. La sicurezza e la privacy sono di prim&#8217;ordine. L&#8217;app soddisfa i severi requisiti di Apple per garantire un ambiente di gioco sicuro.<\/p>\n<p><img loading=\"lazy\" decoding=\"async\" class=\"alignnone size-full wp-image-1999\" src=\"https:\/\/thetesorcasino.com\/wp-content\/uploads\/2026\/03\/Tesorcasino-iOS.webp\" alt=\"Tesorcasino iOS\" width=\"1248\" height=\"536\" srcset=\"https:\/\/thetesorcasino.com\/wp-content\/uploads\/2026\/03\/Tesorcasino-iOS.webp 1248w, https:\/\/thetesorcasino.com\/wp-content\/uploads\/2026\/03\/Tesorcasino-iOS-300x129.webp 300w, https:\/\/thetesorcasino.com\/wp-content\/uploads\/2026\/03\/Tesorcasino-iOS-1024x440.webp 1024w, https:\/\/thetesorcasino.com\/wp-content\/uploads\/2026\/03\/Tesorcasino-iOS-768x330.webp 768w\" sizes=\"auto, (max-width: 1248px) 100vw, 1248px\" \/><\/p>\n<\/div><\/div><div style=\"clear: both\"><\/div><div class=\"d-flex justify-content-center\"><button data-item=\"decouvrez_link\" data-group=\"website_links\" class=\"goto fw-bold rounded-pill btn btn-orange\" aria-label=\"Scarica Tesorcasino\" >Scarica Tesorcasino<\/button><\/div><div class=\"scrollable-content-wrap my-5\"><div class=\"scrollable-content-inner\"><h2>Applicazioni Windows e macOS<\/h2>\n<p>E, naturalmente, nulla sarebbe completo senza il Tesor Casino per desktop: dopotutto, tutti vogliono provarlo in 3D, non \u00e8 vero?<\/p>\n<p>Cos\u00ec, abbiamo creato versioni desktop per Windows e Mac. Ambienti di gioco stabili e ad alte prestazioni attendono i giocatori che amano il gioco su desktop. Le versioni desktop sono compatibili con tutte le funzionalit\u00e0 del casin\u00f2. Tutto \u00e8 come dovrebbe essere: le nostre collezioni di libri, le nostre battaglie di poker, le ruote che girano rumorosamente e l&#8217;atmosfera di vittoria! Le applicazioni Windows e macOS supportano monitor di grandi dimensioni e connessioni Internet veloci, rendendo l&#8217;esperienza di gioco molto coinvolgente.<\/p>\n<table>\n<tbody>\n<tr>\n<td>Caratteristica<\/td>\n<td>Applicazione Windows<\/td>\n<td>Applicazione macOS<\/td>\n<\/tr>\n<tr>\n<td>Compatibilit\u00e0<\/td>\n<td>Progettata per i sistemi operativi Windows<\/td>\n<td>Progettato specificatamente per macOS<\/td>\n<\/tr>\n<tr>\n<td>Prestazioni<\/td>\n<td>Prestazioni elevate, ottimizzate per hardware e browser Windows<\/td>\n<td>Prestazioni stabili e fluide su dispositivi Mac e Apple<\/td>\n<\/tr>\n<tr>\n<td>Esperienza utente<\/td>\n<td>Accesso completo a tutte le funzionalit\u00e0 del casin\u00f2, interfaccia intuitiva<\/td>\n<td>Perfetta integrazione con l&#8217;interfaccia Mac, facile da usare<\/td>\n<\/tr>\n<tr>\n<td>Funzionalit\u00e0<\/td>\n<td>Tutte le funzionalit\u00e0: slot, poker, croupier dal vivo, bonus<\/td>\n<td>Set completo di funzioni, inclusi giochi dal vivo e promozioni<\/td>\n<\/tr>\n<tr>\n<td>Display e grafica<\/td>\n<td>Supporta monitor di grandi dimensioni e display ad alta risoluzione<\/td>\n<td>Ottimizzato per le caratteristiche MAC<\/td>\n<\/tr>\n<tr>\n<td>Browser<\/td>\n<td>Google Chrome, Mozilla Firefox, Brave, Opera<\/td>\n<td>Safari, Google Chrome, Firefox, Microsoft Edge, Brave e Vivaldi<\/td>\n<\/tr>\n<tr>\n<td>Compatibilit\u00e0<\/td>\n<td>Compatibile con desktop e configurazioni di gioco di fascia alta<\/td>\n<td>Supporta vari modelli Mac, da MacBook a iMac<\/td>\n<\/tr>\n<\/tbody>\n<\/table>\n<p><img loading=\"lazy\" decoding=\"async\" class=\"alignnone size-full wp-image-1991\" src=\"https:\/\/thetesorcasino.com\/wp-content\/uploads\/2026\/03\/Tesorcasino-Desktop.webp\" alt=\"Tesorcasino Desktop\" width=\"1248\" height=\"536\" srcset=\"https:\/\/thetesorcasino.com\/wp-content\/uploads\/2026\/03\/Tesorcasino-Desktop.webp 1248w, https:\/\/thetesorcasino.com\/wp-content\/uploads\/2026\/03\/Tesorcasino-Desktop-300x129.webp 300w, https:\/\/thetesorcasino.com\/wp-content\/uploads\/2026\/03\/Tesorcasino-Desktop-1024x440.webp 1024w, https:\/\/thetesorcasino.com\/wp-content\/uploads\/2026\/03\/Tesorcasino-Desktop-768x330.webp 768w\" sizes=\"auto, (max-width: 1248px) 100vw, 1248px\" \/><\/p>\n<\/div><\/div><div style=\"clear: both\"><\/div><div class=\"d-flex justify-content-center\"><button data-item=\"decouvrez_link\" data-group=\"website_links\" class=\"goto fw-bold rounded-pill btn btn-orange\" aria-label=\"Scarica l&#039;app Tesorcasino\" >Scarica l&#039;app Tesorcasino<\/button><\/div><div class=\"scrollable-content-wrap my-5\"><div class=\"scrollable-content-inner\"><h2>Domande frequenti<\/h2>\n<h3>\u00c8 necessario creare un account per utilizzare l&#8217;app Tesorcasino?<\/h3>\n<p>Come per qualsiasi applicazione, \u00e8 necessario creare un account per poter utilizzare tutte le funzionalit\u00e0 dell&#8217;app Tesorcasino. La registrazione \u00e8 semplice e garantisce l&#8217;accesso immediato a bonus, tornei e al nostro servizio di assistenza clienti, il migliore al mondo. Per motivi di sicurezza e rispetto delle normative, potrebbero essere necessari ulteriori controlli e verifiche, come una telefonata o alcuni documenti aggiuntivi. Una volta registrati, i giocatori possono giocare senza restrizioni su tutti i dispositivi.<\/p>\n<h3>L&#8217;app Tesorcasino offre assistenza clienti?<\/h3>\n<p>L&#8217;app Tesorcasino dispone di un team di assistenza clienti che lavora senza sosta. Basta contattarci tramite live chat ed e-mail. Il team di assistenza \u00e8 presente 24 ore su 24 per aiutarti con la gestione del tuo account, eventuali problemi finanziari o tecnici. Puoi anche porre domande relative a bonus e tornei. La funzione di live chat aiuta a garantire risoluzioni rapide in modo che i giocatori possano continuare a giocare.<\/p>\n<h3>Come posso aggiornare l&#8217;app Tesor Casino?<\/h3>\n<p>\u00c8 facile aggiornare l&#8217;app Tesorcasino. Sui dispositivi mobili, l&#8217;app si aggiorna automaticamente. Per la versione completa, molto probabilmente riceverai una notifica dal browser. Gli aggiornamenti regolari dell&#8217;app assicurano che l&#8217;utente sia sempre al corrente delle ultime funzionalit\u00e0, delle patch di sicurezza e delle offerte.<\/p>\n<h3>I bonus e i tornei sono disponibili sui dispositivi mobili?<\/h3>\n<p>S\u00ec, le offerte di benvenuto, tutti i bonus, compresi i bonus di ricarica e i tornei speciali, sono tutti disponibili sulla piattaforma mobile di Tesorcasino. Il casin\u00f2 mobile \u00e8 allo stesso livello dell&#8217;applicazione desktop, quindi i giocatori possono partecipare ai tornei, richiedere bonus e giocare alle slot online e ai giochi con croupier dal vivo senza alcuna interruzione su qualsiasi dispositivo durante il loro divertimento al Tesorcasino Casino.<\/p>\n<\/div><\/div><\/p>\n","protected":false},"excerpt":{"rendered":"<p>Piattaforma mobile Tesorcasino Tesorcasino app \u00e8 qui per cambiare il tuo modo di pensare alla comodit\u00e0 della portabilit\u00e0. L&#8217;app \u00e8 comoda e facilmente accessibile e consente ai giocatori italiani di godere di una selezione diversificata di esperienze di gioco nel nostro catalogo di oltre 6.000 titoli. Tesor Casino offre ai giocatori mobili bonus, promozioni e [&hellip;]<\/p>\n","protected":false},"author":1,"featured_media":0,"parent":0,"menu_order":0,"comment_status":"closed","ping_status":"closed","template":"template-builder.php","meta":{"_acf_changed":false,"inline_featured_image":false,"footnotes":""},"class_list":["post-1445","page","type-page","status-publish","hentry"],"acf":[],"yoast_head":"<!-- This site is optimized with the Yoast SEO plugin v27.3 - https:\/\/yoast.com\/product\/yoast-seo-wordpress\/ -->\n<title>Tesor Casino App \u2013 iOS, Android | Scarica<\/title>\n<meta name=\"description\" content=\"Tesor Casino App \u2013 scarica l&#039;app mobile per iOS e Android per giocare a slot, roulette, giochi da tavolo e casin\u00f2 dal vivo ovunque. Goditi prestazioni fluide e accesso completo al tuo account con Tesorcasino.\" \/>\n<meta name=\"robots\" content=\"index, follow, max-snippet:-1, max-image-preview:large, max-video-preview:-1\" \/>\n<link rel=\"canonical\" href=\"https:\/\/thetesorcasino.com\/it\/applicazione\/\" \/>\n<meta property=\"og:locale\" content=\"it_IT\" \/>\n<meta property=\"og:type\" content=\"article\" \/>\n<meta property=\"og:title\" content=\"Tesor Casino App \u2013 iOS, Android | Scarica\" \/>\n<meta property=\"og:description\" content=\"Tesor Casino App \u2013 scarica l&#039;app mobile per iOS e Android per giocare a slot, roulette, giochi da tavolo e casin\u00f2 dal vivo ovunque. Goditi prestazioni fluide e accesso completo al tuo account con Tesorcasino.\" \/>\n<meta property=\"og:url\" content=\"https:\/\/thetesorcasino.com\/it\/applicazione\/\" \/>\n<meta property=\"og:site_name\" content=\"tesorcasino\" \/>\n<meta property=\"article:modified_time\" content=\"2026-03-05T14:18:27+00:00\" \/>\n<meta name=\"twitter:card\" content=\"summary_large_image\" \/>\n<meta name=\"twitter:label1\" content=\"Est. reading time\" \/>\n\t<meta name=\"twitter:data1\" content=\"1 minute\" \/>\n<script type=\"application\/ld+json\" class=\"yoast-schema-graph\">{\"@context\":\"https:\\\/\\\/schema.org\",\"@graph\":[{\"@type\":\"WebPage\",\"@id\":\"https:\\\/\\\/thetesorcasino.com\\\/it\\\/applicazione\\\/\",\"url\":\"https:\\\/\\\/thetesorcasino.com\\\/it\\\/applicazione\\\/\",\"name\":\"Tesor Casino App \u2013 iOS, Android | Scarica\",\"isPartOf\":{\"@id\":\"https:\\\/\\\/thetesorcasino.com\\\/it\\\/#website\"},\"datePublished\":\"2026-01-20T12:08:23+00:00\",\"dateModified\":\"2026-03-05T14:18:27+00:00\",\"description\":\"Tesor Casino App \u2013 scarica l'app mobile per iOS e Android per giocare a slot, roulette, giochi da tavolo e casin\u00f2 dal vivo ovunque. Goditi prestazioni fluide e accesso completo al tuo account con Tesorcasino.\",\"breadcrumb\":{\"@id\":\"https:\\\/\\\/thetesorcasino.com\\\/it\\\/applicazione\\\/#breadcrumb\"},\"inLanguage\":\"it-IT\",\"potentialAction\":[{\"@type\":\"ReadAction\",\"target\":[\"https:\\\/\\\/thetesorcasino.com\\\/it\\\/applicazione\\\/\"]}]},{\"@type\":\"BreadcrumbList\",\"@id\":\"https:\\\/\\\/thetesorcasino.com\\\/it\\\/applicazione\\\/#breadcrumb\",\"itemListElement\":[{\"@type\":\"ListItem\",\"position\":1,\"name\":\"Tesorcasino\",\"item\":\"https:\\\/\\\/thetesorcasino.com\\\/it\\\/\"},{\"@type\":\"ListItem\",\"position\":2,\"name\":\"Applicazione\"}]},{\"@type\":\"WebSite\",\"@id\":\"https:\\\/\\\/thetesorcasino.com\\\/it\\\/#website\",\"url\":\"https:\\\/\\\/thetesorcasino.com\\\/it\\\/\",\"name\":\"Tesorcasino\",\"description\":\"\",\"publisher\":{\"@id\":\"https:\\\/\\\/thetesorcasino.com\\\/it\\\/#organization\"},\"potentialAction\":[{\"@type\":\"SearchAction\",\"target\":{\"@type\":\"EntryPoint\",\"urlTemplate\":\"https:\\\/\\\/thetesorcasino.com\\\/it\\\/?s={search_term_string}\"},\"query-input\":{\"@type\":\"PropertyValueSpecification\",\"valueRequired\":true,\"valueName\":\"search_term_string\"}}],\"inLanguage\":\"it-IT\"},{\"@type\":\"Organization\",\"@id\":\"https:\\\/\\\/thetesorcasino.com\\\/it\\\/#organization\",\"name\":\"Tesorcasino\",\"url\":\"https:\\\/\\\/thetesorcasino.com\\\/it\\\/\",\"logo\":{\"@type\":\"ImageObject\",\"inLanguage\":\"it-IT\",\"@id\":\"https:\\\/\\\/thetesorcasino.com\\\/it\\\/#\\\/schema\\\/logo\\\/image\\\/\",\"url\":\"https:\\\/\\\/thetesorcasino.com\\\/wp-content\\\/uploads\\\/2026\\\/03\\\/Tesorcasino-logo.png\",\"contentUrl\":\"https:\\\/\\\/thetesorcasino.com\\\/wp-content\\\/uploads\\\/2026\\\/03\\\/Tesorcasino-logo.png\",\"width\":246,\"height\":44,\"caption\":\"Tesorcasino\"},\"image\":{\"@id\":\"https:\\\/\\\/thetesorcasino.com\\\/it\\\/#\\\/schema\\\/logo\\\/image\\\/\"}}]}<\/script>\n<!-- \/ Yoast SEO plugin. -->","yoast_head_json":{"title":"Tesor Casino App \u2013 iOS, Android | Scarica","description":"Tesor Casino App \u2013 scarica l'app mobile per iOS e Android per giocare a slot, roulette, giochi da tavolo e casin\u00f2 dal vivo ovunque. Goditi prestazioni fluide e accesso completo al tuo account con Tesorcasino.","robots":{"index":"index","follow":"follow","max-snippet":"max-snippet:-1","max-image-preview":"max-image-preview:large","max-video-preview":"max-video-preview:-1"},"canonical":"https:\/\/thetesorcasino.com\/it\/applicazione\/","og_locale":"it_IT","og_type":"article","og_title":"Tesor Casino App \u2013 iOS, Android | Scarica","og_description":"Tesor Casino App \u2013 scarica l'app mobile per iOS e Android per giocare a slot, roulette, giochi da tavolo e casin\u00f2 dal vivo ovunque. Goditi prestazioni fluide e accesso completo al tuo account con Tesorcasino.","og_url":"https:\/\/thetesorcasino.com\/it\/applicazione\/","og_site_name":"tesorcasino","article_modified_time":"2026-03-05T14:18:27+00:00","twitter_card":"summary_large_image","twitter_misc":{"Est. reading time":"1 minute"},"schema":{"@context":"https:\/\/schema.org","@graph":[{"@type":"WebPage","@id":"https:\/\/thetesorcasino.com\/it\/applicazione\/","url":"https:\/\/thetesorcasino.com\/it\/applicazione\/","name":"Tesor Casino App \u2013 iOS, Android | Scarica","isPartOf":{"@id":"https:\/\/thetesorcasino.com\/it\/#website"},"datePublished":"2026-01-20T12:08:23+00:00","dateModified":"2026-03-05T14:18:27+00:00","description":"Tesor Casino App \u2013 scarica l'app mobile per iOS e Android per giocare a slot, roulette, giochi da tavolo e casin\u00f2 dal vivo ovunque. Goditi prestazioni fluide e accesso completo al tuo account con Tesorcasino.","breadcrumb":{"@id":"https:\/\/thetesorcasino.com\/it\/applicazione\/#breadcrumb"},"inLanguage":"it-IT","potentialAction":[{"@type":"ReadAction","target":["https:\/\/thetesorcasino.com\/it\/applicazione\/"]}]},{"@type":"BreadcrumbList","@id":"https:\/\/thetesorcasino.com\/it\/applicazione\/#breadcrumb","itemListElement":[{"@type":"ListItem","position":1,"name":"Tesorcasino","item":"https:\/\/thetesorcasino.com\/it\/"},{"@type":"ListItem","position":2,"name":"Applicazione"}]},{"@type":"WebSite","@id":"https:\/\/thetesorcasino.com\/it\/#website","url":"https:\/\/thetesorcasino.com\/it\/","name":"Tesorcasino","description":"","publisher":{"@id":"https:\/\/thetesorcasino.com\/it\/#organization"},"potentialAction":[{"@type":"SearchAction","target":{"@type":"EntryPoint","urlTemplate":"https:\/\/thetesorcasino.com\/it\/?s={search_term_string}"},"query-input":{"@type":"PropertyValueSpecification","valueRequired":true,"valueName":"search_term_string"}}],"inLanguage":"it-IT"},{"@type":"Organization","@id":"https:\/\/thetesorcasino.com\/it\/#organization","name":"Tesorcasino","url":"https:\/\/thetesorcasino.com\/it\/","logo":{"@type":"ImageObject","inLanguage":"it-IT","@id":"https:\/\/thetesorcasino.com\/it\/#\/schema\/logo\/image\/","url":"https:\/\/thetesorcasino.com\/wp-content\/uploads\/2026\/03\/Tesorcasino-logo.png","contentUrl":"https:\/\/thetesorcasino.com\/wp-content\/uploads\/2026\/03\/Tesorcasino-logo.png","width":246,"height":44,"caption":"Tesorcasino"},"image":{"@id":"https:\/\/thetesorcasino.com\/it\/#\/schema\/logo\/image\/"}}]}},"_links":{"self":[{"href":"https:\/\/thetesorcasino.com\/it\/wp-json\/wp\/v2\/pages\/1445","targetHints":{"allow":["GET"]}}],"collection":[{"href":"https:\/\/thetesorcasino.com\/it\/wp-json\/wp\/v2\/pages"}],"about":[{"href":"https:\/\/thetesorcasino.com\/it\/wp-json\/wp\/v2\/types\/page"}],"author":[{"embeddable":true,"href":"https:\/\/thetesorcasino.com\/it\/wp-json\/wp\/v2\/users\/1"}],"replies":[{"embeddable":true,"href":"https:\/\/thetesorcasino.com\/it\/wp-json\/wp\/v2\/comments?post=1445"}],"version-history":[{"count":3,"href":"https:\/\/thetesorcasino.com\/it\/wp-json\/wp\/v2\/pages\/1445\/revisions"}],"predecessor-version":[{"id":2069,"href":"https:\/\/thetesorcasino.com\/it\/wp-json\/wp\/v2\/pages\/1445\/revisions\/2069"}],"wp:attachment":[{"href":"https:\/\/thetesorcasino.com\/it\/wp-json\/wp\/v2\/media?parent=1445"}],"curies":[{"name":"wp","href":"https:\/\/api.w.org\/{rel}","templated":true}]}}