{"id":1457,"date":"2026-01-20T12:21:20","date_gmt":"2026-01-20T12:21:20","guid":{"rendered":"https:\/\/bonuskongcasino.com\/bonus\/"},"modified":"2026-03-05T14:21:27","modified_gmt":"2026-03-05T14:21:27","slug":"bonus","status":"publish","type":"page","link":"https:\/\/thetesorcasino.com\/it\/bonus\/","title":{"rendered":"Bonus"},"content":{"rendered":"<h1>Bonus e premi di Tesor Casino<\/h1>\n<p>La collezione di Tesor Casino bonus offre un ampio portafoglio di premi in grado di impressionare ogni giocatore italiano e ispirare una competizione creativa. Con un sistema completo di promozioni, tornei e bonus, Tesorcasino garantisce a tutti i giocatori opportunit\u00e0 eque, trasparenti e redditizie per massimizzare il loro gioco. Il nostro obiettivo rimane quello di offrire ambienti di gioco sicuri e responsabili, supportati da continui aggiornamenti promozionali che mantengono vivo l&#8217;entusiasmo.<\/p>\n<p><div class=\"banner-wrap\" aria-label=\"Banner\"><img src=\"https:\/\/thetesorcasino.com\/wp-content\/uploads\/2026\/03\/tesorcasino-bnr-pc-2.webp\" class=\"w-100 d-none d-lg-block img-pc main-banner-img\" alt=\"tesorcasino banner desktop\" fetchpriority=\"high\" decoding=\"async\"><img src=\"https:\/\/thetesorcasino.com\/wp-content\/uploads\/2026\/03\/tesorcasino-banner-mobile.webp\" class=\"w-100 d-none d-md-block d-lg-none main-banner-img\" alt=\"tesorcasino banner mobile\" fetchpriority=\"high\" decoding=\"async\"><img src=\"https:\/\/thetesorcasino.com\/wp-content\/uploads\/2026\/03\/tesorcasino-banner-mobile.webp\" class=\"w-100 d-md-none\" alt=\"tesorcasino banner mobile\" fetchpriority=\"high\" decoding=\"async\"><div class=\"banner-description\">\n<div class=\"banner-title\">Bonus di benvenuto<\/div>\n<p class=\"banner-header-title\">\u20ac3,000<\/p>\n<div class=\"banner-header-AdditionalText\">+ 300 Giri gratuiti<\/div>\n<button data-item=\"homepage_banner_link\" class=\"goto m-button m-gradient-border m-button--primary m-button--large banner-button btn-orange\">\n            <div class=\"m-button-content\">\n                <span>Iscriviti ora<\/span>\n                <span><\/span>\n            <\/div>\n        <\/button>\n<\/div>\n<div class=\"WelcomePack\">\n<p><img loading=\"lazy\" decoding=\"async\" class=\"alignnone size-full wp-image-2024\" src=\"https:\/\/thetesorcasino.com\/wp-content\/uploads\/welcome-crown.png\" alt=\"welcome crown\" width=\"25\" height=\"26\" \/><\/p>\n<div class=\"WelcomePack-Info\">Cashback settimanale fino al 25%<\/div>\n<p><img loading=\"lazy\" decoding=\"async\" class=\"alignnone size-full wp-image-2024\" src=\"https:\/\/thetesorcasino.com\/wp-content\/uploads\/welcome-crown.png\" alt=\"welcome crown\" width=\"25\" height=\"26\" \/><\/p>\n<\/div>\n<\/div><div class=\"promotions-wrap\"><div class=\"promotion-card\" style=\"background-image: url(https:\/\/thetesorcasino.com\/wp-content\/uploads\/2026\/03\/welcome-pack.webp);\"><h2 class=\"promotion-card__title\">Pacchetto di benvenuto<\/h2><label class=\"promotion-card__offer\">Fino a 3.000 \u20ac + 500 giri gratuiti<\/label><label class=\"promotion-card__description\"><\/label><div class=\"promotion-card__actions\"><button data-item=\"payments_link\" data-group=\"website_links\" class=\"goto btn btn-orange rounded-pill fw-bold px-4 m-button m-gradient-border m-button--primary m-button--large promotion-button promotion-card__action-btn\" aria-label=\"Iscriviti\"><div class=\"m-button-content\"><span class=\"promotion-button__content\">Iscriviti<\/span><\/div><\/button><button data-item=\"http:\/\/bonus_link\" data-group=\"website_links\" class=\"goto m-button m-gradient-border m-button--secondary m-button--medium promotion-card__info-btn\" aria-label=\"More information\"><div class=\"m-button-content\"><svg viewBox=\"0 0 24 24\" fill=\"none\" xmlns=\"http:\/\/www.w3.org\/2000\/svg\" class=\"m-icon m-icon-loadable\" name=\"Attention\" loading=\"false\" aria-hidden=\"true\"><path d=\"M12 22C6.477 22 2 17.522 2 12S6.477 2 12 2s10 4.478 10 10-4.477 10-10 10m-.002-13.004a.999.999 0 1 0 0-1.997.999.999 0 0 0 0 1.997M12 17a1 1 0 0 0 .993-.884L13 16l-.002-5.001-.007-.117a1 1 0 0 0-1.986 0l-.007.117L11 16l.007.117A1 1 0 0 0 12 17\" fill=\"currentColor\"><\/path><\/svg><\/div><\/button><\/div><\/div><div class=\"promotion-card\" style=\"background-image: url(https:\/\/thetesorcasino.com\/wp-content\/uploads\/2026\/03\/cashback.webp);\"><h2 class=\"promotion-card__title\">Cashback settimanale<\/h2><label class=\"promotion-card__offer\">Fino al 25%<\/label><label class=\"promotion-card__description\"><\/label><div class=\"promotion-card__actions\"><button data-item=\"payments_link\" data-group=\"website_links\" class=\"goto btn btn-orange rounded-pill fw-bold px-4 m-button m-gradient-border m-button--primary m-button--large promotion-button promotion-card__action-btn\" aria-label=\"Iscriviti\"><div class=\"m-button-content\"><span class=\"promotion-button__content\">Iscriviti<\/span><\/div><\/button><button data-item=\"http:\/\/bonus_link\" data-group=\"website_links\" class=\"goto m-button m-gradient-border m-button--secondary m-button--medium promotion-card__info-btn\" aria-label=\"More information\"><div class=\"m-button-content\"><svg viewBox=\"0 0 24 24\" fill=\"none\" xmlns=\"http:\/\/www.w3.org\/2000\/svg\" class=\"m-icon m-icon-loadable\" name=\"Attention\" loading=\"false\" aria-hidden=\"true\"><path d=\"M12 22C6.477 22 2 17.522 2 12S6.477 2 12 2s10 4.478 10 10-4.477 10-10 10m-.002-13.004a.999.999 0 1 0 0-1.997.999.999 0 0 0 0 1.997M12 17a1 1 0 0 0 .993-.884L13 16l-.002-5.001-.007-.117a1 1 0 0 0-1.986 0l-.007.117L11 16l.007.117A1 1 0 0 0 12 17\" fill=\"currentColor\"><\/path><\/svg><\/div><\/button><\/div><\/div><div class=\"promotion-card\" style=\"background-image: url(https:\/\/thetesorcasino.com\/wp-content\/uploads\/2026\/03\/sunday-reload.webp);\"><h2 class=\"promotion-card__title\">Ricarica domenicale<\/h2><label class=\"promotion-card__offer\">Bonus sul deposito del 25% fino a 100 \u20ac ogni domenica<\/label><label class=\"promotion-card__description\"><\/label><div class=\"promotion-card__actions\"><button data-item=\"payments_link\" data-group=\"website_links\" class=\"goto btn btn-orange rounded-pill fw-bold px-4 m-button m-gradient-border m-button--primary m-button--large promotion-button promotion-card__action-btn\" aria-label=\"Iscriviti\"><div class=\"m-button-content\"><span class=\"promotion-button__content\">Iscriviti<\/span><\/div><\/button><button data-item=\"http:\/\/bonus_link\" data-group=\"website_links\" class=\"goto m-button m-gradient-border m-button--secondary m-button--medium promotion-card__info-btn\" aria-label=\"More information\"><div class=\"m-button-content\"><svg viewBox=\"0 0 24 24\" fill=\"none\" xmlns=\"http:\/\/www.w3.org\/2000\/svg\" class=\"m-icon m-icon-loadable\" name=\"Attention\" loading=\"false\" aria-hidden=\"true\"><path d=\"M12 22C6.477 22 2 17.522 2 12S6.477 2 12 2s10 4.478 10 10-4.477 10-10 10m-.002-13.004a.999.999 0 1 0 0-1.997.999.999 0 0 0 0 1.997M12 17a1 1 0 0 0 .993-.884L13 16l-.002-5.001-.007-.117a1 1 0 0 0-1.986 0l-.007.117L11 16l.007.117A1 1 0 0 0 12 17\" fill=\"currentColor\"><\/path><\/svg><\/div><\/button><\/div><\/div><\/div><div class=\"scrollable-content-wrap my-5\"><div class=\"scrollable-content-inner\"><h2>Promozioni su Tesor Casino<\/h2>\n<p>Il sistema di bonus di Tesor Casino offre una vasta gamma di promozioni continue su misura per soddisfare le diverse preferenze dei giocatori. Puoi goderti un pacchetto di benvenuto, offerte stagionali e meravigliose battaglie esclusive per una somma ingente di denaro che organizziamo frequentemente.<\/p>\n<p>La nostra struttura promozionale enfatizza l&#8217;equit\u00e0 e la chiarezza. Aggiornamenti regolari e campagne mirate offrono ai nostri giocatori l&#8217;accesso a premi interessanti, tra cui giri gratuiti, cashback e bonus di deposito. Queste promozioni di Tesorcasino sono sempre in corso. Se ti unisci a noi, ti invitiamo a esplorare varie categorie di giochi, tra cui slot, giochi da tavolo ed esperienze con croupier dal vivo, oltre a sezioni speciali annuali che apriamo per celebrare le principali festivit\u00e0.<\/p>\n<h2>Tornei<\/h2>\n<p>I tornei di Tesorcasino aggiungono un elemento di emozione competitiva e l&#8217;opportunit\u00e0 di ottenere ricompense sostanziali. Li strutturiamo in modo molto intelligente per mettere alla prova l&#8217;abilit\u00e0 e la fortuna, offrendo ai giocatori la possibilit\u00e0 di competere per premi impressionanti. Alcuni esempi includono:<\/p>\n<table>\n<tbody>\n<tr>\n<td>Nome del torneo<\/td>\n<td>Montepremi<\/td>\n<td>Frequenza e dettagli<\/td>\n<\/tr>\n<tr>\n<td>Spinoleague<\/td>\n<td>12.000.000 \u20ac<\/td>\n<td>Una competizione a classifica continua che premia i migliori giocatori con un ricco montepremi in denaro nell&#8217;arco di un anno.<\/td>\n<\/tr>\n<tr>\n<td>BGaming Drops<\/td>\n<td>90.000 \u20ac a stagione<\/td>\n<td>Eventi stagionali del nostro fornitore che consentono di vincere premi raggiungendo obiettivi specifici nei giochi BGaming.<\/td>\n<\/tr>\n<tr>\n<td>Gocce e vincite<\/td>\n<td>25.000.000 \u20ac<\/td>\n<td>I pi\u00f9 grandi montepremi in corso, con drop settimanali e stagionali, jackpot e opportunit\u00e0 di bonus Tesor Casino su pi\u00f9 giochi.<\/td>\n<\/tr>\n<tr>\n<td>Torneo Rookie Rumble<\/p>\n<p>&nbsp;<\/td>\n<td>2.500 \u20ac al giorno<\/td>\n<td>Torneo giornaliero appositamente progettato per i nuovi arrivati, che sfida i giocatori a mettere in mostra le loro abilit\u00e0 per ottenere premi in denaro giornalieri.<\/td>\n<\/tr>\n<tr>\n<td>Torneo live<\/td>\n<td>10.000 \u20ac al giorno<\/td>\n<td>Si tiene ogni giorno con gameplay dal vivo, offrendo ai partecipanti la possibilit\u00e0 di vincere ingenti somme in denaro competendo in tempo reale.<\/td>\n<\/tr>\n<\/tbody>\n<\/table>\n<p>La partecipazione \u00e8 aperta a tutti i giocatori registrati su Tesorcasino, creando un ambiente vivace e coinvolgente che premia il gioco strategico.<\/p>\n<p><img loading=\"lazy\" decoding=\"async\" class=\"alignnone size-full wp-image-2007\" src=\"https:\/\/thetesorcasino.com\/wp-content\/uploads\/2026\/03\/Tesorcasino-login-page.webp\" alt=\"Tesorcasino login page\" width=\"1248\" height=\"536\" srcset=\"https:\/\/thetesorcasino.com\/wp-content\/uploads\/2026\/03\/Tesorcasino-login-page.webp 1248w, https:\/\/thetesorcasino.com\/wp-content\/uploads\/2026\/03\/Tesorcasino-login-page-300x129.webp 300w, https:\/\/thetesorcasino.com\/wp-content\/uploads\/2026\/03\/Tesorcasino-login-page-1024x440.webp 1024w, https:\/\/thetesorcasino.com\/wp-content\/uploads\/2026\/03\/Tesorcasino-login-page-768x330.webp 768w\" sizes=\"auto, (max-width: 1248px) 100vw, 1248px\" \/><\/p>\n<h2>Pacchetto di benvenuto di Tesor Casino<\/h2>\n<p>Creiamo sempre un pacchetto di benvenuto super generoso per i nuovi arrivati, perch\u00e9 speriamo che tutti voi possiate avere un inizio solido. Al momento della registrazione, i giocatori ricevono un pacchetto bonus completo di Tesor Casino per aumentare il loro bankroll iniziale e migliorare le loro possibilit\u00e0 di vincita, non meno di 3.000 \u20ac e 500 giri gratuiti! Quindi, come potete vedere, si tratta di una combinazione di fondi bonus e giri gratuiti, immediatamente disponibili per l&#8217;uso in un&#8217;ampia selezione di giochi da casin\u00f2.<\/p>\n<h3>Bonus sul primo deposito<\/h3>\n<p>Il bonus sul primo deposito su Tesorcasino \u00e8 una componente fondamentale della nostra offerta di benvenuto. I giocatori che effettuano il loro primo deposito beneficiano di un bonus del 100% fino a 1.000 \u20ac, accompagnato da 250 giri gratuiti che dovrete utilizzare nei primi 3 giorni, non oltre! Questi giri possono essere utilizzati su popolari titoli di slot per un gameplay prolungato e maggiori possibilit\u00e0 di vincita. Il requisito di scommessa per questo bonus \u00e8 30x.<\/p>\n<h3>Bonus sul secondo deposito<\/h3>\n<p>Il secondo deposito su Tesor Casino prevede un bonus del 50% fino a 1.000 \u20ac e 100 giri gratuiti aggiuntivi. Questa promozione mira a incoraggiare il coinvolgimento continuo e a premiare la fedelt\u00e0. Come per il bonus sul primo deposito, il requisito di scommessa rimane a 30, perch\u00e9 siamo coerenti nella chiarezza e sappiamo che i giocatori non vogliono spiacevoli sorprese.<\/p>\n<h3>Bonus sul terzo deposito<\/h3>\n<p>Per promuovere il gioco continuativo, Tesor Casino offre un bonus sul terzo deposito: un bonus del 50% fino a 1.000 \u20ac, pi\u00f9 150 giri gratuiti aggiuntivi. Se depositi circa 2.000 \u20ac, sblocchi un e tutto. Il requisito di scommessa di 30x rimane invariato. Sosteniamo il gioco responsabile e il successo dei giocatori a lungo termine.<\/p>\n<h2>Missioni e Ruota della Fortuna come strada verso la ricchezza<\/h2>\n<p>Aggiungendo un elemento ludico al sistema di bonus, Tesor Casino offre Missioni e la Ruota della Fortuna. Questi colpi di scena interattivi consentono ai giocatori di completare compiti specifici o di girare la ruota per ottenere ricompense immediate, tra cui crediti bonus, giri gratuiti o l&#8217;accesso a tornei esclusivi.<\/p>\n<ul>\n<li>Il superamento delle missioni interattive di Tesorcasino rende i giocatori felici e coinvolti. Possono scommettere e sfidarsi a vicenda, grattare i gratta e vinci e vincere alle lotterie.<\/li>\n<li>Girare la Ruota della Fortuna attiva tantissime funzioni extra, round bonus di Tesor Casino e punti che i giocatori possono utilizzare per aumentare le loro possibilit\u00e0 di vittoria nel gioco.<\/li>\n<li>Per vincere, devi sempre portare a termine determinati compiti stimolanti.<\/li>\n<li>La Ruota della Fortuna aiuta i giocatori a girare per vincere premi istantanei, che possono includere crediti bonus, giri gratuiti o, in alcuni tornei speciali, premi aggiuntivi.<\/li>\n<li>I vincitori hanno pi\u00f9 opportunit\u00e0 di accumulare ricchezze con questa intelligente gamification.<\/li>\n<\/ul>\n<p>Questo approccio incentiva la partecipazione continua e offre ulteriori opportunit\u00e0 di accumulare ricchezze.<\/p>\n<h2>Domande frequenti<\/h2>\n<h3>Devo ricevere i bonus o \u00e8 facoltativo?<\/h3>\n<p>La partecipazione ai bonus \u00e8 facoltativa. I giocatori possono scegliere di rifiutarli o di partecipare a promozioni o premi specifici, con chiare istruzioni fornite durante il deposito o la registrazione.<\/p>\n<h3>Posso ottenere bonus anche sulla versione mobile?<\/h3>\n<p>Tesor Casino offre le stesse opportunit\u00e0 di bonus sulla piattaforma mobile, quindi non preoccuparti. La versione mobile \u00e8 una PWA, con tutte le funzionalit\u00e0 del casin\u00f2, accesso senza interruzioni e termini identici su tutti i dispositivi.<\/p>\n<h3>I giri gratuiti scadono?<\/h3>\n<p>S\u00ec, e in fretta! Puoi perdere i tuoi giri in un paio di giorni, quindi affrettati. In genere scadono entro un periodo specificato, solitamente da 24 a 72 ore. Trovi tutti i dettagli nella sezione dedicata ai termini dei bonus. Descriviamo sempre i dettagli nei termini promozionali.<\/p>\n<\/div><\/div><\/p>\n","protected":false},"excerpt":{"rendered":"<p>Bonus e premi di Tesor Casino La collezione di Tesor Casino bonus offre un ampio portafoglio di premi in grado di impressionare ogni giocatore italiano e ispirare una competizione creativa. Con un sistema completo di promozioni, tornei e bonus, Tesorcasino garantisce a tutti i giocatori opportunit\u00e0 eque, trasparenti e redditizie per massimizzare il loro gioco. [&hellip;]<\/p>\n","protected":false},"author":1,"featured_media":0,"parent":0,"menu_order":0,"comment_status":"closed","ping_status":"closed","template":"template-builder.php","meta":{"_acf_changed":false,"inline_featured_image":false,"footnotes":""},"class_list":["post-1457","page","type-page","status-publish","hentry"],"acf":[],"yoast_head":"<!-- This site is optimized with the Yoast SEO plugin v27.3 - https:\/\/yoast.com\/product\/yoast-seo-wordpress\/ -->\n<title>Tesor Casino Bonus | Offerte di Benvenuto e Promozioni<\/title>\n<meta name=\"description\" content=\"Tesor Casino Bonus \u2013 scopri entusiasmanti pacchetti di benvenuto, offerte di ricarica e giri gratuiti. Goditi cashback settimanale, tornei e ricompense esclusive disponibili su Tesorcasino.\" \/>\n<meta name=\"robots\" content=\"index, follow, max-snippet:-1, max-image-preview:large, max-video-preview:-1\" \/>\n<link rel=\"canonical\" href=\"https:\/\/thetesorcasino.com\/it\/bonus\/\" \/>\n<meta property=\"og:locale\" content=\"it_IT\" \/>\n<meta property=\"og:type\" content=\"article\" \/>\n<meta property=\"og:title\" content=\"Tesor Casino Bonus | Offerte di Benvenuto e Promozioni\" \/>\n<meta property=\"og:description\" content=\"Tesor Casino Bonus \u2013 scopri entusiasmanti pacchetti di benvenuto, offerte di ricarica e giri gratuiti. Goditi cashback settimanale, tornei e ricompense esclusive disponibili su Tesorcasino.\" \/>\n<meta property=\"og:url\" content=\"https:\/\/thetesorcasino.com\/it\/bonus\/\" \/>\n<meta property=\"og:site_name\" content=\"tesorcasino\" \/>\n<meta property=\"article:modified_time\" content=\"2026-03-05T14:21:27+00:00\" \/>\n<meta name=\"twitter:card\" content=\"summary_large_image\" \/>\n<meta name=\"twitter:label1\" content=\"Est. reading time\" \/>\n\t<meta name=\"twitter:data1\" content=\"1 minute\" \/>\n<script type=\"application\/ld+json\" class=\"yoast-schema-graph\">{\"@context\":\"https:\\\/\\\/schema.org\",\"@graph\":[{\"@type\":\"WebPage\",\"@id\":\"https:\\\/\\\/thetesorcasino.com\\\/it\\\/bonus\\\/\",\"url\":\"https:\\\/\\\/thetesorcasino.com\\\/it\\\/bonus\\\/\",\"name\":\"Tesor Casino Bonus | Offerte di Benvenuto e Promozioni\",\"isPartOf\":{\"@id\":\"https:\\\/\\\/thetesorcasino.com\\\/it\\\/#website\"},\"datePublished\":\"2026-01-20T12:21:20+00:00\",\"dateModified\":\"2026-03-05T14:21:27+00:00\",\"description\":\"Tesor Casino Bonus \u2013 scopri entusiasmanti pacchetti di benvenuto, offerte di ricarica e giri gratuiti. Goditi cashback settimanale, tornei e ricompense esclusive disponibili su Tesorcasino.\",\"breadcrumb\":{\"@id\":\"https:\\\/\\\/thetesorcasino.com\\\/it\\\/bonus\\\/#breadcrumb\"},\"inLanguage\":\"it-IT\",\"potentialAction\":[{\"@type\":\"ReadAction\",\"target\":[\"https:\\\/\\\/thetesorcasino.com\\\/it\\\/bonus\\\/\"]}]},{\"@type\":\"BreadcrumbList\",\"@id\":\"https:\\\/\\\/thetesorcasino.com\\\/it\\\/bonus\\\/#breadcrumb\",\"itemListElement\":[{\"@type\":\"ListItem\",\"position\":1,\"name\":\"Tesorcasino\",\"item\":\"https:\\\/\\\/thetesorcasino.com\\\/it\\\/\"},{\"@type\":\"ListItem\",\"position\":2,\"name\":\"Bonus\"}]},{\"@type\":\"WebSite\",\"@id\":\"https:\\\/\\\/thetesorcasino.com\\\/it\\\/#website\",\"url\":\"https:\\\/\\\/thetesorcasino.com\\\/it\\\/\",\"name\":\"Tesorcasino\",\"description\":\"\",\"publisher\":{\"@id\":\"https:\\\/\\\/thetesorcasino.com\\\/it\\\/#organization\"},\"potentialAction\":[{\"@type\":\"SearchAction\",\"target\":{\"@type\":\"EntryPoint\",\"urlTemplate\":\"https:\\\/\\\/thetesorcasino.com\\\/it\\\/?s={search_term_string}\"},\"query-input\":{\"@type\":\"PropertyValueSpecification\",\"valueRequired\":true,\"valueName\":\"search_term_string\"}}],\"inLanguage\":\"it-IT\"},{\"@type\":\"Organization\",\"@id\":\"https:\\\/\\\/thetesorcasino.com\\\/it\\\/#organization\",\"name\":\"Tesorcasino\",\"url\":\"https:\\\/\\\/thetesorcasino.com\\\/it\\\/\",\"logo\":{\"@type\":\"ImageObject\",\"inLanguage\":\"it-IT\",\"@id\":\"https:\\\/\\\/thetesorcasino.com\\\/it\\\/#\\\/schema\\\/logo\\\/image\\\/\",\"url\":\"https:\\\/\\\/thetesorcasino.com\\\/wp-content\\\/uploads\\\/2026\\\/03\\\/Tesorcasino-logo.png\",\"contentUrl\":\"https:\\\/\\\/thetesorcasino.com\\\/wp-content\\\/uploads\\\/2026\\\/03\\\/Tesorcasino-logo.png\",\"width\":246,\"height\":44,\"caption\":\"Tesorcasino\"},\"image\":{\"@id\":\"https:\\\/\\\/thetesorcasino.com\\\/it\\\/#\\\/schema\\\/logo\\\/image\\\/\"}}]}<\/script>\n<!-- \/ Yoast SEO plugin. -->","yoast_head_json":{"title":"Tesor Casino Bonus | Offerte di Benvenuto e Promozioni","description":"Tesor Casino Bonus \u2013 scopri entusiasmanti pacchetti di benvenuto, offerte di ricarica e giri gratuiti. Goditi cashback settimanale, tornei e ricompense esclusive disponibili su Tesorcasino.","robots":{"index":"index","follow":"follow","max-snippet":"max-snippet:-1","max-image-preview":"max-image-preview:large","max-video-preview":"max-video-preview:-1"},"canonical":"https:\/\/thetesorcasino.com\/it\/bonus\/","og_locale":"it_IT","og_type":"article","og_title":"Tesor Casino Bonus | Offerte di Benvenuto e Promozioni","og_description":"Tesor Casino Bonus \u2013 scopri entusiasmanti pacchetti di benvenuto, offerte di ricarica e giri gratuiti. Goditi cashback settimanale, tornei e ricompense esclusive disponibili su Tesorcasino.","og_url":"https:\/\/thetesorcasino.com\/it\/bonus\/","og_site_name":"tesorcasino","article_modified_time":"2026-03-05T14:21:27+00:00","twitter_card":"summary_large_image","twitter_misc":{"Est. reading time":"1 minute"},"schema":{"@context":"https:\/\/schema.org","@graph":[{"@type":"WebPage","@id":"https:\/\/thetesorcasino.com\/it\/bonus\/","url":"https:\/\/thetesorcasino.com\/it\/bonus\/","name":"Tesor Casino Bonus | Offerte di Benvenuto e Promozioni","isPartOf":{"@id":"https:\/\/thetesorcasino.com\/it\/#website"},"datePublished":"2026-01-20T12:21:20+00:00","dateModified":"2026-03-05T14:21:27+00:00","description":"Tesor Casino Bonus \u2013 scopri entusiasmanti pacchetti di benvenuto, offerte di ricarica e giri gratuiti. Goditi cashback settimanale, tornei e ricompense esclusive disponibili su Tesorcasino.","breadcrumb":{"@id":"https:\/\/thetesorcasino.com\/it\/bonus\/#breadcrumb"},"inLanguage":"it-IT","potentialAction":[{"@type":"ReadAction","target":["https:\/\/thetesorcasino.com\/it\/bonus\/"]}]},{"@type":"BreadcrumbList","@id":"https:\/\/thetesorcasino.com\/it\/bonus\/#breadcrumb","itemListElement":[{"@type":"ListItem","position":1,"name":"Tesorcasino","item":"https:\/\/thetesorcasino.com\/it\/"},{"@type":"ListItem","position":2,"name":"Bonus"}]},{"@type":"WebSite","@id":"https:\/\/thetesorcasino.com\/it\/#website","url":"https:\/\/thetesorcasino.com\/it\/","name":"Tesorcasino","description":"","publisher":{"@id":"https:\/\/thetesorcasino.com\/it\/#organization"},"potentialAction":[{"@type":"SearchAction","target":{"@type":"EntryPoint","urlTemplate":"https:\/\/thetesorcasino.com\/it\/?s={search_term_string}"},"query-input":{"@type":"PropertyValueSpecification","valueRequired":true,"valueName":"search_term_string"}}],"inLanguage":"it-IT"},{"@type":"Organization","@id":"https:\/\/thetesorcasino.com\/it\/#organization","name":"Tesorcasino","url":"https:\/\/thetesorcasino.com\/it\/","logo":{"@type":"ImageObject","inLanguage":"it-IT","@id":"https:\/\/thetesorcasino.com\/it\/#\/schema\/logo\/image\/","url":"https:\/\/thetesorcasino.com\/wp-content\/uploads\/2026\/03\/Tesorcasino-logo.png","contentUrl":"https:\/\/thetesorcasino.com\/wp-content\/uploads\/2026\/03\/Tesorcasino-logo.png","width":246,"height":44,"caption":"Tesorcasino"},"image":{"@id":"https:\/\/thetesorcasino.com\/it\/#\/schema\/logo\/image\/"}}]}},"_links":{"self":[{"href":"https:\/\/thetesorcasino.com\/it\/wp-json\/wp\/v2\/pages\/1457","targetHints":{"allow":["GET"]}}],"collection":[{"href":"https:\/\/thetesorcasino.com\/it\/wp-json\/wp\/v2\/pages"}],"about":[{"href":"https:\/\/thetesorcasino.com\/it\/wp-json\/wp\/v2\/types\/page"}],"author":[{"embeddable":true,"href":"https:\/\/thetesorcasino.com\/it\/wp-json\/wp\/v2\/users\/1"}],"replies":[{"embeddable":true,"href":"https:\/\/thetesorcasino.com\/it\/wp-json\/wp\/v2\/comments?post=1457"}],"version-history":[{"count":3,"href":"https:\/\/thetesorcasino.com\/it\/wp-json\/wp\/v2\/pages\/1457\/revisions"}],"predecessor-version":[{"id":2071,"href":"https:\/\/thetesorcasino.com\/it\/wp-json\/wp\/v2\/pages\/1457\/revisions\/2071"}],"wp:attachment":[{"href":"https:\/\/thetesorcasino.com\/it\/wp-json\/wp\/v2\/media?parent=1457"}],"curies":[{"name":"wp","href":"https:\/\/api.w.org\/{rel}","templated":true}]}}