{"id":1447,"date":"2026-01-20T12:08:23","date_gmt":"2026-01-20T12:08:23","guid":{"rendered":"https:\/\/bonuskongcasino.com\/app\/"},"modified":"2026-03-05T14:32:07","modified_gmt":"2026-03-05T14:32:07","slug":"aplikacja","status":"publish","type":"page","link":"https:\/\/thetesorcasino.com\/pl\/aplikacja\/","title":{"rendered":"Aplikacja"},"content":{"rendered":"<h1>Platforma mobilna Tesorcasino<\/h1>\n<p>Tesorcasino app zmieni Twoje wyobra\u017cenie o komforcie przeno\u015bno\u015bci. Aplikacja jest wygodna i \u0142atwo dost\u0119pna, umo\u017cliwiaj\u0105c polskim graczom korzystanie z r\u00f3\u017cnorodnych wra\u017ce\u0144 z gier z naszego katalogu zawieraj\u0105cego ponad 6 000 tytu\u0142\u00f3w. Tesor Casino zapewnia graczom mobilnym zintegrowane bonusy, promocje i turnieje, co oznacza, \u017ce mog\u0105 oni optymalizowa\u0107 mo\u017cliwo\u015bci swoich gier, gdziekolwiek si\u0119 znajduj\u0105. Aplikacja ma przyjazny dla u\u017cytkownika wygl\u0105d i niezawodn\u0105 wydajno\u015b\u0107, dzi\u0119ki czemu mo\u017cna bez wysi\u0142ku gra\u0107 w gry online Tesorcasino w dowolnym miejscu.<\/p>\n<div class=\"banner-wrap\" aria-label=\"Banner\"><img src=\"https:\/\/thetesorcasino.com\/wp-content\/uploads\/2026\/03\/tesorcasino-bnr-pc-2.webp\" class=\"w-100 d-none d-lg-block img-pc main-banner-img\" alt=\"tesorcasino banner desktop\" fetchpriority=\"high\" decoding=\"async\"><img src=\"https:\/\/thetesorcasino.com\/wp-content\/uploads\/2026\/03\/tesorcasino-banner-mobile.webp\" class=\"w-100 d-none d-md-block d-lg-none main-banner-img\" alt=\"tesorcasino banner mobile\" fetchpriority=\"high\" decoding=\"async\"><img src=\"https:\/\/thetesorcasino.com\/wp-content\/uploads\/2026\/03\/tesorcasino-banner-mobile.webp\" class=\"w-100 d-md-none\" alt=\"tesorcasino banner mobile\" fetchpriority=\"high\" decoding=\"async\"><div class=\"banner-description\">\n<div class=\"banner-title\">Bonusy powitalne<\/div>\n<p class=\"banner-header-title\">\u20ac3,000<\/p>\n<div class=\"banner-header-AdditionalText\">+ 300 Darmowe spiny<\/div>\n<button data-item=\"homepage_banner_link\" class=\"goto m-button m-gradient-border m-button--primary m-button--large banner-button btn-orange\">\n            <div class=\"m-button-content\">\n                <span>Zarejestruj si\u0119 teraz<\/span>\n                <span><\/span>\n            <\/div>\n        <\/button>\n<\/div>\n<div class=\"WelcomePack\">\n<p><img loading=\"lazy\" decoding=\"async\" class=\"alignnone size-full wp-image-2025\" src=\"https:\/\/thetesorcasino.com\/wp-content\/uploads\/welcome-crown.png\" alt=\"welcome crown\" width=\"25\" height=\"26\" \/><\/p>\n<div class=\"WelcomePack-Info\">Cotygodniowy zwrot got\u00f3wki do 25%<\/div>\n<p><img loading=\"lazy\" decoding=\"async\" class=\"alignnone size-full wp-image-2025\" src=\"https:\/\/thetesorcasino.com\/wp-content\/uploads\/welcome-crown.png\" alt=\"welcome crown\" width=\"25\" height=\"26\" \/><\/p>\n<\/div>\n<\/div>\n<h2>Korzystanie z Tesor Casino na urz\u0105dzeniach mobilnych<\/h2>\n<p>Aplikacja Tesorcasino jest zoptymalizowana w taki spos\u00f3b, aby zapewni\u0107 wydajn\u0105 rozgrywk\u0119 mobiln\u0105. Jest wszechstronna i pomaga graczom wygodnie korzysta\u0107 z ich ulubionych automat\u00f3w online, gier sto\u0142owych, i opcji z krupierem na \u017cywo. Platforma mobilna Tesorcasino jest zawsze dost\u0119pna dla Ciebie. Czy to nie idealne rozwi\u0105zanie? Tak samo jak na komputerze stacjonarnym, mo\u017cesz uzyska\u0107 dost\u0119p do ca\u0142ego katalogu gier, klika\u0107 wsz\u0119dzie, przej\u015b\u0107 proces weryfikacji KYC, wp\u0142aca\u0107 pieni\u0105dze, wyp\u0142aca\u0107 je, bra\u0107 udzia\u0142 w turniejach, sprawdza\u0107 histori\u0119 i wykonywa\u0107 mn\u00f3stwo innych fajnych czynno\u015bci, kt\u00f3re oferuje Tesor Casino. Obs\u0142ugujemy r\u00f3\u017cne urz\u0105dzenia, kt\u00f3re s\u0105 elastyczne i wygodne dla wszystkich graczy. A co najlepsze? Obs\u0142uga klienta jest r\u00f3wnie\u017c do Twojej dyspozycji w ka\u017cdej chwili.<\/p>\n<p><div class=\"scrollable-content-wrap my-5\"><div class=\"scrollable-content-inner\"><h2>Tesorcasino Android PWA<\/h2>\n<p>Progresywna aplikacja internetowa (PWA) Tesorcasino na Androida ma znacz\u0105ce zalety w por\u00f3wnaniu z tradycyjnymi aplikacjami i plikami APK. PWA jest lekka i szybka. Nie wymaga \u017cadnych irytuj\u0105cych pobra\u0144 z innych miejsc lub sklep\u00f3w. Wiemy, \u017ce zwyk\u0142e pliki APK zajmuj\u0105 mniej miejsca i szybciej si\u0119 pobieraj\u0105. Ale PWA jest inna. Dzi\u0119ki swojej strukturze opartej na sieci mo\u017cna uzyska\u0107 automatyczne aktualizacje. Gracze maj\u0105 dost\u0119p do wszystkich najnowszych funkcji Tesor Casino bez r\u0119cznej interwencji lub aktualizacji systemu. Technologia ta zapewnia skuteczne i bezpieczne wra\u017cenia z gry, szybkie \u0142adowanie tre\u015bci i \u0142atw\u0105 nawigacj\u0119.<\/p>\n<h2>Zalety PWA w por\u00f3wnaniu z tradycyjnymi aplikacjami i plikami APK<\/h2>\n<p>Dlaczego wi\u0119c PWA jest tak du\u017co lepsza? Mo\u017cemy to \u0142atwo wyja\u015bni\u0107! PWA ma mn\u00f3stwo zalet w por\u00f3wnaniu z tradycyjnymi aplikacjami i plikami APK. Na przyk\u0142ad:<\/p>\n<ul>\n<li>Nie wymaga pobierania: w por\u00f3wnaniu z plikami APK, PWA mo\u017cna otworzy\u0107 nawet w przegl\u0105darce, wi\u0119c nie wymaga instalacji.<\/li>\n<li>Automatyczne aktualizacje: PWA aktualizuje si\u0119 automatycznie w tle, wi\u0119c gracze zawsze maj\u0105 dost\u0119p do najnowszej wersji.<\/li>\n<li>Kompatybilno\u015b\u0107 z urz\u0105dzeniami: aplikacja jest kompatybilna z wieloma urz\u0105dzeniami z systemem Android i nie jest ograniczona do \u017cadnego konkretnego urz\u0105dzenia (no, chyba \u017ce korzystasz z telefonu swojej babci), wi\u0119c wi\u0119kszo\u015b\u0107 smartfon\u00f3w obs\u0142uguje nasze mobilne kasyno bardzo dobrze.<\/li>\n<li>Efektywno\u015b\u0107 przechowywania: Jako rozwi\u0105zanie internetowe, nasza aplikacja PWA Tesorcasino zajmuje niewiele miejsca w pami\u0119ci urz\u0105dzenia.<\/li>\n<li>Zwi\u0119kszone bezpiecze\u0144stwo: Aplikacje PWA s\u0105 oparte na protokole HTTPS, kt\u00f3ry zapewnia wysoki poziom bezpiecze\u0144stwa wszystkich transakcji i operacji zwi\u0105zanych z gr\u0105.<\/li>\n<\/ul>\n<p>Jak wida\u0107, warto wypr\u00f3bowa\u0107 nasz\u0105 aplikacj\u0119 Tesorcasino, aby samodzielnie przetestowa\u0107 wszystkie jej zalety.<\/p>\n<p><img loading=\"lazy\" decoding=\"async\" class=\"alignnone size-full wp-image-1984\" src=\"https:\/\/thetesorcasino.com\/wp-content\/uploads\/2026\/03\/Tesorcasino-Android.webp\" alt=\"Tesorcasino Android\" width=\"1248\" height=\"536\" srcset=\"https:\/\/thetesorcasino.com\/wp-content\/uploads\/2026\/03\/Tesorcasino-Android.webp 1248w, https:\/\/thetesorcasino.com\/wp-content\/uploads\/2026\/03\/Tesorcasino-Android-300x129.webp 300w, https:\/\/thetesorcasino.com\/wp-content\/uploads\/2026\/03\/Tesorcasino-Android-1024x440.webp 1024w, https:\/\/thetesorcasino.com\/wp-content\/uploads\/2026\/03\/Tesorcasino-Android-768x330.webp 768w\" sizes=\"auto, (max-width: 1248px) 100vw, 1248px\" \/><\/p>\n<\/div><\/div><div style=\"clear: both\"><\/div><div class=\"d-flex justify-content-center\"><button data-item=\"decouvrez_link\" data-group=\"website_links\" class=\"goto fw-bold rounded-pill btn btn-orange\" aria-label=\"Pobierz aplikacj\u0119 Tesorcasino\" >Pobierz aplikacj\u0119 Tesorcasino<\/button><\/div><div class=\"scrollable-content-wrap my-5\"><div class=\"scrollable-content-inner\"><h2>Aplikacja mobilna Tesorcasino na iOS<\/h2>\n<p>Aplikacja Tesorcasino na iPhone&#8217;a r\u00f3wnie\u017c mile Ci\u0119 zaskoczy. Oferujemy ulepszone wra\u017cenia dla u\u017cytkownik\u00f3w produkt\u00f3w Apple. Jest szybka we wszystkich funkcjach kasyna, takich jak automaty online, gry kasynowe na \u017cywo, zak\u0142ady bukmacherskie i aktualne turnieje. Aplikacja jest r\u00f3wnie\u017c przyjazna dla u\u017cytkownika, a przyciski nie s\u0105 zbyt ma\u0142e \u2014 wszystko jest wygodne dla oczu.<\/p>\n<p>Nawigacja jest \u0142atwa, a gry \u0142aduj\u0105 si\u0119 bardzo szybko. Bezpiecze\u0144stwo i prywatno\u015b\u0107 s\u0105 na najwy\u017cszym poziomie. Aplikacja spe\u0142nia rygorystyczne wymagania Apple dotycz\u0105ce zapewnienia bezpiecznego \u015brodowiska gry.<\/p>\n<p><img loading=\"lazy\" decoding=\"async\" class=\"alignnone size-full wp-image-2000\" src=\"https:\/\/thetesorcasino.com\/wp-content\/uploads\/2026\/03\/Tesorcasino-iOS.webp\" alt=\"Tesorcasino iOS\" width=\"1248\" height=\"536\" srcset=\"https:\/\/thetesorcasino.com\/wp-content\/uploads\/2026\/03\/Tesorcasino-iOS.webp 1248w, https:\/\/thetesorcasino.com\/wp-content\/uploads\/2026\/03\/Tesorcasino-iOS-300x129.webp 300w, https:\/\/thetesorcasino.com\/wp-content\/uploads\/2026\/03\/Tesorcasino-iOS-1024x440.webp 1024w, https:\/\/thetesorcasino.com\/wp-content\/uploads\/2026\/03\/Tesorcasino-iOS-768x330.webp 768w\" sizes=\"auto, (max-width: 1248px) 100vw, 1248px\" \/><\/p>\n<\/div><\/div><div style=\"clear: both\"><\/div><div class=\"d-flex justify-content-center\"><button data-item=\"decouvrez_link\" data-group=\"website_links\" class=\"goto fw-bold rounded-pill btn btn-orange\" aria-label=\"Pobierz Tesorcasino\" >Pobierz Tesorcasino<\/button><\/div><div class=\"scrollable-content-wrap my-5\"><div class=\"scrollable-content-inner\"><h2>Aplikacje dla system\u00f3w Windows i macOS<\/h2>\n<p>Oczywi\u015bcie nic nie by\u0142oby kompletne bez Tesor Casino na komputery stacjonarne \u2014 w ko\u0144cu ka\u017cdy chce do\u015bwiadczy\u0107 pe\u0142nego 3D, prawda?<\/p>\n<p>Dlatego stworzyli\u015bmy wersje na komputery stacjonarne z systemami Windows i Mac. Graczy, kt\u00f3rzy kochaj\u0105 gry na komputerach stacjonarnych, czekaj\u0105 wydajne i stabilne \u015brodowiska gier. Wersje na komputery stacjonarne s\u0105 kompatybilne ze wszystkimi funkcjami kasyna. Wszystko jest tak, jak powinno \u2014 nasze kolekcje ksi\u0105\u017cek, nasze bitwy pokerowe, g\u0142o\u015bne obracaj\u0105ce si\u0119 ko\u0142a i atmosfera zwyci\u0119stwa! Aplikacje na systemy Windows i macOS obs\u0142uguj\u0105 du\u017ce monitory i szybkie po\u0142\u0105czenia internetowe, dzi\u0119ki czemu zapewniaj\u0105 bardzo wci\u0105gaj\u0105ce wra\u017cenia z gry.<\/p>\n<table>\n<tbody>\n<tr>\n<td>Funkcja<\/td>\n<td>Aplikacja dla systemu Windows<\/td>\n<td>Aplikacja dla systemu macOS<\/td>\n<\/tr>\n<tr>\n<td>Kompatybilno\u015b\u0107<\/td>\n<td>Zaprojektowana dla system\u00f3w operacyjnych Windows<\/td>\n<td>Zaprojektowana specjalnie dla systemu macOS<\/td>\n<\/tr>\n<tr>\n<td>Wydajno\u015b\u0107<\/td>\n<td>Wysoka wydajno\u015b\u0107, zoptymalizowana pod k\u0105tem sprz\u0119tu i przegl\u0105darek Windows<\/td>\n<td>Stabilna i p\u0142ynna wydajno\u015b\u0107 na urz\u0105dzeniach Mac i Apple<\/td>\n<\/tr>\n<tr>\n<td>Komfort u\u017cytkowania<\/td>\n<td>Pe\u0142ny dost\u0119p do wszystkich funkcji kasyna, intuicyjny interfejs<\/td>\n<td>P\u0142ynna integracja z interfejsem komputer\u00f3w Mac, przyjazny dla u\u017cytkownika<\/td>\n<\/tr>\n<tr>\n<td>Funkcje<\/td>\n<td>Wszystkie funkcje: automaty, poker, krupier na \u017cywo, bonusy<\/td>\n<td>Kompletny zestaw funkcji, w tym gry na \u017cywo i promocje<\/td>\n<\/tr>\n<tr>\n<td>Wy\u015bwietlacz i grafika<\/td>\n<td>Obs\u0142uga du\u017cych monitor\u00f3w i wy\u015bwietlaczy o wysokiej rozdzielczo\u015bci<\/td>\n<td>Zoptymalizowany pod k\u0105tem charakterystyki komputer\u00f3w MAC<\/td>\n<\/tr>\n<tr>\n<td>Przegl\u0105darki<\/td>\n<td>Google Chrome, Mozilla Firefox, Brave, Opera<\/td>\n<td>Safari, Google Chrome, Firefox, Microsoft Edge, Brave i Vivaldi<\/td>\n<\/tr>\n<tr>\n<td>Kompatybilno\u015b\u0107<\/td>\n<td>Kompatybilny z komputerami stacjonarnymi i wysokiej klasy zestawami do gier<\/td>\n<td>Obs\u0142uguje r\u00f3\u017cne modele komputer\u00f3w Mac, od MacBooka po iMac<\/td>\n<\/tr>\n<\/tbody>\n<\/table>\n<p><img loading=\"lazy\" decoding=\"async\" class=\"alignnone size-full wp-image-1992\" src=\"https:\/\/thetesorcasino.com\/wp-content\/uploads\/2026\/03\/Tesorcasino-Desktop.webp\" alt=\"Tesorcasino Desktop\" width=\"1248\" height=\"536\" srcset=\"https:\/\/thetesorcasino.com\/wp-content\/uploads\/2026\/03\/Tesorcasino-Desktop.webp 1248w, https:\/\/thetesorcasino.com\/wp-content\/uploads\/2026\/03\/Tesorcasino-Desktop-300x129.webp 300w, https:\/\/thetesorcasino.com\/wp-content\/uploads\/2026\/03\/Tesorcasino-Desktop-1024x440.webp 1024w, https:\/\/thetesorcasino.com\/wp-content\/uploads\/2026\/03\/Tesorcasino-Desktop-768x330.webp 768w\" sizes=\"auto, (max-width: 1248px) 100vw, 1248px\" \/><\/p>\n<\/div><\/div><div style=\"clear: both\"><\/div><div class=\"d-flex justify-content-center\"><button data-item=\"decouvrez_link\" data-group=\"website_links\" class=\"goto fw-bold rounded-pill btn btn-orange\" aria-label=\"Pobierz aplikacj\u0119 Tesorcasino\" >Pobierz aplikacj\u0119 Tesorcasino<\/button><\/div><div class=\"scrollable-content-wrap my-5\"><div class=\"scrollable-content-inner\"><h2>FAQ<\/h2>\n<h3>Czy do korzystania z aplikacji Tesorcasino konieczne jest utworzenie konta?<\/h3>\n<p>Podobnie jak w przypadku ka\u017cdej aplikacji, aby korzysta\u0107 ze wszystkich funkcji aplikacji Tesorcasino, konieczne jest utworzenie konta. Rejestracja jest \u0142atwa i zapewnia natychmiastowy dost\u0119p do bonus\u00f3w, turniej\u00f3w i naszej najlepszej na \u015bwiecie obs\u0142ugi klienta. Ze wzgl\u0119du na bezpiecze\u0144stwo i zgodno\u015b\u0107 z przepisami mo\u017ce by\u0107 wymagana weryfikacja i dodatkowe kontrole, takie jak rozmowa telefoniczna lub dodatkowe dokumenty. Po rejestracji gracze maj\u0105 nieograniczony dost\u0119p do gier na wszystkich urz\u0105dzeniach.<\/p>\n<h3>Czy aplikacja Tesorcasino oferuje obs\u0142ug\u0119 klienta?<\/h3>\n<p>Aplikacja Tesorcasino posiada zesp\u00f3\u0142 obs\u0142ugi klienta, kt\u00f3ry pracuje nieprzerwanie. Wystarczy skontaktowa\u0107 si\u0119 z nami za po\u015brednictwem czatu na \u017cywo lub poczty elektronicznej. Zesp\u00f3\u0142 wsparcia jest dost\u0119pny przez ca\u0142\u0105 dob\u0119, aby pom\u00f3c w zarz\u0105dzaniu kontem, a tak\u017ce w przypadku problem\u00f3w finansowych lub technicznych. Mo\u017cna r\u00f3wnie\u017c zadawa\u0107 pytania dotycz\u0105ce bonus\u00f3w i turniej\u00f3w. Funkcja czatu na \u017cywo pomaga zapewni\u0107 szybkie rozwi\u0105zania, dzi\u0119ki czemu gracze mog\u0105 kontynuowa\u0107 gr\u0119.<\/p>\n<h3>Jak mog\u0119 zaktualizowa\u0107 aplikacj\u0119 Tesor Casino?<\/h3>\n<p>Aktualizacja aplikacji Tesorcasino jest \u0142atwa. Na urz\u0105dzeniach mobilnych aplikacja aktualizuje si\u0119 automatycznie. W przypadku pe\u0142nej wersji najprawdopodobniej otrzymasz powiadomienie w przegl\u0105darce. Regularne aktualizacje aplikacji zapewniaj\u0105, \u017ce u\u017cytkownik jest na bie\u017c\u0105co z najnowszymi funkcjami, poprawkami bezpiecze\u0144stwa i ofertami.<\/p>\n<h3>Czy bonusy i turnieje s\u0105 dost\u0119pne na urz\u0105dzeniach mobilnych?<\/h3>\n<p>Tak, oferty powitalne, wszystkie bonusy, w tym bonusy do\u0142adowuj\u0105ce i specjalne turnieje, s\u0105 dost\u0119pne na platformie mobilnej Tesorcasino. Mobilne kasyno jest na tym samym poziomie co aplikacja na komputery stacjonarne, wi\u0119c gracze mog\u0105 bra\u0107 udzia\u0142 w turniejach, odbiera\u0107 bonusy i gra\u0107 w automaty online oraz gry z krupierem na \u017cywo bez \u017cadnych zak\u0142\u00f3ce\u0144 na dowolnym urz\u0105dzeniu podczas zabawy w kasynie Tesorcasino.<\/p>\n<\/div><\/div><\/p>\n","protected":false},"excerpt":{"rendered":"<p>Platforma mobilna Tesorcasino Tesorcasino app zmieni Twoje wyobra\u017cenie o komforcie przeno\u015bno\u015bci. Aplikacja jest wygodna i \u0142atwo dost\u0119pna, umo\u017cliwiaj\u0105c polskim graczom korzystanie z r\u00f3\u017cnorodnych wra\u017ce\u0144 z gier z naszego katalogu zawieraj\u0105cego ponad 6 000 tytu\u0142\u00f3w. Tesor Casino zapewnia graczom mobilnym zintegrowane bonusy, promocje i turnieje, co oznacza, \u017ce mog\u0105 oni optymalizowa\u0107 mo\u017cliwo\u015bci swoich gier, gdziekolwiek si\u0119 [&hellip;]<\/p>\n","protected":false},"author":1,"featured_media":0,"parent":0,"menu_order":0,"comment_status":"closed","ping_status":"closed","template":"template-builder.php","meta":{"_acf_changed":false,"inline_featured_image":false,"footnotes":""},"class_list":["post-1447","page","type-page","status-publish","hentry"],"acf":[],"yoast_head":"<!-- This site is optimized with the Yoast SEO plugin v27.3 - https:\/\/yoast.com\/product\/yoast-seo-wordpress\/ -->\n<title>Tesor Casino App \u2013 iOS, Android | Pobierz<\/title>\n<meta name=\"description\" content=\"Tesor Casino App \u2013 pobierz aplikacj\u0119 mobiln\u0105 na iOS i Android, aby gra\u0107 w sloty, ruletk\u0119, gry sto\u0142owe i kasyno na \u017cywo gdziekolwiek jeste\u015b. Ciesz si\u0119 p\u0142ynnym dzia\u0142aniem i pe\u0142nym dost\u0119pem do konta z Tesorcasino.\" \/>\n<meta name=\"robots\" content=\"index, follow, max-snippet:-1, max-image-preview:large, max-video-preview:-1\" \/>\n<link rel=\"canonical\" href=\"https:\/\/thetesorcasino.com\/pl\/aplikacja\/\" \/>\n<meta property=\"og:locale\" content=\"pl_PL\" \/>\n<meta property=\"og:type\" content=\"article\" \/>\n<meta property=\"og:title\" content=\"Tesor Casino App \u2013 iOS, Android | Pobierz\" \/>\n<meta property=\"og:description\" content=\"Tesor Casino App \u2013 pobierz aplikacj\u0119 mobiln\u0105 na iOS i Android, aby gra\u0107 w sloty, ruletk\u0119, gry sto\u0142owe i kasyno na \u017cywo gdziekolwiek jeste\u015b. Ciesz si\u0119 p\u0142ynnym dzia\u0142aniem i pe\u0142nym dost\u0119pem do konta z Tesorcasino.\" \/>\n<meta property=\"og:url\" content=\"https:\/\/thetesorcasino.com\/pl\/aplikacja\/\" \/>\n<meta property=\"og:site_name\" content=\"tesorcasino\" \/>\n<meta property=\"article:modified_time\" content=\"2026-03-05T14:32:07+00:00\" \/>\n<meta name=\"twitter:card\" content=\"summary_large_image\" \/>\n<meta name=\"twitter:label1\" content=\"Est. reading time\" \/>\n\t<meta name=\"twitter:data1\" content=\"1 minute\" \/>\n<script type=\"application\/ld+json\" class=\"yoast-schema-graph\">{\"@context\":\"https:\\\/\\\/schema.org\",\"@graph\":[{\"@type\":\"WebPage\",\"@id\":\"https:\\\/\\\/thetesorcasino.com\\\/pl\\\/aplikacja\\\/\",\"url\":\"https:\\\/\\\/thetesorcasino.com\\\/pl\\\/aplikacja\\\/\",\"name\":\"Tesor Casino App \u2013 iOS, Android | Pobierz\",\"isPartOf\":{\"@id\":\"https:\\\/\\\/thetesorcasino.com\\\/pl\\\/#website\"},\"datePublished\":\"2026-01-20T12:08:23+00:00\",\"dateModified\":\"2026-03-05T14:32:07+00:00\",\"description\":\"Tesor Casino App \u2013 pobierz aplikacj\u0119 mobiln\u0105 na iOS i Android, aby gra\u0107 w sloty, ruletk\u0119, gry sto\u0142owe i kasyno na \u017cywo gdziekolwiek jeste\u015b. Ciesz si\u0119 p\u0142ynnym dzia\u0142aniem i pe\u0142nym dost\u0119pem do konta z Tesorcasino.\",\"breadcrumb\":{\"@id\":\"https:\\\/\\\/thetesorcasino.com\\\/pl\\\/aplikacja\\\/#breadcrumb\"},\"inLanguage\":\"pl-PL\",\"potentialAction\":[{\"@type\":\"ReadAction\",\"target\":[\"https:\\\/\\\/thetesorcasino.com\\\/pl\\\/aplikacja\\\/\"]}]},{\"@type\":\"BreadcrumbList\",\"@id\":\"https:\\\/\\\/thetesorcasino.com\\\/pl\\\/aplikacja\\\/#breadcrumb\",\"itemListElement\":[{\"@type\":\"ListItem\",\"position\":1,\"name\":\"Tesorcasino\",\"item\":\"https:\\\/\\\/thetesorcasino.com\\\/pl\\\/\"},{\"@type\":\"ListItem\",\"position\":2,\"name\":\"Aplikacja\"}]},{\"@type\":\"WebSite\",\"@id\":\"https:\\\/\\\/thetesorcasino.com\\\/pl\\\/#website\",\"url\":\"https:\\\/\\\/thetesorcasino.com\\\/pl\\\/\",\"name\":\"Tesorcasino\",\"description\":\"\",\"publisher\":{\"@id\":\"https:\\\/\\\/thetesorcasino.com\\\/pl\\\/#organization\"},\"potentialAction\":[{\"@type\":\"SearchAction\",\"target\":{\"@type\":\"EntryPoint\",\"urlTemplate\":\"https:\\\/\\\/thetesorcasino.com\\\/pl\\\/?s={search_term_string}\"},\"query-input\":{\"@type\":\"PropertyValueSpecification\",\"valueRequired\":true,\"valueName\":\"search_term_string\"}}],\"inLanguage\":\"pl-PL\"},{\"@type\":\"Organization\",\"@id\":\"https:\\\/\\\/thetesorcasino.com\\\/pl\\\/#organization\",\"name\":\"Tesorcasino\",\"url\":\"https:\\\/\\\/thetesorcasino.com\\\/pl\\\/\",\"logo\":{\"@type\":\"ImageObject\",\"inLanguage\":\"pl-PL\",\"@id\":\"https:\\\/\\\/thetesorcasino.com\\\/pl\\\/#\\\/schema\\\/logo\\\/image\\\/\",\"url\":\"https:\\\/\\\/thetesorcasino.com\\\/wp-content\\\/uploads\\\/2026\\\/03\\\/Tesorcasino-logo.png\",\"contentUrl\":\"https:\\\/\\\/thetesorcasino.com\\\/wp-content\\\/uploads\\\/2026\\\/03\\\/Tesorcasino-logo.png\",\"width\":246,\"height\":44,\"caption\":\"Tesorcasino\"},\"image\":{\"@id\":\"https:\\\/\\\/thetesorcasino.com\\\/pl\\\/#\\\/schema\\\/logo\\\/image\\\/\"}}]}<\/script>\n<!-- \/ Yoast SEO plugin. -->","yoast_head_json":{"title":"Tesor Casino App \u2013 iOS, Android | Pobierz","description":"Tesor Casino App \u2013 pobierz aplikacj\u0119 mobiln\u0105 na iOS i Android, aby gra\u0107 w sloty, ruletk\u0119, gry sto\u0142owe i kasyno na \u017cywo gdziekolwiek jeste\u015b. Ciesz si\u0119 p\u0142ynnym dzia\u0142aniem i pe\u0142nym dost\u0119pem do konta z Tesorcasino.","robots":{"index":"index","follow":"follow","max-snippet":"max-snippet:-1","max-image-preview":"max-image-preview:large","max-video-preview":"max-video-preview:-1"},"canonical":"https:\/\/thetesorcasino.com\/pl\/aplikacja\/","og_locale":"pl_PL","og_type":"article","og_title":"Tesor Casino App \u2013 iOS, Android | Pobierz","og_description":"Tesor Casino App \u2013 pobierz aplikacj\u0119 mobiln\u0105 na iOS i Android, aby gra\u0107 w sloty, ruletk\u0119, gry sto\u0142owe i kasyno na \u017cywo gdziekolwiek jeste\u015b. Ciesz si\u0119 p\u0142ynnym dzia\u0142aniem i pe\u0142nym dost\u0119pem do konta z Tesorcasino.","og_url":"https:\/\/thetesorcasino.com\/pl\/aplikacja\/","og_site_name":"tesorcasino","article_modified_time":"2026-03-05T14:32:07+00:00","twitter_card":"summary_large_image","twitter_misc":{"Est. reading time":"1 minute"},"schema":{"@context":"https:\/\/schema.org","@graph":[{"@type":"WebPage","@id":"https:\/\/thetesorcasino.com\/pl\/aplikacja\/","url":"https:\/\/thetesorcasino.com\/pl\/aplikacja\/","name":"Tesor Casino App \u2013 iOS, Android | Pobierz","isPartOf":{"@id":"https:\/\/thetesorcasino.com\/pl\/#website"},"datePublished":"2026-01-20T12:08:23+00:00","dateModified":"2026-03-05T14:32:07+00:00","description":"Tesor Casino App \u2013 pobierz aplikacj\u0119 mobiln\u0105 na iOS i Android, aby gra\u0107 w sloty, ruletk\u0119, gry sto\u0142owe i kasyno na \u017cywo gdziekolwiek jeste\u015b. Ciesz si\u0119 p\u0142ynnym dzia\u0142aniem i pe\u0142nym dost\u0119pem do konta z Tesorcasino.","breadcrumb":{"@id":"https:\/\/thetesorcasino.com\/pl\/aplikacja\/#breadcrumb"},"inLanguage":"pl-PL","potentialAction":[{"@type":"ReadAction","target":["https:\/\/thetesorcasino.com\/pl\/aplikacja\/"]}]},{"@type":"BreadcrumbList","@id":"https:\/\/thetesorcasino.com\/pl\/aplikacja\/#breadcrumb","itemListElement":[{"@type":"ListItem","position":1,"name":"Tesorcasino","item":"https:\/\/thetesorcasino.com\/pl\/"},{"@type":"ListItem","position":2,"name":"Aplikacja"}]},{"@type":"WebSite","@id":"https:\/\/thetesorcasino.com\/pl\/#website","url":"https:\/\/thetesorcasino.com\/pl\/","name":"Tesorcasino","description":"","publisher":{"@id":"https:\/\/thetesorcasino.com\/pl\/#organization"},"potentialAction":[{"@type":"SearchAction","target":{"@type":"EntryPoint","urlTemplate":"https:\/\/thetesorcasino.com\/pl\/?s={search_term_string}"},"query-input":{"@type":"PropertyValueSpecification","valueRequired":true,"valueName":"search_term_string"}}],"inLanguage":"pl-PL"},{"@type":"Organization","@id":"https:\/\/thetesorcasino.com\/pl\/#organization","name":"Tesorcasino","url":"https:\/\/thetesorcasino.com\/pl\/","logo":{"@type":"ImageObject","inLanguage":"pl-PL","@id":"https:\/\/thetesorcasino.com\/pl\/#\/schema\/logo\/image\/","url":"https:\/\/thetesorcasino.com\/wp-content\/uploads\/2026\/03\/Tesorcasino-logo.png","contentUrl":"https:\/\/thetesorcasino.com\/wp-content\/uploads\/2026\/03\/Tesorcasino-logo.png","width":246,"height":44,"caption":"Tesorcasino"},"image":{"@id":"https:\/\/thetesorcasino.com\/pl\/#\/schema\/logo\/image\/"}}]}},"_links":{"self":[{"href":"https:\/\/thetesorcasino.com\/pl\/wp-json\/wp\/v2\/pages\/1447","targetHints":{"allow":["GET"]}}],"collection":[{"href":"https:\/\/thetesorcasino.com\/pl\/wp-json\/wp\/v2\/pages"}],"about":[{"href":"https:\/\/thetesorcasino.com\/pl\/wp-json\/wp\/v2\/types\/page"}],"author":[{"embeddable":true,"href":"https:\/\/thetesorcasino.com\/pl\/wp-json\/wp\/v2\/users\/1"}],"replies":[{"embeddable":true,"href":"https:\/\/thetesorcasino.com\/pl\/wp-json\/wp\/v2\/comments?post=1447"}],"version-history":[{"count":3,"href":"https:\/\/thetesorcasino.com\/pl\/wp-json\/wp\/v2\/pages\/1447\/revisions"}],"predecessor-version":[{"id":2076,"href":"https:\/\/thetesorcasino.com\/pl\/wp-json\/wp\/v2\/pages\/1447\/revisions\/2076"}],"wp:attachment":[{"href":"https:\/\/thetesorcasino.com\/pl\/wp-json\/wp\/v2\/media?parent=1447"}],"curies":[{"name":"wp","href":"https:\/\/api.w.org\/{rel}","templated":true}]}}