{"id":1459,"date":"2026-01-20T12:21:20","date_gmt":"2026-01-20T12:21:20","guid":{"rendered":"https:\/\/bonuskongcasino.com\/bonus\/"},"modified":"2026-03-05T14:38:15","modified_gmt":"2026-03-05T14:38:15","slug":"bonus","status":"publish","type":"page","link":"https:\/\/thetesorcasino.com\/pl\/bonus\/","title":{"rendered":"Bonus"},"content":{"rendered":"<h1>Bonusy i nagrody w Tesor Casino<\/h1>\n<p>Kolekcja Tesor Casino bonus obejmuje szeroki wachlarz nagr\u00f3d, kt\u00f3re mog\u0105 zaimponowa\u0107 ka\u017cdemu polskiemu graczowi i zainspirowa\u0107 do kreatywnej rywalizacji. Dzi\u0119ki kompleksowemu systemowi promocji, turniej\u00f3w i bonus\u00f3w, Tesorcasino zapewnia wszystkim graczom uczciwe, przejrzyste i dochodowe mo\u017cliwo\u015bci maksymalizacji ich gry. Naszym celem pozostaje zapewnienie bezpiecznego i odpowiedzialnego \u015brodowiska gry, wspieranego przez ci\u0105g\u0142e aktualizacje promocyjne, kt\u00f3re podtrzymuj\u0105 emocje.<\/p>\n<p><div class=\"banner-wrap\" aria-label=\"Banner\"><img src=\"https:\/\/thetesorcasino.com\/wp-content\/uploads\/2026\/03\/tesorcasino-bnr-pc-2.webp\" class=\"w-100 d-none d-lg-block img-pc main-banner-img\" alt=\"tesorcasino banner desktop\" fetchpriority=\"high\" decoding=\"async\"><img src=\"https:\/\/thetesorcasino.com\/wp-content\/uploads\/2026\/03\/tesorcasino-banner-mobile.webp\" class=\"w-100 d-none d-md-block d-lg-none main-banner-img\" alt=\"tesorcasino banner mobile\" fetchpriority=\"high\" decoding=\"async\"><img src=\"https:\/\/thetesorcasino.com\/wp-content\/uploads\/2026\/03\/tesorcasino-banner-mobile.webp\" class=\"w-100 d-md-none\" alt=\"tesorcasino banner mobile\" fetchpriority=\"high\" decoding=\"async\"><div class=\"banner-description\">\n<div class=\"banner-title\">Bonusy powitalne<\/div>\n<p class=\"banner-header-title\">\u20ac3,000<\/p>\n<div class=\"banner-header-AdditionalText\">+ 300 Darmowe spiny<\/div>\n<button data-item=\"homepage_banner_link\" class=\"goto m-button m-gradient-border m-button--primary m-button--large banner-button btn-orange\">\n            <div class=\"m-button-content\">\n                <span>Zarejestruj si\u0119 teraz<\/span>\n                <span><\/span>\n            <\/div>\n        <\/button>\n<\/div>\n<div class=\"WelcomePack\">\n<p><img loading=\"lazy\" decoding=\"async\" class=\"alignnone size-full wp-image-2025\" src=\"https:\/\/thetesorcasino.com\/wp-content\/uploads\/welcome-crown.png\" alt=\"welcome crown\" width=\"25\" height=\"26\" \/><\/p>\n<div class=\"WelcomePack-Info\">Cotygodniowy zwrot got\u00f3wki do 25%<\/div>\n<p><img loading=\"lazy\" decoding=\"async\" class=\"alignnone size-full wp-image-2025\" src=\"https:\/\/thetesorcasino.com\/wp-content\/uploads\/welcome-crown.png\" alt=\"welcome crown\" width=\"25\" height=\"26\" \/><\/p>\n<\/div>\n<\/div><div class=\"promotions-wrap\"><div class=\"promotion-card\" style=\"background-image: url(https:\/\/thetesorcasino.com\/wp-content\/uploads\/2026\/03\/welcome-pack.webp);\"><h2 class=\"promotion-card__title\">Pakiet powitalny<\/h2><label class=\"promotion-card__offer\">do 3 000 \u20ac + 500 darmowych spin\u00f3w<\/label><label class=\"promotion-card__description\"><\/label><div class=\"promotion-card__actions\"><button data-item=\"payments_link\" data-group=\"website_links\" class=\"goto btn btn-orange rounded-pill fw-bold px-4 m-button m-gradient-border m-button--primary m-button--large promotion-button promotion-card__action-btn\" aria-label=\"Zarejestruj si\u0119\"><div class=\"m-button-content\"><span class=\"promotion-button__content\">Zarejestruj si\u0119<\/span><\/div><\/button><button data-item=\"http:\/\/bonus_link\" data-group=\"website_links\" class=\"goto m-button m-gradient-border m-button--secondary m-button--medium promotion-card__info-btn\" aria-label=\"More information\"><div class=\"m-button-content\"><svg viewBox=\"0 0 24 24\" fill=\"none\" xmlns=\"http:\/\/www.w3.org\/2000\/svg\" class=\"m-icon m-icon-loadable\" name=\"Attention\" loading=\"false\" aria-hidden=\"true\"><path d=\"M12 22C6.477 22 2 17.522 2 12S6.477 2 12 2s10 4.478 10 10-4.477 10-10 10m-.002-13.004a.999.999 0 1 0 0-1.997.999.999 0 0 0 0 1.997M12 17a1 1 0 0 0 .993-.884L13 16l-.002-5.001-.007-.117a1 1 0 0 0-1.986 0l-.007.117L11 16l.007.117A1 1 0 0 0 12 17\" fill=\"currentColor\"><\/path><\/svg><\/div><\/button><\/div><\/div><div class=\"promotion-card\" style=\"background-image: url(https:\/\/thetesorcasino.com\/wp-content\/uploads\/2026\/03\/cashback.webp);\"><h2 class=\"promotion-card__title\">Cotygodniowy zwrot got\u00f3wki<\/h2><label class=\"promotion-card__offer\">do 25%<\/label><label class=\"promotion-card__description\"><\/label><div class=\"promotion-card__actions\"><button data-item=\"payments_link\" data-group=\"website_links\" class=\"goto btn btn-orange rounded-pill fw-bold px-4 m-button m-gradient-border m-button--primary m-button--large promotion-button promotion-card__action-btn\" aria-label=\"Zarejestruj si\u0119\"><div class=\"m-button-content\"><span class=\"promotion-button__content\">Zarejestruj si\u0119<\/span><\/div><\/button><button data-item=\"http:\/\/bonus_link\" data-group=\"website_links\" class=\"goto m-button m-gradient-border m-button--secondary m-button--medium promotion-card__info-btn\" aria-label=\"More information\"><div class=\"m-button-content\"><svg viewBox=\"0 0 24 24\" fill=\"none\" xmlns=\"http:\/\/www.w3.org\/2000\/svg\" class=\"m-icon m-icon-loadable\" name=\"Attention\" loading=\"false\" aria-hidden=\"true\"><path d=\"M12 22C6.477 22 2 17.522 2 12S6.477 2 12 2s10 4.478 10 10-4.477 10-10 10m-.002-13.004a.999.999 0 1 0 0-1.997.999.999 0 0 0 0 1.997M12 17a1 1 0 0 0 .993-.884L13 16l-.002-5.001-.007-.117a1 1 0 0 0-1.986 0l-.007.117L11 16l.007.117A1 1 0 0 0 12 17\" fill=\"currentColor\"><\/path><\/svg><\/div><\/button><\/div><\/div><div class=\"promotion-card\" style=\"background-image: url(https:\/\/thetesorcasino.com\/wp-content\/uploads\/2026\/03\/sunday-reload.webp);\"><h2 class=\"promotion-card__title\">Niedzielne do\u0142adowanie<\/h2><label class=\"promotion-card__offer\">25% bonusu od depozytu do 100 \u20ac w ka\u017cd\u0105 niedziel\u0119<\/label><label class=\"promotion-card__description\"><\/label><div class=\"promotion-card__actions\"><button data-item=\"payments_link\" data-group=\"website_links\" class=\"goto btn btn-orange rounded-pill fw-bold px-4 m-button m-gradient-border m-button--primary m-button--large promotion-button promotion-card__action-btn\" aria-label=\"Zarejestruj si\u0119\"><div class=\"m-button-content\"><span class=\"promotion-button__content\">Zarejestruj si\u0119<\/span><\/div><\/button><button data-item=\"http:\/\/bonus_link\" data-group=\"website_links\" class=\"goto m-button m-gradient-border m-button--secondary m-button--medium promotion-card__info-btn\" aria-label=\"More information\"><div class=\"m-button-content\"><svg viewBox=\"0 0 24 24\" fill=\"none\" xmlns=\"http:\/\/www.w3.org\/2000\/svg\" class=\"m-icon m-icon-loadable\" name=\"Attention\" loading=\"false\" aria-hidden=\"true\"><path d=\"M12 22C6.477 22 2 17.522 2 12S6.477 2 12 2s10 4.478 10 10-4.477 10-10 10m-.002-13.004a.999.999 0 1 0 0-1.997.999.999 0 0 0 0 1.997M12 17a1 1 0 0 0 .993-.884L13 16l-.002-5.001-.007-.117a1 1 0 0 0-1.986 0l-.007.117L11 16l.007.117A1 1 0 0 0 12 17\" fill=\"currentColor\"><\/path><\/svg><\/div><\/button><\/div><\/div><\/div><div class=\"scrollable-content-wrap my-5\"><div class=\"scrollable-content-inner\"><h2>Promocje w Tesor Casino<\/h2>\n<p>System bonus\u00f3w Tesor Casino oferuje szeroki wachlarz bie\u017c\u0105cych promocji dostosowanych do r\u00f3\u017cnych preferencji graczy. Mo\u017cesz cieszy\u0107 si\u0119 pakietem powitalnym, ofertami sezonowymi i wspania\u0142ymi ekskluzywnymi bitwami o ogromne sumy pieni\u0119dzy, kt\u00f3re cz\u0119sto organizujemy.<\/p>\n<p>Nasza struktura promocyjna k\u0142adzie nacisk na uczciwo\u015b\u0107 i przejrzysto\u015b\u0107. Regularne aktualizacje i ukierunkowane kampanie zapewniaj\u0105 naszym graczom dost\u0119p do atrakcyjnych nagr\u00f3d, w tym darmowych spin\u00f3w, zwrot\u00f3w got\u00f3wki i bonus\u00f3w od depozytu. Promocje Tesorcasino s\u0105 zawsze aktualne. Je\u015bli do\u0142\u0105czysz do nas, zach\u0119camy do zapoznania si\u0119 z r\u00f3\u017cnymi kategoriami gier, w tym automatami, grami sto\u0142owymi i do\u015bwiadczeniami z krupierem na \u017cywo, a tak\u017ce specjalnymi sekcjami rocznymi, kt\u00f3re otwieramy z okazji wa\u017cnych \u015bwi\u0105t.<\/p>\n<h2>Turnieje<\/h2>\n<p>Turnieje w Tesorcasino dodaj\u0105 element rywalizacji i szans\u0119 na znaczne nagrody. Organizujemy je w bardzo przemy\u015blany spos\u00f3b, aby sprawdzi\u0107 umiej\u0119tno\u015bci i szcz\u0119\u015bcie graczy, oferuj\u0105c im szans\u0119 na rywalizacj\u0119 o imponuj\u0105ce nagrody. Przyk\u0142ady:<\/p>\n<table>\n<tbody>\n<tr>\n<td>Nazwa turnieju<\/td>\n<td>Pula nagr\u00f3d<\/td>\n<td>Cz\u0119stotliwo\u015b\u0107 i szczeg\u00f3\u0142y<\/td>\n<\/tr>\n<tr>\n<td>Spinoleague<\/td>\n<td>12 000 000 \u20ac<\/td>\n<td>Trwaj\u0105cy konkurs rankingowy, w kt\u00f3rym najlepsi gracze otrzymuj\u0105 ogromne nagrody pieni\u0119\u017cne przez ca\u0142y rok.<\/td>\n<\/tr>\n<tr>\n<td>BGaming Drops<\/td>\n<td>90 000 \u20ac na sezon<\/td>\n<td>Sezonowe wydarzenia organizowane przez naszego dostawc\u0119, w kt\u00f3rych mo\u017cna zdoby\u0107 nagrody, osi\u0105gaj\u0105c okre\u015blone cele w grach BGaming.<\/td>\n<\/tr>\n<tr>\n<td>Drops &amp; Wins<\/td>\n<td>25 000 000 \u20ac<\/td>\n<td>Najwi\u0119ksze bie\u017c\u0105ce pule nagr\u00f3d, z cotygodniowymi i sezonowymi dropami, jackpotami i bonusami Tesor Casino w wielu grach.<\/td>\n<\/tr>\n<tr>\n<td>Turniej Rookie Rumble<\/p>\n<p>&nbsp;<\/td>\n<td>2 500 \u20ac dziennie<\/td>\n<td>Codzienny turniej specjalnie zaprojektowany dla nowicjuszy, w kt\u00f3rym gracze mog\u0105 wykaza\u0107 si\u0119 swoimi umiej\u0119tno\u015bciami, aby zdoby\u0107 codzienne nagrody pieni\u0119\u017cne.<\/td>\n<\/tr>\n<tr>\n<td>Turniej na \u017cywo<\/td>\n<td>10 000 \u20ac dziennie<\/td>\n<td>Odbywa si\u0119 codziennie z rozgrywk\u0105 na \u017cywo, oferuj\u0105c uczestnikom szans\u0119 na wygranie znacznych kwot pieni\u0119\u017cnych poprzez rywalizacj\u0119 w czasie rzeczywistym.<\/td>\n<\/tr>\n<\/tbody>\n<\/table>\n<p>Udzia\u0142 w turnieju jest otwarty dla wszystkich zarejestrowanych graczy Tesorcasino, co sprzyja tworzeniu dynamicznego, anga\u017cuj\u0105cego \u015brodowiska, w kt\u00f3rym nagradzana jest strategiczna gra.<\/p>\n<p><img loading=\"lazy\" decoding=\"async\" class=\"alignnone size-full wp-image-2016\" src=\"https:\/\/thetesorcasino.com\/wp-content\/uploads\/2026\/03\/Tesorcasino-bonus-page.webp\" alt=\"Tesorcasino bonus page\" width=\"1248\" height=\"536\" srcset=\"https:\/\/thetesorcasino.com\/wp-content\/uploads\/2026\/03\/Tesorcasino-bonus-page.webp 1248w, https:\/\/thetesorcasino.com\/wp-content\/uploads\/2026\/03\/Tesorcasino-bonus-page-300x129.webp 300w, https:\/\/thetesorcasino.com\/wp-content\/uploads\/2026\/03\/Tesorcasino-bonus-page-1024x440.webp 1024w, https:\/\/thetesorcasino.com\/wp-content\/uploads\/2026\/03\/Tesorcasino-bonus-page-768x330.webp 768w\" sizes=\"auto, (max-width: 1248px) 100vw, 1248px\" \/><\/p>\n<h2>Pakiet powitalny Tesor Casino<\/h2>\n<p>Zawsze przygotowujemy bardzo hojny pakiet powitalny dla nowych graczy, poniewa\u017c chcemy, aby wszyscy mieli solidny start. Po rejestracji gracze otrzymuj\u0105 kompleksowy pakiet bonusowy Tesor Casino, kt\u00f3ry zwi\u0119ksza ich pocz\u0105tkowy kapita\u0142 i poprawia szanse na wygran\u0105, w wysoko\u015bci nie mniejszej ni\u017c 3 000 \u20ac i 500 darmowych spin\u00f3w! Jak wida\u0107, jest to po\u0142\u0105czenie \u015brodk\u00f3w bonusowych i darmowych spin\u00f3w, kt\u00f3re s\u0105 natychmiast dost\u0119pne do wykorzystania w szerokiej gamie gier kasynowych.<\/p>\n<h3>Bonus od pierwszego depozytu<\/h3>\n<p>Bonus od pierwszego depozytu w Tesorcasino jest kluczowym elementem naszej oferty powitalnej. Gracze dokonuj\u0105cy pierwszego depozytu otrzymuj\u0105 100% bonus od depozytu do 1 000 \u20ac oraz 250 darmowych spin\u00f3w, kt\u00f3re nale\u017cy wykorzysta\u0107 w ci\u0105gu pierwszych 3 dni, nie p\u00f3\u017aniej! Spiny te mo\u017cna wykorzysta\u0107 w popularnych automatach, aby przed\u0142u\u017cy\u0107 rozgrywk\u0119 i zwi\u0119kszy\u0107 szanse na wygran\u0105. Wymagany obr\u00f3t dla tego bonusu wynosi 30x.<\/p>\n<h3>Bonus za drug\u0105 wp\u0142at\u0119<\/h3>\n<p>Drugi depozyt w Tesor Casino to 50% bonus do 1 000 \u20ac i dodatkowe 100 darmowych spin\u00f3w. Ta promocja ma na celu zach\u0119cenie do dalszego zaanga\u017cowania i nagrodzenie lojalno\u015bci. Podobnie jak w przypadku bonusu za pierwszy depozyt, wym\u00f3g obrotu pozostaje na poziomie 30, poniewa\u017c dbamy o sp\u00f3jno\u015b\u0107 i przejrzysto\u015b\u0107 i wiemy, \u017ce gracze nie chc\u0105 \u017cadnych nieprzyjemnych niespodzianek.<\/p>\n<h3>Bonus za trzeci\u0105 wp\u0142at\u0119<\/h3>\n<p>Aby promowa\u0107 d\u0142ugotrwa\u0142\u0105 gr\u0119, Tesor Casino oferuje bonus za trzeci\u0105 wp\u0142at\u0119: 50% dopasowania do 1 000 \u20ac oraz dodatkowe 150 darmowych spin\u00f3w. Je\u015bli wp\u0142acisz oko\u0142o 2 000 \u20ac, odblokujesz wszystko. Wym\u00f3g obrotu 30x pozostaje bez zmian. Wspieramy odpowiedzialn\u0105 gr\u0119 i d\u0142ugoterminowy sukces graczy.<\/p>\n<h2>Misje i ko\u0142o fortuny jako droga do bogactwa<\/h2>\n<p>Dodaj\u0105c element grywalizacji do systemu bonusowego, Tesor Casino oferuje misje i ko\u0142o fortuny. Te interaktywne elementy grywalizacji pozwalaj\u0105 graczom wykonywa\u0107 okre\u015blone zadania lub kr\u0119ci\u0107 ko\u0142em, aby uzyska\u0107 natychmiastowe nagrody, w tym kredyty bonusowe, darmowe spiny lub udzia\u0142 w ekskluzywnych turniejach.<\/p>\n<ul>\n<li>Przechodzenie interaktywnych misji Tesorcasino sprawia, \u017ce gracze s\u0105 zadowoleni i zaanga\u017cowani. Mog\u0105 obstawia\u0107 zak\u0142ady i rywalizowa\u0107 mi\u0119dzy sob\u0105, zdrapywa\u0107 karty i wygrywa\u0107 w loteriach.<\/li>\n<li>Zakr\u0119cenie Ko\u0142em Fortuny aktywuje mn\u00f3stwo dodatkowych funkcji, rund bonusowych Tesor Casino i punkt\u00f3w, kt\u00f3re gracze mog\u0105 wykorzysta\u0107, aby zwi\u0119kszy\u0107 swoje szanse na zwyci\u0119stwo w grze.<\/li>\n<li>Aby wygra\u0107, zawsze musisz wykona\u0107 pewne zadania wymagaj\u0105ce zastanowienia.<\/li>\n<li>Ko\u0142o fortuny pomaga graczom kr\u0119ci\u0107, aby wygra\u0107 natychmiastowe nagrody, kt\u00f3re mog\u0105 obejmowa\u0107 kredyty bonusowe, darmowe spiny lub, w niekt\u00f3rych specjalnych turniejach, dodatkowe nagrody.<\/li>\n<li>Zwyci\u0119zcy maj\u0105 wi\u0119cej mo\u017cliwo\u015bci gromadzenia bogactwa dzi\u0119ki tej sprytnej gamifikacji.<\/li>\n<\/ul>\n<p>Takie podej\u015bcie zach\u0119ca do ci\u0105g\u0142ego udzia\u0142u w grze i oferuje dodatkowe mo\u017cliwo\u015bci gromadzenia bogactwa.<\/p>\n<h2>FAQ<\/h2>\n<h3>Czy musz\u0119 otrzymywa\u0107 bonusy, czy jest to opcjonalne?<\/h3>\n<p>Uczestnictwo w bonusach jest opcjonalne. Gracze mog\u0105 je odrzuci\u0107 lub zdecydowa\u0107 si\u0119 na konkretne promocje lub nagrody, zgodnie z jasnymi instrukcjami podanymi podczas wp\u0142aty lub rejestracji.<\/p>\n<h3>Czy mog\u0119 otrzyma\u0107 bonusy r\u00f3wnie\u017c w wersji mobilnej?<\/h3>\n<p>Kasyno Tesor oferuje te same mo\u017cliwo\u015bci bonusowe na platformie mobilnej, wi\u0119c nie ma si\u0119 czym martwi\u0107. Wersja mobilna to aplikacja PWA, kt\u00f3ra oferuje wszystkie funkcje kasyna, p\u0142ynny dost\u0119p i identyczne warunki na wszystkich urz\u0105dzeniach.<\/p>\n<h3>Czy darmowe spiny trac\u0105 wa\u017cno\u015b\u0107?<\/h3>\n<p>Tak \u2013 i to szybko! Mo\u017cesz straci\u0107 swoje spiny w ci\u0105gu kilku dni, wi\u0119c pospiesz si\u0119. Zazwyczaj wygasaj\u0105 one w okre\u015blonym czasie, zwykle od 24 do 72 godzin. Pe\u0142ne informacje znajduj\u0105 si\u0119 w sekcji warunk\u00f3w bonus\u00f3w. Zawsze podajemy szczeg\u00f3\u0142y w warunkach promocji.<\/p>\n<\/div><\/div><\/p>\n","protected":false},"excerpt":{"rendered":"<p>Bonusy i nagrody w Tesor Casino Kolekcja Tesor Casino bonus obejmuje szeroki wachlarz nagr\u00f3d, kt\u00f3re mog\u0105 zaimponowa\u0107 ka\u017cdemu polskiemu graczowi i zainspirowa\u0107 do kreatywnej rywalizacji. Dzi\u0119ki kompleksowemu systemowi promocji, turniej\u00f3w i bonus\u00f3w, Tesorcasino zapewnia wszystkim graczom uczciwe, przejrzyste i dochodowe mo\u017cliwo\u015bci maksymalizacji ich gry. Naszym celem pozostaje zapewnienie bezpiecznego i odpowiedzialnego \u015brodowiska gry, wspieranego przez [&hellip;]<\/p>\n","protected":false},"author":1,"featured_media":0,"parent":0,"menu_order":0,"comment_status":"closed","ping_status":"closed","template":"template-builder.php","meta":{"_acf_changed":false,"inline_featured_image":false,"footnotes":""},"class_list":["post-1459","page","type-page","status-publish","hentry"],"acf":[],"yoast_head":"<!-- This site is optimized with the Yoast SEO plugin v27.3 - https:\/\/yoast.com\/product\/yoast-seo-wordpress\/ -->\n<title>Tesor Casino Bonus | Oferty Powitalne i Promocyjne<\/title>\n<meta name=\"description\" content=\"Tesor Casino Bonus \u2013 odkryj ekscytuj\u0105ce pakiety powitalne, oferty do\u0142adowania i darmowe spiny. Ciesz si\u0119 cotygodniowym cashbackiem, turniejami i ekskluzywnymi nagrodami dost\u0119pnymi w Tesorcasino.\" \/>\n<meta name=\"robots\" content=\"index, follow, max-snippet:-1, max-image-preview:large, max-video-preview:-1\" \/>\n<link rel=\"canonical\" href=\"https:\/\/thetesorcasino.com\/pl\/bonus\/\" \/>\n<meta property=\"og:locale\" content=\"pl_PL\" \/>\n<meta property=\"og:type\" content=\"article\" \/>\n<meta property=\"og:title\" content=\"Tesor Casino Bonus | Oferty Powitalne i Promocyjne\" \/>\n<meta property=\"og:description\" content=\"Tesor Casino Bonus \u2013 odkryj ekscytuj\u0105ce pakiety powitalne, oferty do\u0142adowania i darmowe spiny. Ciesz si\u0119 cotygodniowym cashbackiem, turniejami i ekskluzywnymi nagrodami dost\u0119pnymi w Tesorcasino.\" \/>\n<meta property=\"og:url\" content=\"https:\/\/thetesorcasino.com\/pl\/bonus\/\" \/>\n<meta property=\"og:site_name\" content=\"tesorcasino\" \/>\n<meta property=\"article:modified_time\" content=\"2026-03-05T14:38:15+00:00\" \/>\n<meta name=\"twitter:card\" content=\"summary_large_image\" \/>\n<meta name=\"twitter:label1\" content=\"Est. reading time\" \/>\n\t<meta name=\"twitter:data1\" content=\"1 minute\" \/>\n<script type=\"application\/ld+json\" class=\"yoast-schema-graph\">{\"@context\":\"https:\\\/\\\/schema.org\",\"@graph\":[{\"@type\":\"WebPage\",\"@id\":\"https:\\\/\\\/thetesorcasino.com\\\/pl\\\/bonus\\\/\",\"url\":\"https:\\\/\\\/thetesorcasino.com\\\/pl\\\/bonus\\\/\",\"name\":\"Tesor Casino Bonus | Oferty Powitalne i Promocyjne\",\"isPartOf\":{\"@id\":\"https:\\\/\\\/thetesorcasino.com\\\/pl\\\/#website\"},\"datePublished\":\"2026-01-20T12:21:20+00:00\",\"dateModified\":\"2026-03-05T14:38:15+00:00\",\"description\":\"Tesor Casino Bonus \u2013 odkryj ekscytuj\u0105ce pakiety powitalne, oferty do\u0142adowania i darmowe spiny. Ciesz si\u0119 cotygodniowym cashbackiem, turniejami i ekskluzywnymi nagrodami dost\u0119pnymi w Tesorcasino.\",\"breadcrumb\":{\"@id\":\"https:\\\/\\\/thetesorcasino.com\\\/pl\\\/bonus\\\/#breadcrumb\"},\"inLanguage\":\"pl-PL\",\"potentialAction\":[{\"@type\":\"ReadAction\",\"target\":[\"https:\\\/\\\/thetesorcasino.com\\\/pl\\\/bonus\\\/\"]}]},{\"@type\":\"BreadcrumbList\",\"@id\":\"https:\\\/\\\/thetesorcasino.com\\\/pl\\\/bonus\\\/#breadcrumb\",\"itemListElement\":[{\"@type\":\"ListItem\",\"position\":1,\"name\":\"Tesorcasino\",\"item\":\"https:\\\/\\\/thetesorcasino.com\\\/pl\\\/\"},{\"@type\":\"ListItem\",\"position\":2,\"name\":\"Bonus\"}]},{\"@type\":\"WebSite\",\"@id\":\"https:\\\/\\\/thetesorcasino.com\\\/pl\\\/#website\",\"url\":\"https:\\\/\\\/thetesorcasino.com\\\/pl\\\/\",\"name\":\"Tesorcasino\",\"description\":\"\",\"publisher\":{\"@id\":\"https:\\\/\\\/thetesorcasino.com\\\/pl\\\/#organization\"},\"potentialAction\":[{\"@type\":\"SearchAction\",\"target\":{\"@type\":\"EntryPoint\",\"urlTemplate\":\"https:\\\/\\\/thetesorcasino.com\\\/pl\\\/?s={search_term_string}\"},\"query-input\":{\"@type\":\"PropertyValueSpecification\",\"valueRequired\":true,\"valueName\":\"search_term_string\"}}],\"inLanguage\":\"pl-PL\"},{\"@type\":\"Organization\",\"@id\":\"https:\\\/\\\/thetesorcasino.com\\\/pl\\\/#organization\",\"name\":\"Tesorcasino\",\"url\":\"https:\\\/\\\/thetesorcasino.com\\\/pl\\\/\",\"logo\":{\"@type\":\"ImageObject\",\"inLanguage\":\"pl-PL\",\"@id\":\"https:\\\/\\\/thetesorcasino.com\\\/pl\\\/#\\\/schema\\\/logo\\\/image\\\/\",\"url\":\"https:\\\/\\\/thetesorcasino.com\\\/wp-content\\\/uploads\\\/2026\\\/03\\\/Tesorcasino-logo.png\",\"contentUrl\":\"https:\\\/\\\/thetesorcasino.com\\\/wp-content\\\/uploads\\\/2026\\\/03\\\/Tesorcasino-logo.png\",\"width\":246,\"height\":44,\"caption\":\"Tesorcasino\"},\"image\":{\"@id\":\"https:\\\/\\\/thetesorcasino.com\\\/pl\\\/#\\\/schema\\\/logo\\\/image\\\/\"}}]}<\/script>\n<!-- \/ Yoast SEO plugin. -->","yoast_head_json":{"title":"Tesor Casino Bonus | Oferty Powitalne i Promocyjne","description":"Tesor Casino Bonus \u2013 odkryj ekscytuj\u0105ce pakiety powitalne, oferty do\u0142adowania i darmowe spiny. Ciesz si\u0119 cotygodniowym cashbackiem, turniejami i ekskluzywnymi nagrodami dost\u0119pnymi w Tesorcasino.","robots":{"index":"index","follow":"follow","max-snippet":"max-snippet:-1","max-image-preview":"max-image-preview:large","max-video-preview":"max-video-preview:-1"},"canonical":"https:\/\/thetesorcasino.com\/pl\/bonus\/","og_locale":"pl_PL","og_type":"article","og_title":"Tesor Casino Bonus | Oferty Powitalne i Promocyjne","og_description":"Tesor Casino Bonus \u2013 odkryj ekscytuj\u0105ce pakiety powitalne, oferty do\u0142adowania i darmowe spiny. Ciesz si\u0119 cotygodniowym cashbackiem, turniejami i ekskluzywnymi nagrodami dost\u0119pnymi w Tesorcasino.","og_url":"https:\/\/thetesorcasino.com\/pl\/bonus\/","og_site_name":"tesorcasino","article_modified_time":"2026-03-05T14:38:15+00:00","twitter_card":"summary_large_image","twitter_misc":{"Est. reading time":"1 minute"},"schema":{"@context":"https:\/\/schema.org","@graph":[{"@type":"WebPage","@id":"https:\/\/thetesorcasino.com\/pl\/bonus\/","url":"https:\/\/thetesorcasino.com\/pl\/bonus\/","name":"Tesor Casino Bonus | Oferty Powitalne i Promocyjne","isPartOf":{"@id":"https:\/\/thetesorcasino.com\/pl\/#website"},"datePublished":"2026-01-20T12:21:20+00:00","dateModified":"2026-03-05T14:38:15+00:00","description":"Tesor Casino Bonus \u2013 odkryj ekscytuj\u0105ce pakiety powitalne, oferty do\u0142adowania i darmowe spiny. Ciesz si\u0119 cotygodniowym cashbackiem, turniejami i ekskluzywnymi nagrodami dost\u0119pnymi w Tesorcasino.","breadcrumb":{"@id":"https:\/\/thetesorcasino.com\/pl\/bonus\/#breadcrumb"},"inLanguage":"pl-PL","potentialAction":[{"@type":"ReadAction","target":["https:\/\/thetesorcasino.com\/pl\/bonus\/"]}]},{"@type":"BreadcrumbList","@id":"https:\/\/thetesorcasino.com\/pl\/bonus\/#breadcrumb","itemListElement":[{"@type":"ListItem","position":1,"name":"Tesorcasino","item":"https:\/\/thetesorcasino.com\/pl\/"},{"@type":"ListItem","position":2,"name":"Bonus"}]},{"@type":"WebSite","@id":"https:\/\/thetesorcasino.com\/pl\/#website","url":"https:\/\/thetesorcasino.com\/pl\/","name":"Tesorcasino","description":"","publisher":{"@id":"https:\/\/thetesorcasino.com\/pl\/#organization"},"potentialAction":[{"@type":"SearchAction","target":{"@type":"EntryPoint","urlTemplate":"https:\/\/thetesorcasino.com\/pl\/?s={search_term_string}"},"query-input":{"@type":"PropertyValueSpecification","valueRequired":true,"valueName":"search_term_string"}}],"inLanguage":"pl-PL"},{"@type":"Organization","@id":"https:\/\/thetesorcasino.com\/pl\/#organization","name":"Tesorcasino","url":"https:\/\/thetesorcasino.com\/pl\/","logo":{"@type":"ImageObject","inLanguage":"pl-PL","@id":"https:\/\/thetesorcasino.com\/pl\/#\/schema\/logo\/image\/","url":"https:\/\/thetesorcasino.com\/wp-content\/uploads\/2026\/03\/Tesorcasino-logo.png","contentUrl":"https:\/\/thetesorcasino.com\/wp-content\/uploads\/2026\/03\/Tesorcasino-logo.png","width":246,"height":44,"caption":"Tesorcasino"},"image":{"@id":"https:\/\/thetesorcasino.com\/pl\/#\/schema\/logo\/image\/"}}]}},"_links":{"self":[{"href":"https:\/\/thetesorcasino.com\/pl\/wp-json\/wp\/v2\/pages\/1459","targetHints":{"allow":["GET"]}}],"collection":[{"href":"https:\/\/thetesorcasino.com\/pl\/wp-json\/wp\/v2\/pages"}],"about":[{"href":"https:\/\/thetesorcasino.com\/pl\/wp-json\/wp\/v2\/types\/page"}],"author":[{"embeddable":true,"href":"https:\/\/thetesorcasino.com\/pl\/wp-json\/wp\/v2\/users\/1"}],"replies":[{"embeddable":true,"href":"https:\/\/thetesorcasino.com\/pl\/wp-json\/wp\/v2\/comments?post=1459"}],"version-history":[{"count":3,"href":"https:\/\/thetesorcasino.com\/pl\/wp-json\/wp\/v2\/pages\/1459\/revisions"}],"predecessor-version":[{"id":2079,"href":"https:\/\/thetesorcasino.com\/pl\/wp-json\/wp\/v2\/pages\/1459\/revisions\/2079"}],"wp:attachment":[{"href":"https:\/\/thetesorcasino.com\/pl\/wp-json\/wp\/v2\/media?parent=1459"}],"curies":[{"name":"wp","href":"https:\/\/api.w.org\/{rel}","templated":true}]}}