{"id":1486,"date":"2026-01-20T12:11:11","date_gmt":"2026-01-20T12:11:11","guid":{"rendered":"https:\/\/bonuskongcasino.com\/login-and-registration\/"},"modified":"2026-03-05T14:36:20","modified_gmt":"2026-03-05T14:36:20","slug":"logowanie-i-rejestracja","status":"publish","type":"page","link":"https:\/\/thetesorcasino.com\/pl\/logowanie-i-rejestracja\/","title":{"rendered":"Logowanie i rejestracja"},"content":{"rendered":"<h1>Logowanie i rejestracja konta w kasynie Tesor<\/h1>\n<p>Pocz\u0105wszy od rejestracji i Tesor Casino login, wszystkie dzia\u0142ania zapewniaj\u0105 polskim graczom bezpieczne, wydajne i przyjemne \u015brodowisko. Tesor Casino ceni sobie bezpiecze\u0144stwo, wygodny dost\u0119p i holistyczn\u0105 rozrywk\u0119. Dzi\u0119ki naszej opcji logowania uzyskasz \u0142atwy dost\u0119p do pe\u0142noprawnej platformy, kt\u00f3ra oferuje liczne zestawy gier, unikalne bonusy oraz spersonalizowane funkcje i us\u0142ugi dostosowane do wszystkich Twoich potrzeb.<\/p>\n<p><div class=\"banner-wrap\" aria-label=\"Banner\"><img src=\"https:\/\/thetesorcasino.com\/wp-content\/uploads\/2026\/03\/tesorcasino-bnr-pc-2.webp\" class=\"w-100 d-none d-lg-block img-pc main-banner-img\" alt=\"tesorcasino banner desktop\" fetchpriority=\"high\" decoding=\"async\"><img src=\"https:\/\/thetesorcasino.com\/wp-content\/uploads\/2026\/03\/tesorcasino-banner-mobile.webp\" class=\"w-100 d-none d-md-block d-lg-none main-banner-img\" alt=\"tesorcasino banner mobile\" fetchpriority=\"high\" decoding=\"async\"><img src=\"https:\/\/thetesorcasino.com\/wp-content\/uploads\/2026\/03\/tesorcasino-banner-mobile.webp\" class=\"w-100 d-md-none\" alt=\"tesorcasino banner mobile\" fetchpriority=\"high\" decoding=\"async\"><div class=\"banner-description\">\n<div class=\"banner-title\">Bonusy powitalne<\/div>\n<p class=\"banner-header-title\">\u20ac3,000<\/p>\n<div class=\"banner-header-AdditionalText\">+ 300 Darmowe spiny<\/div>\n<button data-item=\"homepage_banner_link\" class=\"goto m-button m-gradient-border m-button--primary m-button--large banner-button btn-orange\">\n            <div class=\"m-button-content\">\n                <span>Zarejestruj si\u0119 teraz<\/span>\n                <span><\/span>\n            <\/div>\n        <\/button>\n<\/div>\n<div class=\"WelcomePack\">\n<p><img loading=\"lazy\" decoding=\"async\" class=\"alignnone size-full wp-image-2025\" src=\"https:\/\/thetesorcasino.com\/wp-content\/uploads\/welcome-crown.png\" alt=\"welcome crown\" width=\"25\" height=\"26\" \/><\/p>\n<div class=\"WelcomePack-Info\">Cotygodniowy zwrot got\u00f3wki do 25%<\/div>\n<p><img loading=\"lazy\" decoding=\"async\" class=\"alignnone size-full wp-image-2025\" src=\"https:\/\/thetesorcasino.com\/wp-content\/uploads\/welcome-crown.png\" alt=\"welcome crown\" width=\"25\" height=\"26\" \/><\/p>\n<\/div>\n<\/div><div class=\"scrollable-content-wrap my-5\"><div class=\"scrollable-content-inner\"><h2>Rejestracja nowego u\u017cytkownika w Tesor Casino<\/h2>\n<p>Posiadanie konta w Tesor Casino zapewni Ci pe\u0142ny dost\u0119p do wszystkich naszych produkt\u00f3w hazardowych. Przygotowali\u015bmy dla Ciebie ponad 6000 tytu\u0142\u00f3w w r\u00f3\u017cnych automatach, w tym fajne ksi\u0105\u017cki, niesamowite zakr\u0119ty ko\u0142a i gor\u0105ce gry kasynowe na \u017cywo.<\/p>\n<p>Rejestracja zapewnia dost\u0119p do naszej ogromnej biblioteki gier, a tak\u017ce daje szans\u0119 na zdobycie lukratywnych bonus\u00f3w, promocji i spersonalizowanych ofert.<\/p>\n<p>Procedura rejestracji jest prosta, dzi\u0119ki czemu nowi gracze mog\u0105 \u0142atwo i bezpiecznie za\u0142o\u017cy\u0107 w\u0142asne konta.<\/p>\n<h3>Kroki rejestracji w Tesorcasino<\/h3>\n<p>Ca\u0142a rejestracja w Tesorcasino przebiega szybko:<\/p>\n<ol>\n<li>Kliknij przycisk \u201eZarejestruj si\u0119\u201d w prawym g\u00f3rnym rogu.<\/li>\n<li>Powitamy Ci\u0119 banerem z naszym pakietem powitalnym o warto\u015bci do 3000 \u20ac + 500 darmowych spin\u00f3w.<\/li>\n<li>Nale\u017cy wprowadzi\u0107 sw\u00f3j adres e-mail.<\/li>\n<li>Kliknij poni\u017cej i wprowad\u017a has\u0142o.<\/li>\n<li>Wprowad\u017a kod promocyjny \u2013 w tym celu zapisz si\u0119 do naszego newslettera promocyjnego; mo\u017cesz zaznaczy\u0107 pola poni\u017cej. Mo\u017cesz otrzyma\u0107 bonusy lub darmowe spiny, aby Twoje pierwsze do\u015bwiadczenia z gr\u0105 by\u0142y bardziej interesuj\u0105ce.<\/li>\n<li>Potwierd\u017a, \u017ce masz uko\u0144czone 18 lat i akceptujesz Warunki u\u017cytkowania oraz Polityk\u0119 prywatno\u015bci.<\/li>\n<li>Sfinalizuj rejestracj\u0119, wype\u0142niaj\u0105c formularz.<\/li>\n<\/ol>\n<p>Kolejnym krokiem po rejestracji jest weryfikacja konta, kt\u00f3ra pomaga zabezpieczy\u0107 Tw\u00f3j profil i zapewni\u0107 zgodno\u015b\u0107 z wymogami bezpiecze\u0144stwa.<\/p>\n<p><img loading=\"lazy\" decoding=\"async\" class=\"alignnone size-full wp-image-2008\" src=\"https:\/\/thetesorcasino.com\/wp-content\/uploads\/2026\/03\/Tesorcasino-login-page.webp\" alt=\"Tesorcasino login page\" width=\"1248\" height=\"536\" srcset=\"https:\/\/thetesorcasino.com\/wp-content\/uploads\/2026\/03\/Tesorcasino-login-page.webp 1248w, https:\/\/thetesorcasino.com\/wp-content\/uploads\/2026\/03\/Tesorcasino-login-page-300x129.webp 300w, https:\/\/thetesorcasino.com\/wp-content\/uploads\/2026\/03\/Tesorcasino-login-page-1024x440.webp 1024w, https:\/\/thetesorcasino.com\/wp-content\/uploads\/2026\/03\/Tesorcasino-login-page-768x330.webp 768w\" sizes=\"auto, (max-width: 1248px) 100vw, 1248px\" \/><\/p>\n<h2>Proces logowania do Tesor Casino<\/h2>\n<p>Gratulujemy rejestracji konta w Tesorcasino! Cieszymy si\u0119, \u017ce do\u0142\u0105czy\u0142e\u015b do nas. Teraz nadszed\u0142 czas na pierwsze logowanie do Tesor Casino. Platforma jest szybka i bezpieczna w dost\u0119pie poprzez logowanie. Aby to zrobi\u0107:<\/p>\n<table>\n<tbody>\n<tr>\n<td>Czynno\u015b\u0107<\/td>\n<td>Kluczowe informacje<\/td>\n<\/tr>\n<tr>\n<td>Otw\u00f3rz stron\u0119 g\u0142\u00f3wn\u0105 Tesorcasino<\/td>\n<td>Upewnij si\u0119, \u017ce jeste\u015b na naszej stronie internetowej, aby zabezpieczy\u0107 swoje konto.<\/td>\n<\/tr>\n<tr>\n<td>Znajd\u017a sekcj\u0119 logowania<\/td>\n<td>Obszar logowania jest wyra\u017anie widoczny, aby zapewni\u0107 szybki dost\u0119p.<\/td>\n<\/tr>\n<tr>\n<td>Wprowad\u017a sw\u00f3j zarejestrowany adres e-mail<\/td>\n<td>U\u017cyj adresu e-mail, kt\u00f3ry poda\u0142e\u015b podczas rejestracji w Tesor Casino.<\/td>\n<\/tr>\n<tr>\n<td>Wprowad\u017a swoje has\u0142o<\/td>\n<td>Upewnij si\u0119, \u017ce has\u0142o jest poprawne; dla wygody rozwa\u017c u\u017cycie mened\u017cera hase\u0142.<\/td>\n<\/tr>\n<tr>\n<td>Kliknij przycisk logowania do Tesor Casino<\/td>\n<td>Umo\u017cliwi to dost\u0119p do osobistego panelu u\u017cytkownika i wszystkich funkcji platformy.<\/td>\n<\/tr>\n<\/tbody>\n<\/table>\n<p>Opr\u00f3cz tradycyjnych metod logowania, Tesor Casino oferuje r\u00f3wnie\u017c alternatyw\u0119 w postaci systemu uwierzytelniania stron trzecich, np. logowania przez Google. Dzi\u0119ki temu nasi gracze mog\u0105 korzysta\u0107 ze swoich kont bez konieczno\u015bci zapami\u0119tywania kolejnych hase\u0142, a bezpiecze\u0144stwo pozostaje na wysokim poziomie. Po zalogowaniu si\u0119 do Tesor Casino mo\u017cesz robi\u0107 wszystko, co chcesz, korzystaj\u0105c z czasu gry \u2014 wp\u0142aca\u0107 i wyp\u0142aca\u0107 wygrane, gra\u0107 w gry i \u0142atwo zarz\u0105dza\u0107 szczeg\u00f3\u0142ami swojego konta.<\/p>\n<h2>Weryfikacja konta i bezpiecze\u0144stwo w Tesorcasino<\/h2>\n<p>Tesor Casino stosuje rozbudowany system weryfikacji w celu zapewnienia bezpiecznego \u015brodowiska gry. Proces ten obejmuje:<\/p>\n<ul>\n<li>Przekazanie formalnych dokument\u00f3w, takich jak dowody osobiste lub paszporty wydane przez rz\u0105d, w celu weryfikacji to\u017csamo\u015bci przez nasz zesp\u00f3\u0142 pomocy technicznej.<\/li>\n<li>Przed\u0142o\u017cenie nam dowodu zamieszkania, rachunk\u00f3w za media itp. w celu potwierdzenia adresu.<\/li>\n<\/ul>\n<p>Po wykonaniu tych czynno\u015bci weryfikujemy to\u017csamo\u015b\u0107 u\u017cytkownika w ci\u0105gu 1\u20132 dni (z wyj\u0105tkiem weekend\u00f3w i \u015bwi\u0105t pa\u0144stwowych). Oznacza to, \u017ce u\u017cytkownik mo\u017ce uzyska\u0107 dost\u0119p do konta w kasynie Tesor i zapozna\u0107 si\u0119 ze wszystkimi informacjami. Dlaczego proces weryfikacji jest w og\u00f3le potrzebny? Poniewa\u017c musimy przestrzega\u0107 wymog\u00f3w prawnych i zapobiega\u0107 nieuprawnionemu dost\u0119powi do kont, umo\u017cliwiamy pe\u0142ny dost\u0119p, w tym wp\u0142aty, wyp\u0142aty i udzia\u0142 w dowolnych grach hazardowych.<\/p>\n<h2>Jak zapewni\u0107 bezpiecze\u0144stwo swojego konta<\/h2>\n<p>Bezpiecze\u0144stwo konta ma kluczowe znaczenie. Tesor Casino zaleca:<\/p>\n<ul>\n<li>U\u017cywanie superbezpiecznych hase\u0142, kt\u00f3rych nikt nie mo\u017ce \u0142atwo z\u0142ama\u0107. Tw\u00f3rz skomplikowane kombinacje liter, cyfr i znak\u00f3w specjalnych.<\/li>\n<li>W\u0142\u0105cz 2FA \u2014 dwusk\u0142adnikowe uwierzytelnianie \u2014 kt\u00f3re znacznie pomaga w ochronie konta. Powinno to stanowi\u0107 dodatkow\u0105 warstw\u0119 zabezpiecze\u0144.<\/li>\n<li>Nie udost\u0119pniaj danych logowania innym osobom. Nawet swoim ch\u0142opakom i dziewczynom.<\/li>\n<\/ul>\n<p>Zmiana danych logowania do Tesor Casino i kontrolowanie aktywno\u015bci na koncie mo\u017ce pom\u00f3c wszystkim naszym graczom unikn\u0105\u0107 w\u0142ama\u0144, oszustw lub innych nieprzyjemnych incydent\u00f3w cybernetycznych.<\/p>\n<h3>Nie pami\u0119tasz has\u0142a?<\/h3>\n<p>Wiemy, jak si\u0119 czujesz. Cieszysz si\u0119, \u017ce w ko\u0144cu mo\u017cesz si\u0119 zrelaksowa\u0107, zagra\u0107 w gry na naszej platformie i zalogowa\u0107 si\u0119 do Tesor Casino. Wpisujesz sw\u00f3j adres e-mail i has\u0142o i widzisz komunikat: \u201eNieprawid\u0142owy login lub has\u0142o\u201d. Nie mo\u017cesz w to uwierzy\u0107 i wpisujesz swoje dane logowania raz po raz. To samo. Niewiarygodne! Ale poczekaj \u2014 jeste\u015bmy po Twojej stronie.<\/p>\n<p>Je\u015bli nie pami\u0119tasz, jak zalogowa\u0107 si\u0119 do Tesor Casino, mamy prost\u0105 procedur\u0119 odzyskiwania has\u0142a:<\/p>\n<ol>\n<li>Kliknij na swoje konto w Tesor Casino i wybierz przycisk \u201eNie pami\u0119tasz has\u0142a?\u201d.<\/li>\n<li>Wys\u0142ali\u015bmy Ci e-mail, aby\u015b m\u00f3g\u0142 utworzy\u0107 nowe, bezpieczne has\u0142o.<\/li>\n<\/ol>\n<p>Zawsze pami\u0119taj, aby sprawdzi\u0107 folder spam, na wypadek gdyby wiadomo\u015b\u0107 e-mail nie dotar\u0142a na czas.<\/p>\n<h2>FAQ<\/h2>\n<h3>Czy mog\u0119 udost\u0119pnia\u0107 m\u00f3j profil w Tesorcasino znajomym lub innym graczom?<\/h3>\n<p>Surowo zabraniamy naszym graczom wsp\u00f3\u0142dzielenia kont lub login\u00f3w Tesorcasino. Ka\u017cdy u\u017cytkownik powinien zachowa\u0107 wy\u0142\u0105czno\u015b\u0107 na swoje konto, aby zapewni\u0107 bezpiecze\u0144stwo i integralno\u015b\u0107. Je\u015bli chcesz dowiedzie\u0107 si\u0119 wi\u0119cej, po prostu napisz do nas na czacie na \u017cywo.<\/p>\n<h3>Czy mog\u0119 zosta\u0107 automatycznie wylogowany?<\/h3>\n<p>Stosujemy silne zabezpieczenia. Je\u015bli nie b\u0119dziesz aktywny przez d\u0142u\u017cszy czas, istnieje mo\u017cliwo\u015b\u0107, \u017ce zostaniesz wylogowany. Ze wzgl\u0119du na ochron\u0119 prywatno\u015bci, Tesor Casino mo\u017ce automatycznie wylogowywa\u0107 u\u017cytkownik\u00f3w po up\u0142ywie okre\u015blonego czasu, aby zapobiec nieautoryzowanemu dost\u0119powi do kont.<\/p>\n<h3>Czy dost\u0119pne jest uwierzytelnianie dwusk\u0142adnikowe?<\/h3>\n<p>Uwierzytelnianie dwusk\u0142adnikowe jest dost\u0119pne i zalecamy jego stosowanie. W\u0142\u0105cz je w ustawieniach konta, aby doda\u0107 dodatkowy poziom bezpiecze\u0144stwa do swojego profilu. Aby uzyska\u0107 wi\u0119cej informacji, napisz do naszego wieloj\u0119zycznego dzia\u0142u pomocy technicznej.<\/p>\n<\/div><\/div><\/p>\n","protected":false},"excerpt":{"rendered":"<p>Logowanie i rejestracja konta w kasynie Tesor Pocz\u0105wszy od rejestracji i Tesor Casino login, wszystkie dzia\u0142ania zapewniaj\u0105 polskim graczom bezpieczne, wydajne i przyjemne \u015brodowisko. Tesor Casino ceni sobie bezpiecze\u0144stwo, wygodny dost\u0119p i holistyczn\u0105 rozrywk\u0119. Dzi\u0119ki naszej opcji logowania uzyskasz \u0142atwy dost\u0119p do pe\u0142noprawnej platformy, kt\u00f3ra oferuje liczne zestawy gier, unikalne bonusy oraz spersonalizowane funkcje i [&hellip;]<\/p>\n","protected":false},"author":1,"featured_media":0,"parent":0,"menu_order":0,"comment_status":"closed","ping_status":"closed","template":"template-builder.php","meta":{"_acf_changed":false,"inline_featured_image":false,"footnotes":""},"class_list":["post-1486","page","type-page","status-publish","hentry"],"acf":[],"yoast_head":"<!-- This site is optimized with the Yoast SEO plugin v27.3 - https:\/\/yoast.com\/product\/yoast-seo-wordpress\/ -->\n<title>Tesor Casino Login \u2013 Zaloguj si\u0119 bezpiecznie do swojego konta w kasynie<\/title>\n<meta name=\"description\" content=\"Tesor Casino Login \u2013 zaloguj si\u0119 bezpiecznie do swojego konta w kasynie z szyfrowanym dost\u0119pem i szybk\u0105 weryfikacj\u0105. Zarz\u0105dzaj odzyskiwaniem has\u0142a, ustawieniami profilu i narz\u0119dziami konta \u0142atwo w Tesorcasino.\" \/>\n<meta name=\"robots\" content=\"index, follow, max-snippet:-1, max-image-preview:large, max-video-preview:-1\" \/>\n<link rel=\"canonical\" href=\"https:\/\/thetesorcasino.com\/pl\/logowanie-i-rejestracja\/\" \/>\n<meta property=\"og:locale\" content=\"pl_PL\" \/>\n<meta property=\"og:type\" content=\"article\" \/>\n<meta property=\"og:title\" content=\"Tesor Casino Login \u2013 Zaloguj si\u0119 bezpiecznie do swojego konta w kasynie\" \/>\n<meta property=\"og:description\" content=\"Tesor Casino Login \u2013 zaloguj si\u0119 bezpiecznie do swojego konta w kasynie z szyfrowanym dost\u0119pem i szybk\u0105 weryfikacj\u0105. Zarz\u0105dzaj odzyskiwaniem has\u0142a, ustawieniami profilu i narz\u0119dziami konta \u0142atwo w Tesorcasino.\" \/>\n<meta property=\"og:url\" content=\"https:\/\/thetesorcasino.com\/pl\/logowanie-i-rejestracja\/\" \/>\n<meta property=\"og:site_name\" content=\"tesorcasino\" \/>\n<meta property=\"article:modified_time\" content=\"2026-03-05T14:36:20+00:00\" \/>\n<meta name=\"twitter:card\" content=\"summary_large_image\" \/>\n<meta name=\"twitter:label1\" content=\"Est. reading time\" \/>\n\t<meta name=\"twitter:data1\" content=\"1 minute\" \/>\n<script type=\"application\/ld+json\" class=\"yoast-schema-graph\">{\"@context\":\"https:\\\/\\\/schema.org\",\"@graph\":[{\"@type\":\"WebPage\",\"@id\":\"https:\\\/\\\/thetesorcasino.com\\\/pl\\\/logowanie-i-rejestracja\\\/\",\"url\":\"https:\\\/\\\/thetesorcasino.com\\\/pl\\\/logowanie-i-rejestracja\\\/\",\"name\":\"Tesor Casino Login \u2013 Zaloguj si\u0119 bezpiecznie do swojego konta w kasynie\",\"isPartOf\":{\"@id\":\"https:\\\/\\\/thetesorcasino.com\\\/pl\\\/#website\"},\"datePublished\":\"2026-01-20T12:11:11+00:00\",\"dateModified\":\"2026-03-05T14:36:20+00:00\",\"description\":\"Tesor Casino Login \u2013 zaloguj si\u0119 bezpiecznie do swojego konta w kasynie z szyfrowanym dost\u0119pem i szybk\u0105 weryfikacj\u0105. Zarz\u0105dzaj odzyskiwaniem has\u0142a, ustawieniami profilu i narz\u0119dziami konta \u0142atwo w Tesorcasino.\",\"breadcrumb\":{\"@id\":\"https:\\\/\\\/thetesorcasino.com\\\/pl\\\/logowanie-i-rejestracja\\\/#breadcrumb\"},\"inLanguage\":\"pl-PL\",\"potentialAction\":[{\"@type\":\"ReadAction\",\"target\":[\"https:\\\/\\\/thetesorcasino.com\\\/pl\\\/logowanie-i-rejestracja\\\/\"]}]},{\"@type\":\"BreadcrumbList\",\"@id\":\"https:\\\/\\\/thetesorcasino.com\\\/pl\\\/logowanie-i-rejestracja\\\/#breadcrumb\",\"itemListElement\":[{\"@type\":\"ListItem\",\"position\":1,\"name\":\"Tesorcasino\",\"item\":\"https:\\\/\\\/thetesorcasino.com\\\/pl\\\/\"},{\"@type\":\"ListItem\",\"position\":2,\"name\":\"Logowanie i rejestracja\"}]},{\"@type\":\"WebSite\",\"@id\":\"https:\\\/\\\/thetesorcasino.com\\\/pl\\\/#website\",\"url\":\"https:\\\/\\\/thetesorcasino.com\\\/pl\\\/\",\"name\":\"Tesorcasino\",\"description\":\"\",\"publisher\":{\"@id\":\"https:\\\/\\\/thetesorcasino.com\\\/pl\\\/#organization\"},\"potentialAction\":[{\"@type\":\"SearchAction\",\"target\":{\"@type\":\"EntryPoint\",\"urlTemplate\":\"https:\\\/\\\/thetesorcasino.com\\\/pl\\\/?s={search_term_string}\"},\"query-input\":{\"@type\":\"PropertyValueSpecification\",\"valueRequired\":true,\"valueName\":\"search_term_string\"}}],\"inLanguage\":\"pl-PL\"},{\"@type\":\"Organization\",\"@id\":\"https:\\\/\\\/thetesorcasino.com\\\/pl\\\/#organization\",\"name\":\"Tesorcasino\",\"url\":\"https:\\\/\\\/thetesorcasino.com\\\/pl\\\/\",\"logo\":{\"@type\":\"ImageObject\",\"inLanguage\":\"pl-PL\",\"@id\":\"https:\\\/\\\/thetesorcasino.com\\\/pl\\\/#\\\/schema\\\/logo\\\/image\\\/\",\"url\":\"https:\\\/\\\/thetesorcasino.com\\\/wp-content\\\/uploads\\\/2026\\\/03\\\/Tesorcasino-logo.png\",\"contentUrl\":\"https:\\\/\\\/thetesorcasino.com\\\/wp-content\\\/uploads\\\/2026\\\/03\\\/Tesorcasino-logo.png\",\"width\":246,\"height\":44,\"caption\":\"Tesorcasino\"},\"image\":{\"@id\":\"https:\\\/\\\/thetesorcasino.com\\\/pl\\\/#\\\/schema\\\/logo\\\/image\\\/\"}}]}<\/script>\n<!-- \/ Yoast SEO plugin. -->","yoast_head_json":{"title":"Tesor Casino Login \u2013 Zaloguj si\u0119 bezpiecznie do swojego konta w kasynie","description":"Tesor Casino Login \u2013 zaloguj si\u0119 bezpiecznie do swojego konta w kasynie z szyfrowanym dost\u0119pem i szybk\u0105 weryfikacj\u0105. Zarz\u0105dzaj odzyskiwaniem has\u0142a, ustawieniami profilu i narz\u0119dziami konta \u0142atwo w Tesorcasino.","robots":{"index":"index","follow":"follow","max-snippet":"max-snippet:-1","max-image-preview":"max-image-preview:large","max-video-preview":"max-video-preview:-1"},"canonical":"https:\/\/thetesorcasino.com\/pl\/logowanie-i-rejestracja\/","og_locale":"pl_PL","og_type":"article","og_title":"Tesor Casino Login \u2013 Zaloguj si\u0119 bezpiecznie do swojego konta w kasynie","og_description":"Tesor Casino Login \u2013 zaloguj si\u0119 bezpiecznie do swojego konta w kasynie z szyfrowanym dost\u0119pem i szybk\u0105 weryfikacj\u0105. Zarz\u0105dzaj odzyskiwaniem has\u0142a, ustawieniami profilu i narz\u0119dziami konta \u0142atwo w Tesorcasino.","og_url":"https:\/\/thetesorcasino.com\/pl\/logowanie-i-rejestracja\/","og_site_name":"tesorcasino","article_modified_time":"2026-03-05T14:36:20+00:00","twitter_card":"summary_large_image","twitter_misc":{"Est. reading time":"1 minute"},"schema":{"@context":"https:\/\/schema.org","@graph":[{"@type":"WebPage","@id":"https:\/\/thetesorcasino.com\/pl\/logowanie-i-rejestracja\/","url":"https:\/\/thetesorcasino.com\/pl\/logowanie-i-rejestracja\/","name":"Tesor Casino Login \u2013 Zaloguj si\u0119 bezpiecznie do swojego konta w kasynie","isPartOf":{"@id":"https:\/\/thetesorcasino.com\/pl\/#website"},"datePublished":"2026-01-20T12:11:11+00:00","dateModified":"2026-03-05T14:36:20+00:00","description":"Tesor Casino Login \u2013 zaloguj si\u0119 bezpiecznie do swojego konta w kasynie z szyfrowanym dost\u0119pem i szybk\u0105 weryfikacj\u0105. Zarz\u0105dzaj odzyskiwaniem has\u0142a, ustawieniami profilu i narz\u0119dziami konta \u0142atwo w Tesorcasino.","breadcrumb":{"@id":"https:\/\/thetesorcasino.com\/pl\/logowanie-i-rejestracja\/#breadcrumb"},"inLanguage":"pl-PL","potentialAction":[{"@type":"ReadAction","target":["https:\/\/thetesorcasino.com\/pl\/logowanie-i-rejestracja\/"]}]},{"@type":"BreadcrumbList","@id":"https:\/\/thetesorcasino.com\/pl\/logowanie-i-rejestracja\/#breadcrumb","itemListElement":[{"@type":"ListItem","position":1,"name":"Tesorcasino","item":"https:\/\/thetesorcasino.com\/pl\/"},{"@type":"ListItem","position":2,"name":"Logowanie i rejestracja"}]},{"@type":"WebSite","@id":"https:\/\/thetesorcasino.com\/pl\/#website","url":"https:\/\/thetesorcasino.com\/pl\/","name":"Tesorcasino","description":"","publisher":{"@id":"https:\/\/thetesorcasino.com\/pl\/#organization"},"potentialAction":[{"@type":"SearchAction","target":{"@type":"EntryPoint","urlTemplate":"https:\/\/thetesorcasino.com\/pl\/?s={search_term_string}"},"query-input":{"@type":"PropertyValueSpecification","valueRequired":true,"valueName":"search_term_string"}}],"inLanguage":"pl-PL"},{"@type":"Organization","@id":"https:\/\/thetesorcasino.com\/pl\/#organization","name":"Tesorcasino","url":"https:\/\/thetesorcasino.com\/pl\/","logo":{"@type":"ImageObject","inLanguage":"pl-PL","@id":"https:\/\/thetesorcasino.com\/pl\/#\/schema\/logo\/image\/","url":"https:\/\/thetesorcasino.com\/wp-content\/uploads\/2026\/03\/Tesorcasino-logo.png","contentUrl":"https:\/\/thetesorcasino.com\/wp-content\/uploads\/2026\/03\/Tesorcasino-logo.png","width":246,"height":44,"caption":"Tesorcasino"},"image":{"@id":"https:\/\/thetesorcasino.com\/pl\/#\/schema\/logo\/image\/"}}]}},"_links":{"self":[{"href":"https:\/\/thetesorcasino.com\/pl\/wp-json\/wp\/v2\/pages\/1486","targetHints":{"allow":["GET"]}}],"collection":[{"href":"https:\/\/thetesorcasino.com\/pl\/wp-json\/wp\/v2\/pages"}],"about":[{"href":"https:\/\/thetesorcasino.com\/pl\/wp-json\/wp\/v2\/types\/page"}],"author":[{"embeddable":true,"href":"https:\/\/thetesorcasino.com\/pl\/wp-json\/wp\/v2\/users\/1"}],"replies":[{"embeddable":true,"href":"https:\/\/thetesorcasino.com\/pl\/wp-json\/wp\/v2\/comments?post=1486"}],"version-history":[{"count":3,"href":"https:\/\/thetesorcasino.com\/pl\/wp-json\/wp\/v2\/pages\/1486\/revisions"}],"predecessor-version":[{"id":2078,"href":"https:\/\/thetesorcasino.com\/pl\/wp-json\/wp\/v2\/pages\/1486\/revisions\/2078"}],"wp:attachment":[{"href":"https:\/\/thetesorcasino.com\/pl\/wp-json\/wp\/v2\/media?parent=1486"}],"curies":[{"name":"wp","href":"https:\/\/api.w.org\/{rel}","templated":true}]}}